{"id":20055,"date":"2024-06-01T07:10:26","date_gmt":"2024-06-01T05:10:26","guid":{"rendered":"https:\/\/hurt.wineport.pl\/?product=oliwa-elizondo-luxury-z-czarna-trufla-200-ml-2"},"modified":"2024-06-07T13:58:37","modified_gmt":"2024-06-07T11:58:37","slug":"oliwa-elizondo-luxury-z-czarna-trufla-200-ml-2","status":"publish","type":"product","link":"https:\/\/hurt.wineport.pl\/?product=oliwa-elizondo-luxury-z-czarna-trufla-200-ml-2","title":{"rendered":"Oliwa Elizondo Luxury z czarn\u0105 trufl\u0105 200 ml"},"content":{"rendered":"<p>Seria Elizondo Luxury to mieszanka oliw przenikni\u0119ta aromatami naturalnych dodatk\u00f3w. Przy ich u\u017cyciu w \u0142atwy spos\u00f3b mo\u017cna nada\u0107 potrawom wyszukane\u00a0akcenty.<\/p>\n<p>Oliwa z oliwek z czarn\u0105 trufl\u0105. To sk\u0142adnik, kt\u00f3ry podkre\u015bla i podnosi walory r\u00f3\u017cnych potraw, szczeg\u00f3lnie mi\u0119s, ser\u00f3w i da\u0144 z makaronu czy ry\u017cu. Z racji wyj\u0105tkowo\u015bci czarnej trufli, polecamy \u0142\u0105czy\u0107 t\u0119 oliw\u0119 z innymi produktami wysokiej jako\u015bci, aby\u00a0uzyska\u0107 jeszcze bardziej spektakularne wra\u017cenia smakowe.\u00a0<\/p>\n","protected":false},"excerpt":{"rendered":"<p>Seria Elizondo Luxury to mieszanka oliw przenikni\u0119ta aromatami naturalnych dodatk\u00f3w. Przy ich u\u017cyciu w \u0142atwy spos\u00f3b mo\u017cna nada\u0107 potrawom wyszukane\u00a0akcenty.<\/p>\n<p>Oliwa z oliwek z czarn\u0105 trufl\u0105. To sk\u0142adnik, kt\u00f3ry podkre\u015bla i podnosi walory r\u00f3\u017cnych potraw, szczeg\u00f3lnie mi\u0119s, ser\u00f3w i da\u0144 z makaronu czy ry\u017cu. Z racji wyj\u0105tkowo\u015bci czarnej trufli, polecamy \u0142\u0105czy\u0107 t\u0119 oliw\u0119 z innymi produktami wysokiej jako\u015bci, aby\u00a0uzyska\u0107 jeszcze bardziej spektakularne wra\u017cenia smakowe.\u00a0<\/p>\n","protected":false},"featured_media":19207,"comment_status":"open","ping_status":"closed","template":"","meta":[],"product_cat":[15,282,286],"product_tag":[],"class_list":{"0":"post-20055","1":"product","2":"type-product","3":"status-publish","4":"has-post-thumbnail","6":"product_cat-inne","7":"product_cat-delikatesy","8":"product_cat-oliwa-z-oliwek","10":"first","11":"instock","12":"sale","13":"shipping-taxable","14":"purchasable","15":"product-type-simple"},"_links":{"self":[{"href":"https:\/\/hurt.wineport.pl\/index.php?rest_route=\/wp\/v2\/product\/20055","targetHints":{"allow":["GET"]}}],"collection":[{"href":"https:\/\/hurt.wineport.pl\/index.php?rest_route=\/wp\/v2\/product"}],"about":[{"href":"https:\/\/hurt.wineport.pl\/index.php?rest_route=\/wp\/v2\/types\/product"}],"replies":[{"embeddable":true,"href":"https:\/\/hurt.wineport.pl\/index.php?rest_route=%2Fwp%2Fv2%2Fcomments&post=20055"}],"wp:featuredmedia":[{"embeddable":true,"href":"https:\/\/hurt.wineport.pl\/index.php?rest_route=\/wp\/v2\/media\/19207"}],"wp:attachment":[{"href":"https:\/\/hurt.wineport.pl\/index.php?rest_route=%2Fwp%2Fv2%2Fmedia&parent=20055"}],"wp:term":[{"taxonomy":"product_cat","embeddable":true,"href":"https:\/\/hurt.wineport.pl\/index.php?rest_route=%2Fwp%2Fv2%2Fproduct_cat&post=20055"},{"taxonomy":"product_tag","embeddable":true,"href":"https:\/\/hurt.wineport.pl\/index.php?rest_route=%2Fwp%2Fv2%2Fproduct_tag&post=20055"}],"curies":[{"name":"wp","href":"https:\/\/api.w.org\/{rel}","templated":true}]}}