{"id":20067,"date":"2024-06-01T07:10:28","date_gmt":"2024-06-01T05:10:28","guid":{"rendered":"https:\/\/hurt.wineport.pl\/?product=kawa-coffeeport-basic-espresso-blend-1kg-ziarna-2"},"modified":"2024-06-07T13:45:37","modified_gmt":"2024-06-07T11:45:37","slug":"kawa-coffeeport-basic-espresso-blend-1kg-ziarna-2","status":"publish","type":"product","link":"https:\/\/hurt.wineport.pl\/?product=kawa-coffeeport-basic-espresso-blend-1kg-ziarna-2","title":{"rendered":"KAWA COFFEEPORT Basic Espresso blend 1KG ZIARNA"},"content":{"rendered":"<p><strong>Espresso blend\u00a0<span style=\"font-family: &quot;;\">70% arabiki 30% robusty. 1KG<\/span><\/strong><\/p>\n<p><span style=\"font-family: &quot;;\">Klasyczna \u015brednio ciemno palona kompozycja do wszystkich rodzaj\u00f3w ekspres\u00f3w ci\u015bnieniowych 70% arabiki 30% robusty. Mieszanka kaw z Ameryki Po\u0142udniowej oraz Indii. \u015awie\u017co palona kawa o dobrze zbalansowanej i niskiej kwasowo\u015bci.<\/span><\/p>\n","protected":false},"excerpt":{"rendered":"<p><strong>Espresso blend\u00a0<span style=\"font-family: &quot;;\">70% arabiki 30% robusty. 1KG<\/span><\/strong><\/p>\n<p><span style=\"font-family: &quot;;\">Klasyczna \u015brednio ciemno palona kompozycja do wszystkich rodzaj\u00f3w ekspres\u00f3w ci\u015bnieniowych 70% arabiki 30% robusty. Mieszanka kaw z Ameryki Po\u0142udniowej oraz Indii. \u015awie\u017co palona kawa o dobrze zbalansowanej i niskiej kwasowo\u015bci.<\/span><\/p>\n","protected":false},"featured_media":19243,"comment_status":"open","ping_status":"closed","template":"","meta":[],"product_cat":[15,282,284],"product_tag":[],"class_list":{"0":"post-20067","1":"product","2":"type-product","3":"status-publish","4":"has-post-thumbnail","6":"product_cat-inne","7":"product_cat-delikatesy","8":"product_cat-kawa","10":"first","11":"instock","12":"sale","13":"shipping-taxable","14":"purchasable","15":"product-type-simple"},"_links":{"self":[{"href":"https:\/\/hurt.wineport.pl\/index.php?rest_route=\/wp\/v2\/product\/20067","targetHints":{"allow":["GET"]}}],"collection":[{"href":"https:\/\/hurt.wineport.pl\/index.php?rest_route=\/wp\/v2\/product"}],"about":[{"href":"https:\/\/hurt.wineport.pl\/index.php?rest_route=\/wp\/v2\/types\/product"}],"replies":[{"embeddable":true,"href":"https:\/\/hurt.wineport.pl\/index.php?rest_route=%2Fwp%2Fv2%2Fcomments&post=20067"}],"wp:featuredmedia":[{"embeddable":true,"href":"https:\/\/hurt.wineport.pl\/index.php?rest_route=\/wp\/v2\/media\/19243"}],"wp:attachment":[{"href":"https:\/\/hurt.wineport.pl\/index.php?rest_route=%2Fwp%2Fv2%2Fmedia&parent=20067"}],"wp:term":[{"taxonomy":"product_cat","embeddable":true,"href":"https:\/\/hurt.wineport.pl\/index.php?rest_route=%2Fwp%2Fv2%2Fproduct_cat&post=20067"},{"taxonomy":"product_tag","embeddable":true,"href":"https:\/\/hurt.wineport.pl\/index.php?rest_route=%2Fwp%2Fv2%2Fproduct_tag&post=20067"}],"curies":[{"name":"wp","href":"https:\/\/api.w.org\/{rel}","templated":true}]}}