{"id":20083,"date":"2024-06-01T08:17:10","date_gmt":"2024-06-01T06:17:10","guid":{"rendered":"https:\/\/hurt.wineport.pl\/?product=la-vigilia-caput-mundi-rosso-del-veneto-igt-075l-2"},"modified":"2024-06-07T14:01:26","modified_gmt":"2024-06-07T12:01:26","slug":"la-vigilia-caput-mundi-rosso-del-veneto-igt-075l-2","status":"publish","type":"product","link":"https:\/\/hurt.wineport.pl\/?product=la-vigilia-caput-mundi-rosso-del-veneto-igt-075l-2","title":{"rendered":"LA VIGILIA Caput Mundi Rosso del Veneto IGT 0,75l"},"content":{"rendered":"<p><strong>Nagrody:<\/strong>\u00a092 pkt od Luca Maroni! Z\u0142oty medal Mundus Vini.<br \/><strong>Terroir:<\/strong>\u00a0Pag\u00f3rkowata winnica o po\u0142udniowej ekspozycji na obszarze Valpolicella oraz pag\u00f3rkowata winnica na wzg\u00f3rzach Euganejskich w regionie Veneto.<br \/><strong>Winogrona:<\/strong>\u00a050% Corvina 15% Rondinella 35% Cabernet Sauvignon.<br \/><strong>Zawarto\u015b\u0107 alkoholu:<\/strong>\u00a015%<br \/><strong>Kolor:<\/strong>\u00a0Jasno rubinowy.<br \/><strong>Smak:<\/strong>\u00a0Pe\u0142ny, aksamitnie g\u0142adki, z d\u0142ugim posmakiem.<br \/><strong>Bukiet:\u00a0<\/strong>Intensywny na pocz\u0105tku, wi\u015bniowy aromat typowy dla winogron Corvina, przechodz\u0105cy w nuty czekoladowe.<br \/><strong>Sugestie kulinarne:<\/strong>\u00a0\u015awietne do wszystkich czerwonych mi\u0119s oraz \u015brednio dojrza\u0142ych ser\u00f3w.\u00a0<br \/><strong>Temperatura podania:<\/strong>\u00a018-20<span style=\"font-size: 11.9px; font-family: sans-serif; background-color: #f8f8f8;\">\u00b0C<\/span><\/p>\n","protected":false},"excerpt":{"rendered":"<p><strong>Nagrody:<\/strong>\u00a092 pkt od Luca Maroni! Z\u0142oty medal Mundus Vini.<br \/><strong>Terroir:<\/strong>\u00a0Pag\u00f3rkowata winnica o po\u0142udniowej ekspozycji na obszarze Valpolicella oraz pag\u00f3rkowata winnica na wzg\u00f3rzach Euganejskich w regionie Veneto.<br \/><strong>Winogrona:<\/strong>\u00a050% Corvina 15% Rondinella 35% Cabernet Sauvignon.<br \/><strong>Zawarto\u015b\u0107 alkoholu:<\/strong>\u00a015%<br \/><strong>Kolor:<\/strong>\u00a0Jasno rubinowy.<br \/><strong>Smak:<\/strong>\u00a0Pe\u0142ny, aksamitnie g\u0142adki, z d\u0142ugim posmakiem.<br \/><strong>Bukiet:\u00a0<\/strong>Intensywny na pocz\u0105tku, wi\u015bniowy aromat typowy dla winogron Corvina, przechodz\u0105cy w nuty czekoladowe.<br \/><strong>Sugestie kulinarne:<\/strong>\u00a0\u015awietne do wszystkich czerwonych mi\u0119s oraz \u015brednio dojrza\u0142ych ser\u00f3w.\u00a0<br \/><strong>Temperatura podania:<\/strong>\u00a018-20<span style=\"font-size: 11.9px; font-family: sans-serif; background-color: #f8f8f8;\">\u00b0C<\/span><\/p>\n","protected":false},"featured_media":19291,"comment_status":"open","ping_status":"closed","template":"","meta":[],"product_cat":[314,15,274],"product_tag":[],"class_list":{"0":"post-20083","1":"product","2":"type-product","3":"status-publish","4":"has-post-thumbnail","6":"product_cat-veneto","7":"product_cat-inne","8":"product_cat-wlochy","10":"first","11":"instock","12":"sale","13":"shipping-taxable","14":"purchasable","15":"product-type-simple"},"_links":{"self":[{"href":"https:\/\/hurt.wineport.pl\/index.php?rest_route=\/wp\/v2\/product\/20083","targetHints":{"allow":["GET"]}}],"collection":[{"href":"https:\/\/hurt.wineport.pl\/index.php?rest_route=\/wp\/v2\/product"}],"about":[{"href":"https:\/\/hurt.wineport.pl\/index.php?rest_route=\/wp\/v2\/types\/product"}],"replies":[{"embeddable":true,"href":"https:\/\/hurt.wineport.pl\/index.php?rest_route=%2Fwp%2Fv2%2Fcomments&post=20083"}],"wp:featuredmedia":[{"embeddable":true,"href":"https:\/\/hurt.wineport.pl\/index.php?rest_route=\/wp\/v2\/media\/19291"}],"wp:attachment":[{"href":"https:\/\/hurt.wineport.pl\/index.php?rest_route=%2Fwp%2Fv2%2Fmedia&parent=20083"}],"wp:term":[{"taxonomy":"product_cat","embeddable":true,"href":"https:\/\/hurt.wineport.pl\/index.php?rest_route=%2Fwp%2Fv2%2Fproduct_cat&post=20083"},{"taxonomy":"product_tag","embeddable":true,"href":"https:\/\/hurt.wineport.pl\/index.php?rest_route=%2Fwp%2Fv2%2Fproduct_tag&post=20083"}],"curies":[{"name":"wp","href":"https:\/\/api.w.org\/{rel}","templated":true}]}}