{"id":20084,"date":"2024-06-01T08:17:10","date_gmt":"2024-06-01T06:17:10","guid":{"rendered":"https:\/\/hurt.wineport.pl\/?product=la-vigilia-valpolicella-ripasso-doc-075l-2"},"modified":"2024-06-07T14:01:26","modified_gmt":"2024-06-07T12:01:26","slug":"la-vigilia-valpolicella-ripasso-doc-075l-2","status":"publish","type":"product","link":"https:\/\/hurt.wineport.pl\/?product=la-vigilia-valpolicella-ripasso-doc-075l-2","title":{"rendered":"LA VIGILIA Valpolicella Ripasso DOC 0,75l"},"content":{"rendered":"<p><strong>Nagrody:<\/strong>\u00a092 pkt od Luca Maroni!<br \/><strong>Terroir:<\/strong>\u00a0Pag\u00f3rkowata winnica o po\u0142udniowej ekspozycji na obszarze Valpolicella, w regionie Veneto.<br \/><strong>Winogrona:<\/strong>\u00a0Corvina Rondinella Molinara.<br \/><strong>Zawarto\u015b\u0107 alkoholu:<\/strong>\u00a014%<br \/><strong>Kolor:\u00a0<\/strong>Aksamitnie\u00a0rubinowa czerwie\u0144 z odcieniami granatu.<br \/><strong>Smak:<\/strong>\u00a0Wytrawny, aksamitny, zr\u00f3wnowa\u017cony.<br \/><strong>Bukiet:\u00a0<\/strong>Przyjemny, nuty gorzkich migda\u0142\u00f3w i czarnej wi\u015bni.<br \/><strong>Sugestie kulinarne:<\/strong>\u00a0\u015awietne do pierwszych da\u0144, wszystkich czerwonych mi\u0119s oraz ser\u00f3w.\u00a0<br \/><strong>Temperatura podania:<\/strong>\u00a018-20<span style=\"font-size: 11.9px; font-family: sans-serif; background-color: #f8f8f8;\">\u00b0C<\/span><\/p>\n","protected":false},"excerpt":{"rendered":"<p><strong>Nagrody:<\/strong>\u00a092 pkt od Luca Maroni!<br \/><strong>Terroir:<\/strong>\u00a0Pag\u00f3rkowata winnica o po\u0142udniowej ekspozycji na obszarze Valpolicella, w regionie Veneto.<br \/><strong>Winogrona:<\/strong>\u00a0Corvina Rondinella Molinara.<br \/><strong>Zawarto\u015b\u0107 alkoholu:<\/strong>\u00a014%<br \/><strong>Kolor:\u00a0<\/strong>Aksamitnie\u00a0rubinowa czerwie\u0144 z odcieniami granatu.<br \/><strong>Smak:<\/strong>\u00a0Wytrawny, aksamitny, zr\u00f3wnowa\u017cony.<br \/><strong>Bukiet:\u00a0<\/strong>Przyjemny, nuty gorzkich migda\u0142\u00f3w i czarnej wi\u015bni.<br \/><strong>Sugestie kulinarne:<\/strong>\u00a0\u015awietne do pierwszych da\u0144, wszystkich czerwonych mi\u0119s oraz ser\u00f3w.\u00a0<br \/><strong>Temperatura podania:<\/strong>\u00a018-20<span style=\"font-size: 11.9px; font-family: sans-serif; background-color: #f8f8f8;\">\u00b0C<\/span><\/p>\n","protected":false},"featured_media":19294,"comment_status":"open","ping_status":"closed","template":"","meta":[],"product_cat":[314,15,274],"product_tag":[],"class_list":{"0":"post-20084","1":"product","2":"type-product","3":"status-publish","4":"has-post-thumbnail","6":"product_cat-veneto","7":"product_cat-inne","8":"product_cat-wlochy","10":"first","11":"instock","12":"sale","13":"shipping-taxable","14":"purchasable","15":"product-type-simple"},"_links":{"self":[{"href":"https:\/\/hurt.wineport.pl\/index.php?rest_route=\/wp\/v2\/product\/20084","targetHints":{"allow":["GET"]}}],"collection":[{"href":"https:\/\/hurt.wineport.pl\/index.php?rest_route=\/wp\/v2\/product"}],"about":[{"href":"https:\/\/hurt.wineport.pl\/index.php?rest_route=\/wp\/v2\/types\/product"}],"replies":[{"embeddable":true,"href":"https:\/\/hurt.wineport.pl\/index.php?rest_route=%2Fwp%2Fv2%2Fcomments&post=20084"}],"wp:featuredmedia":[{"embeddable":true,"href":"https:\/\/hurt.wineport.pl\/index.php?rest_route=\/wp\/v2\/media\/19294"}],"wp:attachment":[{"href":"https:\/\/hurt.wineport.pl\/index.php?rest_route=%2Fwp%2Fv2%2Fmedia&parent=20084"}],"wp:term":[{"taxonomy":"product_cat","embeddable":true,"href":"https:\/\/hurt.wineport.pl\/index.php?rest_route=%2Fwp%2Fv2%2Fproduct_cat&post=20084"},{"taxonomy":"product_tag","embeddable":true,"href":"https:\/\/hurt.wineport.pl\/index.php?rest_route=%2Fwp%2Fv2%2Fproduct_tag&post=20084"}],"curies":[{"name":"wp","href":"https:\/\/api.w.org\/{rel}","templated":true}]}}