{"id":20093,"date":"2024-06-01T08:17:11","date_gmt":"2024-06-01T06:17:11","guid":{"rendered":"https:\/\/hurt.wineport.pl\/?product=pinataro-primitivo-puglia-igp-13"},"modified":"2024-06-07T13:35:59","modified_gmt":"2024-06-07T11:35:59","slug":"pinataro-primitivo-puglia-igp-13","status":"publish","type":"product","link":"https:\/\/hurt.wineport.pl\/?product=pinataro-primitivo-puglia-igp-13","title":{"rendered":"PINATARO PRIMITIVO PUGLIA IGP 13%"},"content":{"rendered":"<p><strong>Pinataro Primitivo Puglia Tagaro zosta\u0142o nagrodzone 95 punktami u Luca Maroni.<\/strong><\/p>\n<p>Pinataro Primitivo Puglia Tiagaro to wyj\u0105tkowe wino, kt\u00f3re zabiera Ci\u0119 w podr\u00f3\u017c do s\u0142onecznej Puglii, regionu znanej z doskona\u0142ych win i pi\u0119knych krajobraz\u00f3w. To czerwone wino, kt\u00f3re urzeka swoj\u0105 g\u0142\u0119bi\u0105 smaku i aromatycznym bogactwem, jest prawdziwym wyra\u017ceniem charakteru tego regionu.<\/p>\n<p>Ju\u017c przy pierwszym w\u0105chaniu mo\u017cna poczu\u0107 zapach soczystych, dojrza\u0142ych owoc\u00f3w, g\u0142\u00f3wnie czarnych jag\u00f3d i \u015bliwek. Towarzysz\u0105 im subtelne nuty przypraw, kt\u00f3re dodaj\u0105 winu niepowtarzalnego charakteru. Aromat jest intensywny i przyjemny, zapraszaj\u0105c Ci\u0119 do odkrywania jego pe\u0142 Pinataro Primitivo Puglia Tiagaro zaskakuje smakiem, kt\u00f3ry jest r\u00f3wnie g\u0142\u0119boki jak jego aromat. Wino jest pe\u0142ne i wyraziste, z aksamitnymi taninami, kt\u00f3re otulaj\u0105 podniebienie. Smak dojrza\u0142ych owoc\u00f3w, g\u0142\u00f3wnie \u015bliwek i je\u017cyn, harmonizuje z delikatnymi nutami wanilii i korzennymi akcentami. To wino ma d\u0142ugie i eleganckie wyko\u0144czenie, kt\u00f3re pozostawia trwa\u0142e wra\u017cenie.<\/p>\n<p>Pinataro Primitivo Puglia Tiagaro pochodzi z regionu Puglia, kt\u00f3ry s\u0142ynie z uprawy odmiany Primitivo, znanej r\u00f3wnie\u017c jako Zinfandel. Klimat tego regionu sprzyja dojrzewaniu winogron, co przek\u0142ada si\u0119 na jako\u015b\u0107 wina.<\/p>\n<p>To doskona\u0142e wino do towarzystwa. Pasuje zar\u00f3wno do lekkich przek\u0105sek jak i do bardziej wykwintnych da\u0144 kuchni w\u0142oskiej, takich jak lasagne, spaghetti bolognese czy pieczone mi\u0119sa. Jest r\u00f3wnie\u017c wspania\u0142ym towarzyszem wieczornych spotka\u0144 przy kominku czy romantycznych kolacji.<\/p>\n<p>Pinataro Primitivo Puglia Tiagaro to wino, kt\u00f3re nie tylko zachwyci Ci\u0119 swoim smakiem, ale tak\u017ce przeniesie Ci\u0119 na wyimaginowan\u0105 podr\u00f3\u017c do s\u0142onecznej Italii. Jest to wyj\u0105tkowe po\u0142\u0105czenie tradycji i nowoczesno\u015bci, kt\u00f3re z pewno\u015bci\u0105 przypadnie do gustu mi\u0142o\u015bnikom dobrych win.<\/p>\n","protected":false},"excerpt":{"rendered":"<p><strong>Pinataro Primitivo Puglia Tagaro zosta\u0142o nagrodzone 95 punktami u Luca Maroni.<\/strong><\/p>\n<p>Pinataro Primitivo Puglia Tiagaro to wyj\u0105tkowe wino, kt\u00f3re zabiera Ci\u0119 w podr\u00f3\u017c do s\u0142onecznej Puglii, regionu znanej z doskona\u0142ych win i pi\u0119knych krajobraz\u00f3w. To czerwone wino, kt\u00f3re urzeka swoj\u0105 g\u0142\u0119bi\u0105 smaku i aromatycznym bogactwem, jest prawdziwym wyra\u017ceniem charakteru tego regionu.<\/p>\n<p>Ju\u017c przy pierwszym w\u0105chaniu mo\u017cna poczu\u0107 zapach soczystych, dojrza\u0142ych owoc\u00f3w, g\u0142\u00f3wnie czarnych jag\u00f3d i \u015bliwek. Towarzysz\u0105 im subtelne nuty przypraw, kt\u00f3re dodaj\u0105 winu niepowtarzalnego charakteru. Aromat jest intensywny i przyjemny, zapraszaj\u0105c Ci\u0119 do odkrywania jego pe\u0142 Pinataro Primitivo Puglia Tiagaro zaskakuje smakiem, kt\u00f3ry jest r\u00f3wnie g\u0142\u0119boki jak jego aromat. Wino jest pe\u0142ne i wyraziste, z aksamitnymi taninami, kt\u00f3re otulaj\u0105 podniebienie. Smak dojrza\u0142ych owoc\u00f3w, g\u0142\u00f3wnie \u015bliwek i je\u017cyn, harmonizuje z delikatnymi nutami wanilii i korzennymi akcentami. To wino ma d\u0142ugie i eleganckie wyko\u0144czenie, kt\u00f3re pozostawia trwa\u0142e wra\u017cenie.<\/p>\n<p>Pinataro Primitivo Puglia Tiagaro pochodzi z regionu Puglia, kt\u00f3ry s\u0142ynie z uprawy odmiany Primitivo, znanej r\u00f3wnie\u017c jako Zinfandel. Klimat tego regionu sprzyja dojrzewaniu winogron, co przek\u0142ada si\u0119 na jako\u015b\u0107 wina.<\/p>\n<p>To doskona\u0142e wino do towarzystwa. Pasuje zar\u00f3wno do lekkich przek\u0105sek jak i do bardziej wykwintnych da\u0144 kuchni w\u0142oskiej, takich jak lasagne, spaghetti bolognese czy pieczone mi\u0119sa. Jest r\u00f3wnie\u017c wspania\u0142ym towarzyszem wieczornych spotka\u0144 przy kominku czy romantycznych kolacji.<\/p>\n<p>Pinataro Primitivo Puglia Tiagaro to wino, kt\u00f3re nie tylko zachwyci Ci\u0119 swoim smakiem, ale tak\u017ce przeniesie Ci\u0119 na wyimaginowan\u0105 podr\u00f3\u017c do s\u0142onecznej Italii. Jest to wyj\u0105tkowe po\u0142\u0105czenie tradycji i nowoczesno\u015bci, kt\u00f3re z pewno\u015bci\u0105 przypadnie do gustu mi\u0142o\u015bnikom dobrych win.<\/p>\n","protected":false},"featured_media":19321,"comment_status":"open","ping_status":"closed","template":"","meta":[],"product_cat":[15,274,280],"product_tag":[],"class_list":{"0":"post-20093","1":"product","2":"type-product","3":"status-publish","4":"has-post-thumbnail","6":"product_cat-inne","7":"product_cat-wlochy","8":"product_cat-puglia","10":"first","11":"instock","12":"sale","13":"shipping-taxable","14":"purchasable","15":"product-type-simple"},"_links":{"self":[{"href":"https:\/\/hurt.wineport.pl\/index.php?rest_route=\/wp\/v2\/product\/20093","targetHints":{"allow":["GET"]}}],"collection":[{"href":"https:\/\/hurt.wineport.pl\/index.php?rest_route=\/wp\/v2\/product"}],"about":[{"href":"https:\/\/hurt.wineport.pl\/index.php?rest_route=\/wp\/v2\/types\/product"}],"replies":[{"embeddable":true,"href":"https:\/\/hurt.wineport.pl\/index.php?rest_route=%2Fwp%2Fv2%2Fcomments&post=20093"}],"wp:featuredmedia":[{"embeddable":true,"href":"https:\/\/hurt.wineport.pl\/index.php?rest_route=\/wp\/v2\/media\/19321"}],"wp:attachment":[{"href":"https:\/\/hurt.wineport.pl\/index.php?rest_route=%2Fwp%2Fv2%2Fmedia&parent=20093"}],"wp:term":[{"taxonomy":"product_cat","embeddable":true,"href":"https:\/\/hurt.wineport.pl\/index.php?rest_route=%2Fwp%2Fv2%2Fproduct_cat&post=20093"},{"taxonomy":"product_tag","embeddable":true,"href":"https:\/\/hurt.wineport.pl\/index.php?rest_route=%2Fwp%2Fv2%2Fproduct_tag&post=20093"}],"curies":[{"name":"wp","href":"https:\/\/api.w.org\/{rel}","templated":true}]}}