{"id":20095,"date":"2024-06-01T08:17:12","date_gmt":"2024-06-01T06:17:12","guid":{"rendered":"https:\/\/hurt.wineport.pl\/?product=pinataro-negroamaro-tagaro-igp-13"},"modified":"2024-06-07T13:35:59","modified_gmt":"2024-06-07T11:35:59","slug":"pinataro-negroamaro-tagaro-igp-13","status":"publish","type":"product","link":"https:\/\/hurt.wineport.pl\/?product=pinataro-negroamaro-tagaro-igp-13","title":{"rendered":"Pinataro Negroamaro Tagaro IGP 13%"},"content":{"rendered":"<p>Wino Pinataro Negroamaro Tagaro IGP 13% to wyj\u0105tkowy trunek, kt\u00f3ry przenosi Ci\u0119 w podr\u00f3\u017c przez s\u0142oneczne i malownicze winnice po\u0142udniowej Italii. To wino, stworzone z pasj\u0105 i tradycj\u0105, zachwyca swoj\u0105 g\u0142\u0119bi\u0105 smaku i aromatu, kt\u00f3re s\u0105 charakterystyczne dla szczepu Negroamaro, uprawianego na terenach regionu IGP (Indicazione Geografica Protetta) w Apeninach P\u00f3\u0142nocno-Wschodnich.<\/p>\n<p>Bogata, rubinowa barwa tego wina przywodzi na my\u015bl soczy\u015bcie dojrza\u0142e owoce le\u015bne, takie jak czarne porzeczki i je\u017cyny. Aromatyczny nos to harmonia nut owocowych i przypraw, z subtelnym akcentem d\u0119bu i delikatn\u0105 nut\u0105 wanilii. To wino zachwyca r\u00f3wnie\u017c swoj\u0105 intensywno\u015bci\u0105 i z\u0142o\u017cono\u015bci\u0105 zapachu.<\/p>\n<p>Wino Pinataro Negroamaro Tagaro IGP 13% kusi podniebienie jedwabist\u0105 faktur\u0105 i wyra\u017anymi nutami ciemnych owoc\u00f3w, takich jak czarna \u015bliwka i jagody. Delikatna kwasowo\u015b\u0107 dodaje \u015bwie\u017co\u015bci i zr\u00f3wnowa\u017cenia, podczas gdy \u0142agodne, okr\u0105g\u0142e taniny nadaj\u0105 struktur\u0119 i elegancj\u0119 temu trunkowi. Finisz jest d\u0142ugi i przyjemny, pozostawiaj\u0105c wra\u017cenie subtelnej s\u0142odyczy owocowej na podniebieniu.<\/p>\n<p>To doskona\u0142e wino do podkre\u015blenia smaku potraw kuchni w\u0142oskiej, zw\u0142aszcza da\u0144 mi\u0119snych, takich jak duszone ragout, grillowane kie\u0142baski czy pikantne pasty. Mo\u017cesz tak\u017ce delektowa\u0107 si\u0119 nim w samotno\u015bci lub towarzystwie, ciesz\u0105c si\u0119 jego wyrafinowanym smakiem i aromatem.<\/p>\n<p>Pinataro Negroamaro Tagaro IGP 13% to nie tylko wino, to podr\u00f3\u017c do serca Apulii w ka\u017cdym kieliszku. Jego unikalny charakter i wyj\u0105tkowy smak sprawi\u0105, \u017ce stanie si\u0119 ono ulubionym wyborem mi\u0142o\u015bnik\u00f3w w\u0142oskich win i wielbicieli dobrej kuchni.<\/p>\n","protected":false},"excerpt":{"rendered":"<p>Wino Pinataro Negroamaro Tagaro IGP 13% to wyj\u0105tkowy trunek, kt\u00f3ry przenosi Ci\u0119 w podr\u00f3\u017c przez s\u0142oneczne i malownicze winnice po\u0142udniowej Italii. To wino, stworzone z pasj\u0105 i tradycj\u0105, zachwyca swoj\u0105 g\u0142\u0119bi\u0105 smaku i aromatu, kt\u00f3re s\u0105 charakterystyczne dla szczepu Negroamaro, uprawianego na terenach regionu IGP (Indicazione Geografica Protetta) w Apeninach P\u00f3\u0142nocno-Wschodnich.<\/p>\n<p>Bogata, rubinowa barwa tego wina przywodzi na my\u015bl soczy\u015bcie dojrza\u0142e owoce le\u015bne, takie jak czarne porzeczki i je\u017cyny. Aromatyczny nos to harmonia nut owocowych i przypraw, z subtelnym akcentem d\u0119bu i delikatn\u0105 nut\u0105 wanilii. To wino zachwyca r\u00f3wnie\u017c swoj\u0105 intensywno\u015bci\u0105 i z\u0142o\u017cono\u015bci\u0105 zapachu.<\/p>\n<p>Wino Pinataro Negroamaro Tagaro IGP 13% kusi podniebienie jedwabist\u0105 faktur\u0105 i wyra\u017anymi nutami ciemnych owoc\u00f3w, takich jak czarna \u015bliwka i jagody. Delikatna kwasowo\u015b\u0107 dodaje \u015bwie\u017co\u015bci i zr\u00f3wnowa\u017cenia, podczas gdy \u0142agodne, okr\u0105g\u0142e taniny nadaj\u0105 struktur\u0119 i elegancj\u0119 temu trunkowi. Finisz jest d\u0142ugi i przyjemny, pozostawiaj\u0105c wra\u017cenie subtelnej s\u0142odyczy owocowej na podniebieniu.<\/p>\n<p>To doskona\u0142e wino do podkre\u015blenia smaku potraw kuchni w\u0142oskiej, zw\u0142aszcza da\u0144 mi\u0119snych, takich jak duszone ragout, grillowane kie\u0142baski czy pikantne pasty. Mo\u017cesz tak\u017ce delektowa\u0107 si\u0119 nim w samotno\u015bci lub towarzystwie, ciesz\u0105c si\u0119 jego wyrafinowanym smakiem i aromatem.<\/p>\n<p>Pinataro Negroamaro Tagaro IGP 13% to nie tylko wino, to podr\u00f3\u017c do serca Apulii w ka\u017cdym kieliszku. Jego unikalny charakter i wyj\u0105tkowy smak sprawi\u0105, \u017ce stanie si\u0119 ono ulubionym wyborem mi\u0142o\u015bnik\u00f3w w\u0142oskich win i wielbicieli dobrej kuchni.<\/p>\n","protected":false},"featured_media":19327,"comment_status":"open","ping_status":"closed","template":"","meta":[],"product_cat":[15,274,280],"product_tag":[],"class_list":{"0":"post-20095","1":"product","2":"type-product","3":"status-publish","4":"has-post-thumbnail","6":"product_cat-inne","7":"product_cat-wlochy","8":"product_cat-puglia","10":"first","11":"instock","12":"sale","13":"shipping-taxable","14":"purchasable","15":"product-type-simple"},"_links":{"self":[{"href":"https:\/\/hurt.wineport.pl\/index.php?rest_route=\/wp\/v2\/product\/20095","targetHints":{"allow":["GET"]}}],"collection":[{"href":"https:\/\/hurt.wineport.pl\/index.php?rest_route=\/wp\/v2\/product"}],"about":[{"href":"https:\/\/hurt.wineport.pl\/index.php?rest_route=\/wp\/v2\/types\/product"}],"replies":[{"embeddable":true,"href":"https:\/\/hurt.wineport.pl\/index.php?rest_route=%2Fwp%2Fv2%2Fcomments&post=20095"}],"wp:featuredmedia":[{"embeddable":true,"href":"https:\/\/hurt.wineport.pl\/index.php?rest_route=\/wp\/v2\/media\/19327"}],"wp:attachment":[{"href":"https:\/\/hurt.wineport.pl\/index.php?rest_route=%2Fwp%2Fv2%2Fmedia&parent=20095"}],"wp:term":[{"taxonomy":"product_cat","embeddable":true,"href":"https:\/\/hurt.wineport.pl\/index.php?rest_route=%2Fwp%2Fv2%2Fproduct_cat&post=20095"},{"taxonomy":"product_tag","embeddable":true,"href":"https:\/\/hurt.wineport.pl\/index.php?rest_route=%2Fwp%2Fv2%2Fproduct_tag&post=20095"}],"curies":[{"name":"wp","href":"https:\/\/api.w.org\/{rel}","templated":true}]}}