{"id":20102,"date":"2024-06-01T08:45:19","date_gmt":"2024-06-01T06:45:19","guid":{"rendered":"https:\/\/hurt.wineport.pl\/?product=diez-siglos-verdejo-fermentado-en-barrica-d-o-rueda-075l"},"modified":"2024-06-07T13:32:15","modified_gmt":"2024-06-07T11:32:15","slug":"diez-siglos-verdejo-fermentado-en-barrica-d-o-rueda-075l","status":"publish","type":"product","link":"https:\/\/hurt.wineport.pl\/?product=diez-siglos-verdejo-fermentado-en-barrica-d-o-rueda-075l","title":{"rendered":"DIEZ SIGLOS Verdejo Fermentado en Barrica D.O. Rueda 0,75l"},"content":{"rendered":"<p>To bia\u0142e wytrawne wino, w 100% ze szczepu Verdejo, pochodzi z winogron uprawianych w winnicy koronuj\u0105cej wzg\u00f3rza p\u00f3\u0142nocnej Ruedy, pare kilometr\u00f3w od Valladolid.<\/p>\n<p>Wino fermentuje 8 miesi\u0119cy w beczce z francuskiego d\u0119bu.<br \/>Wino \u015bwietnie pasuje do przystawek, owoc\u00f3w morza i bia\u0142ych mi\u0119s.<\/p>\n<p>Wino otrzyma\u0142o z\u0142oty medal Decanter world wine awards oraz 95 punkt\u00f3w od tej instytucji.<\/p>\n","protected":false},"excerpt":{"rendered":"<p>To bia\u0142e wytrawne wino, w 100% ze szczepu Verdejo, pochodzi z winogron uprawianych w winnicy koronuj\u0105cej wzg\u00f3rza p\u00f3\u0142nocnej Ruedy, pare kilometr\u00f3w od Valladolid.<br \/>Wino fermentuje 8 miesi\u0119cy w beczce z francuskiego d\u0119bu.<br \/>Wino \u015bwietnie pasuje do przystawek, owoc\u00f3w morza i bia\u0142ych mi\u0119s.<\/p>\n<p>Wino otrzyma\u0142o z\u0142oty medal Decanter world wine awards oraz 95 punkt\u00f3w od tej instytucji.<\/p>\n","protected":false},"featured_media":19348,"comment_status":"open","ping_status":"closed","template":"","meta":[],"product_cat":[311,15,275],"product_tag":[],"class_list":{"0":"post-20102","1":"product","2":"type-product","3":"status-publish","4":"has-post-thumbnail","6":"product_cat-rueda","7":"product_cat-inne","8":"product_cat-hiszpania","10":"first","11":"instock","12":"sale","13":"shipping-taxable","14":"purchasable","15":"product-type-simple"},"_links":{"self":[{"href":"https:\/\/hurt.wineport.pl\/index.php?rest_route=\/wp\/v2\/product\/20102","targetHints":{"allow":["GET"]}}],"collection":[{"href":"https:\/\/hurt.wineport.pl\/index.php?rest_route=\/wp\/v2\/product"}],"about":[{"href":"https:\/\/hurt.wineport.pl\/index.php?rest_route=\/wp\/v2\/types\/product"}],"replies":[{"embeddable":true,"href":"https:\/\/hurt.wineport.pl\/index.php?rest_route=%2Fwp%2Fv2%2Fcomments&post=20102"}],"wp:featuredmedia":[{"embeddable":true,"href":"https:\/\/hurt.wineport.pl\/index.php?rest_route=\/wp\/v2\/media\/19348"}],"wp:attachment":[{"href":"https:\/\/hurt.wineport.pl\/index.php?rest_route=%2Fwp%2Fv2%2Fmedia&parent=20102"}],"wp:term":[{"taxonomy":"product_cat","embeddable":true,"href":"https:\/\/hurt.wineport.pl\/index.php?rest_route=%2Fwp%2Fv2%2Fproduct_cat&post=20102"},{"taxonomy":"product_tag","embeddable":true,"href":"https:\/\/hurt.wineport.pl\/index.php?rest_route=%2Fwp%2Fv2%2Fproduct_tag&post=20102"}],"curies":[{"name":"wp","href":"https:\/\/api.w.org\/{rel}","templated":true}]}}