{"id":20107,"date":"2024-06-01T08:45:20","date_gmt":"2024-06-01T06:45:20","guid":{"rendered":"https:\/\/hurt.wineport.pl\/?product=diez-siglos-sauvignon-d-o-rueda-075l"},"modified":"2024-06-07T13:32:15","modified_gmt":"2024-06-07T11:32:15","slug":"diez-siglos-sauvignon-d-o-rueda-075l","status":"publish","type":"product","link":"https:\/\/hurt.wineport.pl\/?product=diez-siglos-sauvignon-d-o-rueda-075l","title":{"rendered":"DIEZ SIGLOS Sauvignon D.O Rueda 0,75l"},"content":{"rendered":"<p>To bia\u0142e wytrawne wino, w 100% ze szczepu Sauvignon Blanc, pochodzi z winogron uprawianych w ma\u0142ej winnicy 750 m.n.p.m.<br \/>Winogrona s\u0105 zbierane r\u0119cznie, zawsze noc\u0105, a fermentacja przebiega w niskich temperaturach co gwarantuje najwy\u017csz\u0105 jako\u015bc.<br \/>Blado\u017c\u00f3\u0142te z zielonymi odcieniami, posiada aromaty egzotycznych owoc\u00f3w i \u015bwie\u017co \u015bci\u0119tej trawy, wino sch\u0142odzone najlepiej podawa\u0107 do ryb oraz owoc\u00f3w morza.<\/p>\n<p>Wino otrzyma\u0142o srebrny medal Concours Mondial Bruxelles oraz br\u0105zowy medal Decanter world wine awards.<\/p>\n","protected":false},"excerpt":{"rendered":"<p>To bia\u0142e wytrawne wino, w 100% ze szczepu Sauvignon Blanc, pochodzi z winogron uprawianych w ma\u0142ej winnicy 750 m.n.p.m.<br \/>Winogrona s\u0105 zbierane r\u0119cznie, zawsze noc\u0105, a fermentacja przebiega w niskich temperaturach co gwarantuje najwy\u017csz\u0105 jako\u015bc.<br \/>Blado\u017c\u00f3\u0142te z zielonymi odcieniami, posiada aromaty egzotycznych owoc\u00f3w i \u015bwie\u017co \u015bci\u0119tej trawy, wino sch\u0142odzone najlepiej podawa\u0107 do ryb oraz owoc\u00f3w morza.<\/p>\n<p>Wino otrzyma\u0142o srebrny medal Concours Mondial Bruxelles oraz br\u0105zowy medal Decanter world wine awards.<\/p>\n","protected":false},"featured_media":19363,"comment_status":"open","ping_status":"closed","template":"","meta":[],"product_cat":[311,15,275],"product_tag":[],"class_list":{"0":"post-20107","1":"product","2":"type-product","3":"status-publish","4":"has-post-thumbnail","6":"product_cat-rueda","7":"product_cat-inne","8":"product_cat-hiszpania","10":"first","11":"instock","12":"sale","13":"shipping-taxable","14":"purchasable","15":"product-type-simple"},"_links":{"self":[{"href":"https:\/\/hurt.wineport.pl\/index.php?rest_route=\/wp\/v2\/product\/20107","targetHints":{"allow":["GET"]}}],"collection":[{"href":"https:\/\/hurt.wineport.pl\/index.php?rest_route=\/wp\/v2\/product"}],"about":[{"href":"https:\/\/hurt.wineport.pl\/index.php?rest_route=\/wp\/v2\/types\/product"}],"replies":[{"embeddable":true,"href":"https:\/\/hurt.wineport.pl\/index.php?rest_route=%2Fwp%2Fv2%2Fcomments&post=20107"}],"wp:featuredmedia":[{"embeddable":true,"href":"https:\/\/hurt.wineport.pl\/index.php?rest_route=\/wp\/v2\/media\/19363"}],"wp:attachment":[{"href":"https:\/\/hurt.wineport.pl\/index.php?rest_route=%2Fwp%2Fv2%2Fmedia&parent=20107"}],"wp:term":[{"taxonomy":"product_cat","embeddable":true,"href":"https:\/\/hurt.wineport.pl\/index.php?rest_route=%2Fwp%2Fv2%2Fproduct_cat&post=20107"},{"taxonomy":"product_tag","embeddable":true,"href":"https:\/\/hurt.wineport.pl\/index.php?rest_route=%2Fwp%2Fv2%2Fproduct_tag&post=20107"}],"curies":[{"name":"wp","href":"https:\/\/api.w.org\/{rel}","templated":true}]}}