{"id":20180,"date":"2024-06-08T09:32:01","date_gmt":"2024-06-08T07:32:01","guid":{"rendered":"https:\/\/hurt.wineport.pl\/?product=wino-monasterio-de-san-miguel-crianza-ribera-del-duero-075l"},"modified":"2024-06-08T09:32:01","modified_gmt":"2024-06-08T07:32:01","slug":"wino-monasterio-de-san-miguel-crianza-ribera-del-duero-075l","status":"publish","type":"product","link":"https:\/\/hurt.wineport.pl\/?product=wino-monasterio-de-san-miguel-crianza-ribera-del-duero-075l","title":{"rendered":"Wino MONASTERIO DE SAN MIGUEL CRIANZA &#8211; RIBERA DEL DUERO 0,75L"},"content":{"rendered":"<p><font color=\"#000000\"><font face=\"Times New Roman, serif\"><font size=\"2\">Wina MONASTERIO DE SAN MIGUEL to wielka uczta dla koneser\u00f3w wina, to wina kt\u00f3re si\u0119 wyr\u00f3\u017cniaj\u0105 jako\u015bci\u0105 po\u015br\u00f3d innych win z RIBERA DEL DUERO najlepszego regionu w Hiszpanii, do kt\u00f3rego por\u00f3wnywalne s\u0105 tylko najlepsze bordowskie apelacje jak Pauliac, Pomerol. Czo\u0142owe wino z Ribera del Duero &#8220;VEGA SICILIA&#8221; jest czesto por\u00f3wnywane z najlepszym i najdro\u017cszym wytrawnym winem \u015awiata &#8220;PETRUS&#8221;.<\/font><\/font><\/font><\/p>\n<ul>\n<li>\n<p><font color=\"#000000\"><font face=\"Times New Roman, serif\"><font size=\"2\">WINO MONASTERIO DE SAN MIGUEL CRIANZA to najlepsze wino na EUROGASTRO w Krakowie w 2006roku\u00a0\u00a0<\/font><\/font><\/font><\/p>\n<\/li>\n<li>\n<p><font color=\"#000000\"><font face=\"Times New Roman, serif\"><font size=\"2\">po klasycznym procesie fermentacji wino le\u017cakowa\u0142o 12 miesi\u0119cy w beczkach z ameryka\u0144skiego d\u0119bu. Przed dopuszczeniem do sprzeda\u017cy 6 miesi\u0119cy le\u017cakowa\u0142o w butelkach.<\/font><\/font><\/font><\/p>\n<\/li>\n<li>\n<p><font color=\"#000000\"><font face=\"Times New Roman, serif\"><font size=\"2\">jasny i \u017cywy kolor czerwony<\/font><\/font><\/font><\/p>\n<p><font color=\"#000000\"><font face=\"Times New Roman, serif\"><font size=\"2\">Aromat:<\/font><\/font><\/font><\/p>\n<p><font color=\"#000000\"><font face=\"Times New Roman, serif\"><font size=\"2\">owoce le\u015bne w kompozycji z d\u0119bem<\/font><\/font><\/font><\/p>\n<p><font color=\"#000000\"><font face=\"Times New Roman, serif\"><font size=\"2\">wino o silnym charakterze z doskonale zbalansowanymi, kwaskowatymi taninami. Na finiszu wyczuwalne akcenty kawy i toffi.<\/font><\/font><\/font><\/p>\n<p><font color=\"#000000\"><font face=\"Times New Roman, serif\"><font size=\"2\">Temperatura podawania<\/font><\/font><\/font><\/p>\n<p><font color=\"#000000\"><font face=\"Times New Roman, serif\"><font size=\"2\">16-18 \u00b0C<\/font><\/font><\/font><\/p>\n<p><font color=\"#000000\"><font face=\"Times New Roman, serif\"><font size=\"2\">Potrawa, okazja<\/font><\/font><\/font><\/p>\n<p><font color=\"#000000\"><font face=\"Times New Roman, serif\"><font size=\"2\">polecamy do mi\u0119s z rusztu i grilla, ser\u00f3w, pasztet\u00f3w, zup warzywnych i rybnych.<\/font><\/font><\/font><\/p>\n<\/li>\n<\/ul>\n<p><font color=\"#000000\"><font face=\"Times New Roman, serif\"><font size=\"2\">oto ca\u0142a masa nagr\u00f3d, kt\u00f3re zdoby\u0142o te wino min od wyroczni \u015bwiatowego winiarstwa DECANTER, W 2014r Monasterio MONASTERIO DE SAN MIGUEL CRIANZA zdoby\u0142o 93pkt w skali parkera, w tym pu\u0142apie cenowym to rzecz niebywa\u0142a!<\/font><\/font><\/font><\/p>\n<p><font color=\"#000000\"><font face=\"Times New Roman, serif\"><font size=\"2\"><span lang=\"en-GB\">\u00b7\u00a0\u00a0\u00a0\u00a0\u00a0\u00a0\u00a0\u00a0<\/span><span lang=\"en-GB\"><em><strong>CHOSEN BY THE REGULATORY COUNCIL OF RIBERA DEL DUERO, TO REPRESENT WINES FROM OUR REGION<\/strong><\/em><\/span><\/font><\/font><\/font><\/p>\n<p><font color=\"#000000\">\u00a0\u00a0\u00a0\u00a0\u00a0\u00a0<font face=\"Times New Roman, serif\"><font size=\"2\"><span lang=\"es-ES\">Vinitaly 2003 \u2013 Monasterio de San Miguel \u2013 crianza 2000<\/span><\/font><\/font><\/font><\/p>\n<p><font color=\"#000000\">\u00a0<\/font><\/p>\n<p><font color=\"#000000\">\u00a0<\/font><\/p>\n<p><font color=\"#000000\"><font face=\"Times New Roman, serif\"><font size=\"2\"><span lang=\"es-ES\">\u00b7\u00a0\u00a0\u00a0\u00a0\u00a0\u00a0\u00a0\u00a0<\/span><span lang=\"es-ES\"><em><strong>ZARCILLO WINE AWARDS \u2013 2003 Edition<\/strong><\/em><\/span><\/font><\/font><\/font><\/p>\n<p><font color=\"#000000\">\u00a0\u00a0\u00a0\u00a0\u00a0 <font face=\"Times New Roman, serif\"><font size=\"2\"><span lang=\"es-ES\">Silver prize \u2013 Monasterio de San Miguel \u2013 crianza 2000<\/span><\/font><\/font><\/font><\/p>\n<p><font color=\"#000000\">\u00a0<\/font><\/p>\n<p><font color=\"#000000\"><font face=\"Times New Roman, serif\"><font size=\"2\"><span lang=\"es-ES\">\u00b7\u00a0\u00a0\u00a0\u00a0\u00a0\u00a0\u00a0\u00a0<\/span><span lang=\"es-ES\"><em><strong>BACCHUS WINE AWARDS \u2013 2006 Edition<\/strong><\/em><\/span><\/font><\/font><\/font><\/p>\n<p><font color=\"#000000\">\u00a0\u00a0\u00a0\u00a0\u00a0 <font face=\"Times New Roman, serif\"><font size=\"2\"><span lang=\"es-ES\">Silver award \u2013 Monasterio de San Miguel \u2013 crianza 2002<\/span><\/font><\/font><\/font><\/p>\n<p><font color=\"#000000\">\u00a0<\/font><\/p>\n<p><font color=\"#000000\"><font face=\"Times New Roman, serif\"><font size=\"2\"><span lang=\"en-GB\">\u00b7\u00a0\u00a0\u00a0\u00a0\u00a0\u00a0\u00a0\u00a0<\/span><span lang=\"en-GB\"><em><strong>DECANTER WORLD WINE AWARDS \u2013 2007 Edition<\/strong><\/em><\/span><\/font><\/font><\/font><\/p>\n<p><font color=\"#000000\">\u00a0\u00a0\u00a0\u00a0\u00a0\u00a0<font face=\"Times New Roman, serif\"><font size=\"2\"><span lang=\"es-ES\">Bronze medal \u2013 Monasterio de San Miguel \u2013 crianza 2003<\/span><\/font><\/font><\/font><\/p>\n<p><font color=\"#000000\">\u00a0<\/font><\/p>\n<p><font color=\"#000000\"><font face=\"Times New Roman, serif\"><font size=\"2\"><span lang=\"es-ES\">\u00b7\u00a0\u00a0\u00a0\u00a0\u00a0\u00a0\u00a0\u00a0<\/span><span lang=\"es-ES\"><em><strong>BACCHUS WINE AWARDS \u2013 2008 Edition<\/strong><\/em><\/span><\/font><\/font><\/font><\/p>\n<p><font color=\"#000000\">\u00a0\u00a0\u00a0\u00a0\u00a0\u00a0<font face=\"Times New Roman, serif\"><font size=\"2\"><span lang=\"es-ES\">Silver medal \u2013 Monasterio de San Miguel \u2013 Crianza 2005<\/span><\/font><\/font><\/font><\/p>\n<p><font color=\"#000000\">\u00a0<\/font><\/p>\n<p><strong><font color=\"#000000\"><font face=\"Times New Roman, serif\"><font size=\"2\"><span lang=\"es-ES\"><strong>93 Punkty w PENIN GUIDE &#8211; Crianza 2011<\/strong><\/span><\/font><\/font><\/font><\/strong><\/p>\n<p>\u00a0<\/p>\n","protected":false},"excerpt":{"rendered":"<p><font color=\"#000000\"><font face=\"Times New Roman, serif\"><font size=\"2\">Wina MONASTERIO DE SAN MIGUEL to wielka uczta dla koneser\u00f3w wina, to wina kt\u00f3re si\u0119 wyr\u00f3\u017cniaj\u0105 jako\u015bci\u0105 po\u015br\u00f3d innych win z RIBERA DEL DUERO najlepszego regionu w Hiszpanii, do kt\u00f3rego por\u00f3wnywalne s\u0105 tylko najlepsze bordowskie apelacje jak Pauliac, Pomerol. Czo\u0142owe wino z Ribera del Duero &#8220;VEGA SICILIA&#8221; jest czesto por\u00f3wnywane z najlepszym i najdro\u017cszym wytrawnym winem \u015awiata &#8220;PETRUS&#8221;.<\/font><\/font><\/font><\/p>\n<ul>\n<li>\n<p><font color=\"#000000\"><font face=\"Times New Roman, serif\"><font size=\"2\">WINO MONASTERIO DE SAN MIGUEL CRIANZA to najlepsze wino na EUROGASTRO w Krakowie w 2006roku\u00a0\u00a0<\/font><\/font><\/font><\/p>\n<\/li>\n<li>\n<p><font color=\"#000000\"><font face=\"Times New Roman, serif\"><font size=\"2\">po klasycznym procesie fermentacji wino le\u017cakowa\u0142o 12 miesi\u0119cy w beczkach z ameryka\u0144skiego d\u0119bu. Przed dopuszczeniem do sprzeda\u017cy 6 miesi\u0119cy le\u017cakowa\u0142o w butelkach.<\/font><\/font><\/font><\/p>\n<\/li>\n<li>\n<p><font color=\"#000000\"><font face=\"Times New Roman, serif\"><font size=\"2\">jasny i \u017cywy kolor czerwony<\/font><\/font><\/font><\/p>\n<p><font color=\"#000000\"><font face=\"Times New Roman, serif\"><font size=\"2\">Aromat:<\/font><\/font><\/font><\/p>\n<p><font color=\"#000000\"><font face=\"Times New Roman, serif\"><font size=\"2\">owoce le\u015bne w kompozycji z d\u0119bem<\/font><\/font><\/font><\/p>\n<p><font color=\"#000000\"><font face=\"Times New Roman, serif\"><font size=\"2\">wino o silnym charakterze z doskonale zbalansowanymi, kwaskowatymi taninami. Na finiszu wyczuwalne akcenty kawy i toffi.<\/font><\/font><\/font><\/p>\n<p><font color=\"#000000\"><font face=\"Times New Roman, serif\"><font size=\"2\">Temperatura podawania<\/font><\/font><\/font><\/p>\n<p><font color=\"#000000\"><font face=\"Times New Roman, serif\"><font size=\"2\">16-18 \u00b0C<\/font><\/font><\/font><\/p>\n<p><font color=\"#000000\"><font face=\"Times New Roman, serif\"><font size=\"2\">Potrawa, okazja<\/font><\/font><\/font><\/p>\n<p><font color=\"#000000\"><font face=\"Times New Roman, serif\"><font size=\"2\">polecamy do mi\u0119s z rusztu i grilla, ser\u00f3w, pasztet\u00f3w, zup warzywnych i rybnych.<\/font><\/font><\/font><\/p>\n<\/li>\n<\/ul>\n<p><font color=\"#000000\"><font face=\"Times New Roman, serif\"><font size=\"2\">oto ca\u0142a masa nagr\u00f3d, kt\u00f3re zdoby\u0142o te wino min od wyroczni \u015bwiatowego winiarstwa DECANTER, W 2014r Monasterio MONASTERIO DE SAN MIGUEL CRIANZA zdoby\u0142o 93pkt w skali parkera, w tym pu\u0142apie cenowym to rzecz niebywa\u0142a!<\/font><\/font><\/font><\/p>\n<p><font color=\"#000000\"><font face=\"Times New Roman, serif\"><font size=\"2\"><span lang=\"en-GB\">\u00b7\u00a0\u00a0\u00a0\u00a0\u00a0\u00a0\u00a0\u00a0<\/span><span lang=\"en-GB\"><em><strong>CHOSEN BY THE REGULATORY COUNCIL OF RIBERA DEL DUERO, TO REPRESENT WINES FROM OUR REGION<\/strong><\/em><\/span><\/font><\/font><\/font><\/p>\n<p><font color=\"#000000\">\u00a0\u00a0\u00a0\u00a0\u00a0\u00a0<font face=\"Times New Roman, serif\"><font size=\"2\"><span lang=\"es-ES\">Vinitaly 2003 \u2013 Monasterio de San Miguel \u2013 crianza 2000<\/span><\/font><\/font><\/font><\/p>\n<p><font color=\"#000000\">\u00a0<\/font><\/p>\n<p><font color=\"#000000\">\u00a0<\/font><\/p>\n<p><font color=\"#000000\"><font face=\"Times New Roman, serif\"><font size=\"2\"><span lang=\"es-ES\">\u00b7\u00a0\u00a0\u00a0\u00a0\u00a0\u00a0\u00a0\u00a0<\/span><span lang=\"es-ES\"><em><strong>ZARCILLO WINE AWARDS \u2013 2003 Edition<\/strong><\/em><\/span><\/font><\/font><\/font><\/p>\n<p><font color=\"#000000\">\u00a0\u00a0\u00a0\u00a0\u00a0 <font face=\"Times New Roman, serif\"><font size=\"2\"><span lang=\"es-ES\">Silver prize \u2013 Monasterio de San Miguel \u2013 crianza 2000<\/span><\/font><\/font><\/font><\/p>\n<p><font color=\"#000000\">\u00a0<\/font><\/p>\n<p><font color=\"#000000\"><font face=\"Times New Roman, serif\"><font size=\"2\"><span lang=\"es-ES\">\u00b7\u00a0\u00a0\u00a0\u00a0\u00a0\u00a0\u00a0\u00a0<\/span><span lang=\"es-ES\"><em><strong>BACCHUS WINE AWARDS \u2013 2006 Edition<\/strong><\/em><\/span><\/font><\/font><\/font><\/p>\n<p><font color=\"#000000\">\u00a0\u00a0\u00a0\u00a0\u00a0 <font face=\"Times New Roman, serif\"><font size=\"2\"><span lang=\"es-ES\">Silver award \u2013 Monasterio de San Miguel \u2013 crianza 2002<\/span><\/font><\/font><\/font><\/p>\n<p><font color=\"#000000\">\u00a0<\/font><\/p>\n<p><font color=\"#000000\"><font face=\"Times New Roman, serif\"><font size=\"2\"><span lang=\"en-GB\">\u00b7\u00a0\u00a0\u00a0\u00a0\u00a0\u00a0\u00a0\u00a0<\/span><span lang=\"en-GB\"><em><strong>DECANTER WORLD WINE AWARDS \u2013 2007 Edition<\/strong><\/em><\/span><\/font><\/font><\/font><\/p>\n<p><font color=\"#000000\">\u00a0\u00a0\u00a0\u00a0\u00a0\u00a0<font face=\"Times New Roman, serif\"><font size=\n<\/p>\n","protected":false},"featured_media":0,"comment_status":"open","ping_status":"closed","template":"","meta":[],"product_cat":[15],"product_tag":[],"class_list":{"0":"post-20180","1":"product","2":"type-product","3":"status-publish","5":"product_cat-inne","7":"first","8":"instock","9":"shipping-taxable","10":"purchasable","11":"product-type-simple"},"_links":{"self":[{"href":"https:\/\/hurt.wineport.pl\/index.php?rest_route=\/wp\/v2\/product\/20180","targetHints":{"allow":["GET"]}}],"collection":[{"href":"https:\/\/hurt.wineport.pl\/index.php?rest_route=\/wp\/v2\/product"}],"about":[{"href":"https:\/\/hurt.wineport.pl\/index.php?rest_route=\/wp\/v2\/types\/product"}],"replies":[{"embeddable":true,"href":"https:\/\/hurt.wineport.pl\/index.php?rest_route=%2Fwp%2Fv2%2Fcomments&post=20180"}],"wp:attachment":[{"href":"https:\/\/hurt.wineport.pl\/index.php?rest_route=%2Fwp%2Fv2%2Fmedia&parent=20180"}],"wp:term":[{"taxonomy":"product_cat","embeddable":true,"href":"https:\/\/hurt.wineport.pl\/index.php?rest_route=%2Fwp%2Fv2%2Fproduct_cat&post=20180"},{"taxonomy":"product_tag","embeddable":true,"href":"https:\/\/hurt.wineport.pl\/index.php?rest_route=%2Fwp%2Fv2%2Fproduct_tag&post=20180"}],"curies":[{"name":"wp","href":"https:\/\/api.w.org\/{rel}","templated":true}]}}