{"id":20285,"date":"2024-06-08T09:54:06","date_gmt":"2024-06-08T07:54:06","guid":{"rendered":"https:\/\/hurt.wineport.pl\/?product=chateau-le-bournac-czerwone-wytrawne-075l-2"},"modified":"2024-06-08T09:54:06","modified_gmt":"2024-06-08T07:54:06","slug":"chateau-le-bournac-czerwone-wytrawne-075l-2","status":"publish","type":"product","link":"https:\/\/hurt.wineport.pl\/?product=chateau-le-bournac-czerwone-wytrawne-075l-2","title":{"rendered":"CHATEAU LE BOURNAC &#8211; CZERWONE WYTRAWNE 0,75L"},"content":{"rendered":"<p><font color=\"#000000\"><font face=\"Times New Roman, serif\"><font size=\"2\">Wino sto\u0142owe z po\u0142udnia Francji urzeka z\u0142o\u017conymi aromatami czarnych owoc\u00f3w jak je\u017cyny czy czarna porzeczka.<\/font><\/font><\/font><\/p>\n<p><font color=\"#000000\"><font face=\"Times New Roman, serif\"><font size=\"2\">Serwowane do: ser\u00f3w, wieprzowiny, wo\u0142owiny,<\/font><\/font><\/font><\/p>\n<p><font color=\"#000000\"><font face=\"Times New Roman, serif\"><font size=\"2\">Najlepiej serwowa\u0107 w temperaturze: 16-18\u00a0oC<\/font><\/font><\/font><\/p><\/p>\n","protected":false},"excerpt":{"rendered":"<p><font color=\"#000000\"><font face=\"Times New Roman, serif\"><font size=\"2\">Wino sto\u0142owe z po\u0142udnia Francji urzeka z\u0142o\u017conymi aromatami czarnych owoc\u00f3w jak je\u017cyny czy czarna porzeczka.<\/font><\/font><\/font><\/p>\n<p><font color=\"#000000\"><font face=\"Times New Roman, serif\"><font size=\"2\">Serwowane do: ser\u00f3w, wieprzowiny, wo\u0142owiny,<\/font><\/font><\/font><\/p>\n<p><font color=\"#000000\"><font face=\"Times New Roman, serif\"><font size=\"2\">Najlepiej serwowa\u0107 w temperaturze: 16-18\u00a0oC<\/font><\/font><\/font><\/p><\/p>\n","protected":false},"featured_media":18844,"comment_status":"open","ping_status":"closed","template":"","meta":[],"product_cat":[15],"product_tag":[],"class_list":{"0":"post-20285","1":"product","2":"type-product","3":"status-publish","4":"has-post-thumbnail","6":"product_cat-inne","8":"first","9":"instock","10":"shipping-taxable","11":"purchasable","12":"product-type-simple"},"_links":{"self":[{"href":"https:\/\/hurt.wineport.pl\/index.php?rest_route=\/wp\/v2\/product\/20285","targetHints":{"allow":["GET"]}}],"collection":[{"href":"https:\/\/hurt.wineport.pl\/index.php?rest_route=\/wp\/v2\/product"}],"about":[{"href":"https:\/\/hurt.wineport.pl\/index.php?rest_route=\/wp\/v2\/types\/product"}],"replies":[{"embeddable":true,"href":"https:\/\/hurt.wineport.pl\/index.php?rest_route=%2Fwp%2Fv2%2Fcomments&post=20285"}],"wp:featuredmedia":[{"embeddable":true,"href":"https:\/\/hurt.wineport.pl\/index.php?rest_route=\/wp\/v2\/media\/18844"}],"wp:attachment":[{"href":"https:\/\/hurt.wineport.pl\/index.php?rest_route=%2Fwp%2Fv2%2Fmedia&parent=20285"}],"wp:term":[{"taxonomy":"product_cat","embeddable":true,"href":"https:\/\/hurt.wineport.pl\/index.php?rest_route=%2Fwp%2Fv2%2Fproduct_cat&post=20285"},{"taxonomy":"product_tag","embeddable":true,"href":"https:\/\/hurt.wineport.pl\/index.php?rest_route=%2Fwp%2Fv2%2Fproduct_tag&post=20285"}],"curies":[{"name":"wp","href":"https:\/\/api.w.org\/{rel}","templated":true}]}}