{"id":20335,"date":"2024-06-08T10:00:31","date_gmt":"2024-06-08T08:00:31","guid":{"rendered":"https:\/\/hurt.wineport.pl\/?product=wino-monasterio-de-san-miguel-reserva-ribera-del-duero-075l"},"modified":"2024-06-08T10:00:31","modified_gmt":"2024-06-08T08:00:31","slug":"wino-monasterio-de-san-miguel-reserva-ribera-del-duero-075l","status":"publish","type":"product","link":"https:\/\/hurt.wineport.pl\/?product=wino-monasterio-de-san-miguel-reserva-ribera-del-duero-075l","title":{"rendered":"Wino MONASTERIO DE SAN MIGUEL RESERVA &#8211; RIBERA DEL DUERO 0,75L"},"content":{"rendered":"<p><span style=\"font-weight: 400;\">Wina MONASTERIO DE SAN MIGUEL to wielka uczta dla koneser\u00f3w wina, to wina kt\u00f3re si\u0119 wyr\u00f3\u017cniaj\u0105 jako\u015bci\u0105 po\u015br\u00f3d innych win z RIBERA DEL DUERO najlepszego regionu w Hiszpanii, do kt\u00f3rego por\u00f3wnywalne s\u0105 tylko najlepsze bordowskie apelacje jak Pauliac, Pomerol. Czo\u0142owe wino z Ribera del Duero &#8220;VEGA SICILIA&#8221; jest czesto por\u00f3wnywane z najlepszym i najdro\u017cszym wytrawnym winem \u015awiata &#8220;PETRUS&#8221;.<\/span><br style=\"font-weight: 400;\" \/><br style=\"font-weight: 400;\" \/><br style=\"font-weight: 400;\" \/><span style=\"font-weight: 400;\">Wino by\u0142o odznaczone przez wyrocznie \u015bwiatowego winiarstwa DECANTER:<\/span><br style=\"font-weight: 400;\" \/><br style=\"font-weight: 400;\" \/><\/p>\n<ul>\n<li style=\"font-weight: 400;\"><strong><em>DECANTER WORLD WINE AWARDS \u2013 2008 Edition<\/em><\/strong><\/li>\n<\/ul>\n<p style=\"font-weight: 400;\">\u00a0\u00a0\u00a0\u00a0\u00a0\u00a0Commended medal \u2013 Monasterio de San Miguel \u2013 Reserva 2002<\/p>\n","protected":false},"excerpt":{"rendered":"<p><span style=\"font-weight: 400;\">Wina MONASTERIO DE SAN MIGUEL to wielka uczta dla koneser\u00f3w wina, to wina kt\u00f3re si\u0119 wyr\u00f3\u017cniaj\u0105 jako\u015bci\u0105 po\u015br\u00f3d innych win z RIBERA DEL DUERO najlepszego regionu w Hiszpanii, do kt\u00f3rego por\u00f3wnywalne s\u0105 tylko najlepsze bordowskie apelacje jak Pauliac, Pomerol. Czo\u0142owe wino z Ribera del Duero &#8220;VEGA SICILIA&#8221; jest czesto por\u00f3wnywane z najlepszym i najdro\u017cszym wytrawnym winem \u015awiata &#8220;PETRUS&#8221;.<\/span><br style=\"font-weight: 400;\" \/><br style=\"font-weight: 400;\" \/><br style=\"font-weight: 400;\" \/><span style=\"font-weight: 400;\">Wino by\u0142o odznaczone przez wyrocznie \u015bwiatowego winiarstwa DECANTER:<\/span><br style=\"font-weight: 400;\" \/><br style=\"font-weight: 400;\" \/><\/p>\n<ul>\n<li style=\"font-weight: 400;\"><strong><em>DECANTER WORLD WINE AWARDS \u2013 2008 Edition<\/em><\/strong><\/li>\n<\/ul>\n<p style=\"font-weight: 400;\">\u00a0\u00a0\u00a0\u00a0\u00a0\u00a0Commended medal \u2013 Monasterio de San Miguel \u2013 Reserva 2002<\/p>\n","protected":false},"featured_media":18994,"comment_status":"open","ping_status":"closed","template":"","meta":[],"product_cat":[15],"product_tag":[],"class_list":{"0":"post-20335","1":"product","2":"type-product","3":"status-publish","4":"has-post-thumbnail","6":"product_cat-inne","8":"first","9":"instock","10":"sale","11":"shipping-taxable","12":"purchasable","13":"product-type-simple"},"_links":{"self":[{"href":"https:\/\/hurt.wineport.pl\/index.php?rest_route=\/wp\/v2\/product\/20335","targetHints":{"allow":["GET"]}}],"collection":[{"href":"https:\/\/hurt.wineport.pl\/index.php?rest_route=\/wp\/v2\/product"}],"about":[{"href":"https:\/\/hurt.wineport.pl\/index.php?rest_route=\/wp\/v2\/types\/product"}],"replies":[{"embeddable":true,"href":"https:\/\/hurt.wineport.pl\/index.php?rest_route=%2Fwp%2Fv2%2Fcomments&post=20335"}],"wp:featuredmedia":[{"embeddable":true,"href":"https:\/\/hurt.wineport.pl\/index.php?rest_route=\/wp\/v2\/media\/18994"}],"wp:attachment":[{"href":"https:\/\/hurt.wineport.pl\/index.php?rest_route=%2Fwp%2Fv2%2Fmedia&parent=20335"}],"wp:term":[{"taxonomy":"product_cat","embeddable":true,"href":"https:\/\/hurt.wineport.pl\/index.php?rest_route=%2Fwp%2Fv2%2Fproduct_cat&post=20335"},{"taxonomy":"product_tag","embeddable":true,"href":"https:\/\/hurt.wineport.pl\/index.php?rest_route=%2Fwp%2Fv2%2Fproduct_tag&post=20335"}],"curies":[{"name":"wp","href":"https:\/\/api.w.org\/{rel}","templated":true}]}}