{"id":20416,"date":"2024-06-08T10:09:36","date_gmt":"2024-06-08T08:09:36","guid":{"rendered":"https:\/\/hurt.wineport.pl\/?product=chateau-maledan-bordeaux-blanc-sav-blanc-100-brunot-estate-botled"},"modified":"2024-06-08T10:09:36","modified_gmt":"2024-06-08T08:09:36","slug":"chateau-maledan-bordeaux-blanc-sav-blanc-100-brunot-estate-botled","status":"publish","type":"product","link":"https:\/\/hurt.wineport.pl\/?product=chateau-maledan-bordeaux-blanc-sav-blanc-100-brunot-estate-botled","title":{"rendered":"Ch\u00e2teau Maledan Bordeaux Blanc Sav Blanc 100% BRUNOT ESTATE BOTLED"},"content":{"rendered":"<p>Chateau Maledan Bordeaux Blanc to prawdziwa uczta!\u00a0Produkcja roczna tylko 3000 butelek, a wina s\u0105 dost\u0119pne na zasadzie \u015bcis\u0142ej alokacji, wi\u0119c je\u015bli spr\u00f3bujesz i ci si\u0119 spodoba, dzia\u0142aj szybko bo po wyprzeda\u017cy stoku zazwyczaj musimy czeka\u0107 rok na nast\u0119pna dostaw\u0119 tego wina.<\/p>\n<p>Ch\u00e2teau Maledan Bordeaux Blanc otrzyma\u0142o wiele nagr\u00f3d i wyr\u00f3\u017cnie\u0144. W 2019 roku zdoby\u0142o srebrny medal na Mi\u0119dzynarodowym Konkursie Wina Decanter, a w 2018 roku otrzyma\u0142o br\u0105zowy medal na Concours des Vins de Bordeaux et Aquitaine.<\/p>\n<p>Wino to r\u00f3wnie\u017c zosta\u0142o wyr\u00f3\u017cnione przez krytyka winiarskiego Jamesa Sucklinga, kt\u00f3ry przyzna\u0142 mu 90 punkt\u00f3w z 100 mo\u017cliwych w swojej recenzji.<\/p>\n","protected":false},"excerpt":{"rendered":"<p>Chateau Maledan Bordeaux Blanc to prawdziwa uczta!\u00a0Produkcja roczna tylko 3000 butelek, a wina s\u0105 dost\u0119pne na zasadzie \u015bcis\u0142ej alokacji, wi\u0119c je\u015bli spr\u00f3bujesz i ci si\u0119 spodoba, dzia\u0142aj szybko bo po wyprzeda\u017cy stoku zazwyczaj musimy czeka\u0107 rok na nast\u0119pna dostaw\u0119 tego wina.<\/p>\n<p>Ch\u00e2teau Maledan Bordeaux Blanc otrzyma\u0142o wiele nagr\u00f3d i wyr\u00f3\u017cnie\u0144. W 2019 roku zdoby\u0142o srebrny medal na Mi\u0119dzynarodowym Konkursie Wina Decanter, a w 2018 roku otrzyma\u0142o br\u0105zowy medal na Concours des Vins de Bordeaux et Aquitaine.<\/p>\n<p>Wino to r\u00f3wnie\u017c zosta\u0142o wyr\u00f3\u017cnione przez krytyka winiarskiego Jamesa Sucklinga, kt\u00f3ry przyzna\u0142 mu 90 punkt\u00f3w z 100 mo\u017cliwych w swojej recenzji.<\/p>\n<p>Te Bordeaux Sav Blanc to co\u015b innego jak te znad Loary czy Nowej Zelandii, wino jest bogate w owocowe aromaty owoc\u00f3w tropikalnych\u00a0a zarazem mocne w ustach, daj\u0105c uczucie niesamowitej \u015bwie\u017co\u015bci i wyj\u0105tkow\u0105 d\u0142ugo\u015b\u0107. Nasze wino ma charakterystyczn\u0105 dla odmiany \u015bwie\u017co\u015b\u0107 i zdecydowany charakter, tylko w znacznie bardziej dojrza\u0142ym opakowaniu jak np te z Nowej Zelandii. Wtajemniczeni wiedz\u0105, \u017ce najlepsze na \u015bwiecie Sav. Blanc pochodzi w\u0142a\u015bnie z Bordeaux \ud83d\ude42\u00a0<\/p>\n<p>Wino jest doskona\u0142e do wszystkich rodzaj\u00f3w owoc\u00f3w morza ale r\u00f3wnie\u017c \u015bwietnie sprawdzi si\u0119 jako aperitif.<\/p>\n<p>Wino to nigdy nie b\u0119dzie produkowane w du\u017cych ilo\u015bciach bo winnica z Sav Blanc zajmuje tylko 0,4ha.<\/p>\n","protected":false},"featured_media":19237,"comment_status":"open","ping_status":"closed","template":"","meta":[],"product_cat":[15],"product_tag":[],"class_list":{"0":"post-20416","1":"product","2":"type-product","3":"status-publish","4":"has-post-thumbnail","6":"product_cat-inne","8":"first","9":"instock","10":"sale","11":"shipping-taxable","12":"purchasable","13":"product-type-simple"},"_links":{"self":[{"href":"https:\/\/hurt.wineport.pl\/index.php?rest_route=\/wp\/v2\/product\/20416","targetHints":{"allow":["GET"]}}],"collection":[{"href":"https:\/\/hurt.wineport.pl\/index.php?rest_route=\/wp\/v2\/product"}],"about":[{"href":"https:\/\/hurt.wineport.pl\/index.php?rest_route=\/wp\/v2\/types\/product"}],"replies":[{"embeddable":true,"href":"https:\/\/hurt.wineport.pl\/index.php?rest_route=%2Fwp%2Fv2%2Fcomments&post=20416"}],"wp:featuredmedia":[{"embeddable":true,"href":"https:\/\/hurt.wineport.pl\/index.php?rest_route=\/wp\/v2\/media\/19237"}],"wp:attachment":[{"href":"https:\/\/hurt.wineport.pl\/index.php?rest_route=%2Fwp%2Fv2%2Fmedia&parent=20416"}],"wp:term":[{"taxonomy":"product_cat","embeddable":true,"href":"https:\/\/hurt.wineport.pl\/index.php?rest_route=%2Fwp%2Fv2%2Fproduct_cat&post=20416"},{"taxonomy":"product_tag","embeddable":true,"href":"https:\/\/hurt.wineport.pl\/index.php?rest_route=%2Fwp%2Fv2%2Fproduct_tag&post=20416"}],"curies":[{"name":"wp","href":"https:\/\/api.w.org\/{rel}","templated":true}]}}