{"id":20438,"date":"2024-06-08T10:15:16","date_gmt":"2024-06-08T08:15:16","guid":{"rendered":"https:\/\/hurt.wineport.pl\/?product=wino-sola-1777-red-priorat-doc-eko-bio-cz-w"},"modified":"2024-06-08T10:15:16","modified_gmt":"2024-06-08T08:15:16","slug":"wino-sola-1777-red-priorat-doc-eko-bio-cz-w","status":"publish","type":"product","link":"https:\/\/hurt.wineport.pl\/?product=wino-sola-1777-red-priorat-doc-eko-bio-cz-w","title":{"rendered":"Wino Sola 1777 Red PRIORAT DOC &#8211; EKO BIO CZ\/W"},"content":{"rendered":"<p>Posiad\u0142o\u015b\u0107 Mas Hereu, istnieje od 1777 roku i ma ponad 30 ha, z czego ponad 8,65 ha jest przeznaczone na upraw\u0119 odmian Grenache i Carignan, naszych rodzimych odmian winoro\u015bli. To wino sk\u0142ada si\u0119 z 55% Grenache i 45% Carignan.<\/p>\n<div class=\"flex-1 overflow-hidden\">\n<div class=\"react-scroll-to-bottom--css-pqsoz-79elbk h-full dark:bg-gray-800\">\n<div class=\"react-scroll-to-bottom--css-pqsoz-1n7m0yu\">\n<div class=\"flex flex-col text-sm dark:bg-gray-800\">\n<div class=\"group w-full text-gray-800 dark:text-gray-100 border-b border-black\/10 dark:border-gray-900\/50 bg-gray-50 dark:bg-[#444654]\">\n<div class=\"flex p-4 gap-4 text-base md:gap-6 md:max-w-2xl lg:max-w-[38rem] xl:max-w-3xl md:py-6 lg:px-0 m-auto\">\n<div class=\"relative flex w-[calc(100%-50px)] flex-col gap-1 md:gap-3 lg:w-[calc(100%-115px)]\">\n<div class=\"flex flex-grow flex-col gap-3\">\n<div class=\"min-h-[20px] flex items-start overflow-x-auto whitespace-pre-wrap break-words flex-col gap-4\">\n<div class=\"markdown prose w-full break-words dark:prose-invert light\">\n<p>To wino otrzyma\u0142o 96pkt u Decantera !!!!!!!\u00a0 Tradycyjny r\u0119czny zbi\u00f3r odbywa si\u0119 po starannej selekcji winogron w optymalnej dojrza\u0142o\u015bci. Druga selekcja winogron odbywa si\u0119 w piwnicy, aby zagwarantowa\u0107 jako\u015b\u0107 i charakter naszych autorskich win. Fermentacja odbywa si\u0119 w zbiornikach ze stali nierdzewnej, w maksymalnej temperaturze 28 stopni Celsjusza. Maceracja trwa\u0142a od 25 do 45 dni. Nast\u0119pnie wino le\u017cakowa\u0142o przez 12 miesi\u0119cy w beczkach z francuskiego d\u0119bu, aby podkre\u015bli\u0107 naturalne cechy dw\u00f3ch rodzimych odmian winogron.<\/p>\n<p>Od 2011 roku nasze wina s\u0105 r\u00f3wnie\u017c certyfikowane jako produkty ekologiczne przez CCPAE, oficjalny katalo\u0144ski organ reguluj\u0105cy produkty z ekologicznych upraw.<\/p>\n<\/p><\/div>\n<\/p><\/div>\n<\/p><\/div>\n<\/p><\/div>\n<\/p><\/div>\n<\/p><\/div>\n<\/p><\/div>\n<\/p><\/div>\n<\/p><\/div>\n<\/p><\/div>\n","protected":false},"excerpt":{"rendered":"<div class=\"flex-1 overflow-hidden\">\n<div class=\"react-scroll-to-bottom--css-pqsoz-79elbk h-full dark:bg-gray-800\">\n<div class=\"react-scroll-to-bottom--css-pqsoz-1n7m0yu\">\n<div class=\"flex flex-col text-sm dark:bg-gray-800\">\n<div class=\"group w-full text-gray-800 dark:text-gray-100 border-b border-black\/10 dark:border-gray-900\/50 bg-gray-50 dark:bg-[#444654]\">\n<div class=\"flex p-4 gap-4 text-base md:gap-6 md:max-w-2xl lg:max-w-[38rem] xl:max-w-3xl md:py-6 lg:px-0 m-auto\">\n<div class=\"relative flex w-[calc(100%-50px)] flex-col gap-1 md:gap-3 lg:w-[calc(100%-115px)]\">\n<div class=\"flex flex-grow flex-col gap-3\">\n<div class=\"min-h-[20px] flex items-start overflow-x-auto whitespace-pre-wrap break-words flex-col gap-4\">\n<div class=\"markdown prose w-full break-words dark:prose-invert light\">\n<p>Mieszanka dw\u00f3ch tradycyjnych odmian regionu Priorat &#8211; Grenache i Mazuelo &#8211; z krzew\u00f3w o wieku powy\u017cej 60 lat, stanowi tajemnic\u0119 tego spektakularnego organicznego wina. Wino Sol\u00e0 1777 Red, kt\u00f3re le\u017cakowa\u0142o przez 12 miesi\u0119cy w beczkach z francuskiego d\u0119bu, prezentuje jedwabist\u0105, intensywn\u0105 i zbalansowan\u0105 struktur\u0119, g\u0142\u0119boki czerwony kolor wi\u015bni i wyra\u017any charakter. W nosie odkrywamy aromaty suszonych zi\u00f3\u0142, any\u017cu, a tak\u017ce pikantne nuty czarnego pieprzu i go\u017adzik\u00f3w. W ustach Sol\u00e0 1777 Red ods\u0142ania sekrety ciemnej czekolady, ziaren kawy, le\u015bnych owoc\u00f3w oraz delikatnej kwasowo\u015bci i niezwyk\u0142ego bogactwa likieru z cassis, kt\u00f3re nie zakrywaj\u0105 bogactwa Grenache i Mazuelo oraz charakterystycznych balsamicznych niuans\u00f3w terroir.<\/p>\n<p>Butelka: 75 cl Okres le\u017cakowania: 18 miesi\u0119cy w beczkach z francuskiego d\u0119bu i minimum 18 miesi\u0119cy spoczynku w butelce Produkcja: 2 500 Zawarto\u015b\u0107 alkoholu (obj.): 15,5\u00ba<\/p>\n<\/p><\/div>\n<\/p><\/div>\n<\/p><\/div>\n<div class=\"flex justify-between lg:block\">\u00a0<\/div>\n<\/p><\/div>\n<\/p><\/div>\n<\/p><\/div>\n<\/p><\/div>\n<\/p><\/div>\n<\/p><\/div>\n<\/p><\/div>\n<div class=\"absolute bottom-0 left-0 w-full border-t md:border-t-0 dark:border-white\/20 md:border-transparent md:dark:border-transparent md:bg-vert-light-gradient bg-white dark:bg-gray-800 md:!bg-transparent dark:md:bg-vert-dark-gradient pt-2 md:pl-2 md:w-[calc(100%-.5rem)]\">\u00a0\u00a0Ka\u017cdy kto troch\u0119 lepiej zna si\u0119 na winach Hiszpa\u0144skich wie \u017ce PRIORAT to gwarancja niebywa\u0142ej jako\u015bci por\u00f3wnywalnej z takimi Francuskimi apelacjami jak Pomerol czy Pauliac.<\/div>\n<p>WINO EKOLOGICZNE<\/p>\n","protected":false},"featured_media":19303,"comment_status":"open","ping_status":"closed","template":"","meta":[],"product_cat":[15],"product_tag":[],"class_list":{"0":"post-20438","1":"product","2":"type-product","3":"status-publish","4":"has-post-thumbnail","6":"product_cat-inne","8":"first","9":"instock","10":"sale","11":"shipping-taxable","12":"purchasable","13":"product-type-simple"},"_links":{"self":[{"href":"https:\/\/hurt.wineport.pl\/index.php?rest_route=\/wp\/v2\/product\/20438","targetHints":{"allow":["GET"]}}],"collection":[{"href":"https:\/\/hurt.wineport.pl\/index.php?rest_route=\/wp\/v2\/product"}],"about":[{"href":"https:\/\/hurt.wineport.pl\/index.php?rest_route=\/wp\/v2\/types\/product"}],"replies":[{"embeddable":true,"href":"https:\/\/hurt.wineport.pl\/index.php?rest_route=%2Fwp%2Fv2%2Fcomments&post=20438"}],"wp:featuredmedia":[{"embeddable":true,"href":"https:\/\/hurt.wineport.pl\/index.php?rest_route=\/wp\/v2\/media\/19303"}],"wp:attachment":[{"href":"https:\/\/hurt.wineport.pl\/index.php?rest_route=%2Fwp%2Fv2%2Fmedia&parent=20438"}],"wp:term":[{"taxonomy":"product_cat","embeddable":true,"href":"https:\/\/hurt.wineport.pl\/index.php?rest_route=%2Fwp%2Fv2%2Fproduct_cat&post=20438"},{"taxonomy":"product_tag","embeddable":true,"href":"https:\/\/hurt.wineport.pl\/index.php?rest_route=%2Fwp%2Fv2%2Fproduct_tag&post=20438"}],"curies":[{"name":"wp","href":"https:\/\/api.w.org\/{rel}","templated":true}]}}