{"id":20442,"date":"2024-06-08T10:15:16","date_gmt":"2024-06-08T08:15:16","guid":{"rendered":"https:\/\/hurt.wineport.pl\/?product=wino-sola-1777-bleu-priorat-doc-eko-bio-cz-w"},"modified":"2024-06-08T10:15:16","modified_gmt":"2024-06-08T08:15:16","slug":"wino-sola-1777-bleu-priorat-doc-eko-bio-cz-w","status":"publish","type":"product","link":"https:\/\/hurt.wineport.pl\/?product=wino-sola-1777-bleu-priorat-doc-eko-bio-cz-w","title":{"rendered":"Wino Sola 1777 Bleu PRIORAT DOC &#8211; EKO BIO CZ\/W"},"content":{"rendered":"<p>Posiad\u0142o\u015b\u0107 Mas Hereu, istnieje od 1777 roku i ma ponad 30 ha, z czego ponad 8,65 ha jest przeznaczone na upraw\u0119 odmian Grenache i Carignan, naszych rodzimych odmian winoro\u015bli. To wino sk\u0142ada si\u0119 z 55% Grenache i 45% Carignan.<\/p>\n","protected":false},"excerpt":{"rendered":"<p>Tradycyjny r\u0119czny zbi\u00f3r odbywa si\u0119 po starannej selekcji winogron w optymalnej dojrza\u0142o\u015bci. W piwnicy dokonujemy drugiej selekcji, aby zagwarantowa\u0107 jako\u015b\u0107 i charakter naszych autorskich win. Fermentacja alkoholowa odbywa si\u0119 w zbiornikach ze stali nierdzewnej, w maksymalnej temperaturze 28 stopni Celsjusza. Ka\u017cda odmiana jest fermentowana osobno, aby zapewni\u0107 doskona\u0142o\u015b\u0107. Proces winifikacji trwa oko\u0142o 30 dni i nie poddajemy go filtracji.<\/p>\n<p>Mieszanka organicznie uprawianych odmian Grenache i Carignan, starzonych w nowych d\u0119bowych beczkach, stanowi serce tego autorskiego czerwonego wina z Prioratu. G\u0142\u0119boki, \u017cywy czerwony kolor z fioletowymi brzegami ukazuje aromaty cynamonu, toffi i palonych ziaren kawy. W ustach odkrywamy \u015bwie\u017ce, g\u0142adkie i aksamitne wino o \u0142agodnej kwasowo\u015bci, z nutami mineralnymi i likieru kawowo-mlecznego oraz wyra\u017an\u0105 obecno\u015bci\u0105 owoc\u00f3w czerwonych i d\u0119bu.<\/p>\n<p>Butelka: 75 cl Okres le\u017cakowania: 6 miesi\u0119cy w d\u0119bowych beczkach ameryka\u0144skich i minimum 6 miesi\u0119cy spoczynku w butelce Produkcja: 4 500 Zawarto\u015b\u0107 alkoholu (obj.): 15,3\u00ba<\/p>\n<p>\u00a0Ka\u017cdy kto troch\u0119 lepiej zna si\u0119 na winach Hiszpa\u0144skich wie \u017ce PRIORAT to gwarancja niebywa\u0142ej jako\u015bci por\u00f3wnywalnej z takimi Francuskimi apelacjami jak Pomerol czy Pauliac.<\/p>\n<p>WINO EKOLOGICZNE<\/p>\n","protected":false},"featured_media":19315,"comment_status":"open","ping_status":"closed","template":"","meta":[],"product_cat":[15],"product_tag":[],"class_list":{"0":"post-20442","1":"product","2":"type-product","3":"status-publish","4":"has-post-thumbnail","6":"product_cat-inne","8":"first","9":"instock","10":"sale","11":"shipping-taxable","12":"purchasable","13":"product-type-simple"},"_links":{"self":[{"href":"https:\/\/hurt.wineport.pl\/index.php?rest_route=\/wp\/v2\/product\/20442","targetHints":{"allow":["GET"]}}],"collection":[{"href":"https:\/\/hurt.wineport.pl\/index.php?rest_route=\/wp\/v2\/product"}],"about":[{"href":"https:\/\/hurt.wineport.pl\/index.php?rest_route=\/wp\/v2\/types\/product"}],"replies":[{"embeddable":true,"href":"https:\/\/hurt.wineport.pl\/index.php?rest_route=%2Fwp%2Fv2%2Fcomments&post=20442"}],"wp:featuredmedia":[{"embeddable":true,"href":"https:\/\/hurt.wineport.pl\/index.php?rest_route=\/wp\/v2\/media\/19315"}],"wp:attachment":[{"href":"https:\/\/hurt.wineport.pl\/index.php?rest_route=%2Fwp%2Fv2%2Fmedia&parent=20442"}],"wp:term":[{"taxonomy":"product_cat","embeddable":true,"href":"https:\/\/hurt.wineport.pl\/index.php?rest_route=%2Fwp%2Fv2%2Fproduct_cat&post=20442"},{"taxonomy":"product_tag","embeddable":true,"href":"https:\/\/hurt.wineport.pl\/index.php?rest_route=%2Fwp%2Fv2%2Fproduct_tag&post=20442"}],"curies":[{"name":"wp","href":"https:\/\/api.w.org\/{rel}","templated":true}]}}