{"id":20564,"date":"2024-06-15T10:53:04","date_gmt":"2024-06-15T08:53:04","guid":{"rendered":"https:\/\/hurt.wineport.pl\/?product=champagne-jean-plener-fils-cuvee-brut-grand-cru-075l-3"},"modified":"2024-06-15T10:53:04","modified_gmt":"2024-06-15T08:53:04","slug":"champagne-jean-plener-fils-cuvee-brut-grand-cru-075l-3","status":"publish","type":"product","link":"https:\/\/hurt.wineport.pl\/?product=champagne-jean-plener-fils-cuvee-brut-grand-cru-075l-3","title":{"rendered":"Champagne Jean PLENER Fils Cuv\u00e9e Brut GRAND CRU 0,75L"},"content":{"rendered":"<p><span style=\"color: #000000;\"><span style=\"font-family: 'Times New Roman', serif;\"><span style=\"font-size: small;\">Rewelacyjny Szampan klasy Grand Cru, niesamowita relacja jako\u015bci do ceny. Niepor\u00f3wnywalny do miernych popularnych Champan\u00f3w produkowanych w ilo\u015bci nawet 25\u00a0000\u00a0000 butelek rocznie!\u00a0Champagne Jean PLENER Fils GRAND CRU Cuv\u00e9e Brut 0,75L\u00a0jest produkowany w ilo\u015bci tylko 15\u00a0000 butelek rocznie w rodzinnej firmie.<\/span><\/span><\/span><\/p>\n<p><span style=\"color: #000000;\"><span style=\"font-family: 'Times New Roman', serif;\"><span style=\"font-size: small;\">Nasz szampan Cuv\u00e9e Brut Grand Cru sk\u0142ada si\u0119 w 70% ze szczepu Pinot Noir oraz w 30% ze szczepu Chardonnay. Z\u0142otawo-\u017c\u00f3\u0142ta szata z po\u0142yskiem, wyj\u0105tkowo subtelna pienisto\u015b\u0107 i delikatne b\u0105belki unosz\u0105ce si\u0119 w nieprzerwanej linii. Dyskretne i delikatne aromaty owoc\u00f3w brzoskwini i moreli), orzech\u00f3w laskowych i migda\u0142\u00f3w. Harmonijny, aksamitny i \u015bwie\u017cy, doskonale zr\u00f3wnowa\u017cony z przyjemn\u0105 ko\u0144c\u00f3wk\u0105. Jean PLENER Fils GRAND CRU \u00a0to Szampan na ka\u017cd\u0105 chwil\u0119, doskona\u0142y jako aperitif. 3 lata dojrzewania na osadzie w naszych piwnicach. R\u0119czne obracanie butelek na pulpitach podobnie jak w przypadku topowych szampan\u00f3w jak Dom Perignon i Krug kt\u00f3re kosztuj\u0105 wielokrotnie wi\u0119cej.\u00a0<\/span><\/span><\/span>\u00a0<\/p>\n","protected":false},"excerpt":{"rendered":"<p><span style=\"color: #000000;\"><span style=\"font-family: 'Times New Roman', serif;\"><span style=\"font-size: small;\">Rewelacyjny Szampan klasy Grand Cru, niesamowita relacja jako\u015bci do ceny. Niepor\u00f3wnywalny do miernych popularnych Champan\u00f3w produkowanych w ilo\u015bci nawet 25\u00a0000\u00a0000 butelek rocznie!\u00a0Champagne Jean PLENER Fils GRAND CRU Cuv\u00e9e Brut 0,75L\u00a0jest produkowany w ilo\u015bci tylko 15\u00a0000 butelek rocznie w rodzinnej firmie.<\/span><\/span><\/span><\/p>\n<p><span style=\"color: #000000;\"><span style=\"font-family: 'Times New Roman', serif;\"><span style=\"font-size: small;\">Nasz szampan Cuv\u00e9e Brut Grand Cru sk\u0142ada si\u0119 w 70% ze szczepu Pinot Noir oraz w 30% ze szczepu Chardonnay. Z\u0142otawo-\u017c\u00f3\u0142ta szata z po\u0142yskiem, wyj\u0105tkowo subtelna pienisto\u015b\u0107 i delikatne b\u0105belki unosz\u0105ce si\u0119 w nieprzerwanej linii. Dyskretne i delikatne aromaty owoc\u00f3w brzoskwini i moreli), orzech\u00f3w laskowych i migda\u0142\u00f3w. Harmonijny, aksamitny i \u015bwie\u017cy, doskonale zr\u00f3wnowa\u017cony z przyjemn\u0105 ko\u0144c\u00f3wk\u0105. Jean PLENER Fils GRAND CRU \u00a0to Szampan na ka\u017cd\u0105 chwil\u0119, doskona\u0142y jako aperitif. 3 lata dojrzewania na osadzie w naszych piwnicach. R\u0119czne obracanie butelek na pulpitach podobnie jak w przypadku topowych szampan\u00f3w jak Dom Perignon i Krug kt\u00f3re kosztuj\u0105 wielokrotnie wi\u0119cej.\u00a0<\/span><\/span><\/span>\u00a0<\/p>\n","protected":false},"featured_media":18643,"comment_status":"open","ping_status":"closed","template":"","meta":[],"product_cat":[15],"product_tag":[],"class_list":{"0":"post-20564","1":"product","2":"type-product","3":"status-publish","4":"has-post-thumbnail","6":"product_cat-inne","8":"first","9":"instock","10":"sale","11":"shipping-taxable","12":"purchasable","13":"product-type-simple"},"_links":{"self":[{"href":"https:\/\/hurt.wineport.pl\/index.php?rest_route=\/wp\/v2\/product\/20564","targetHints":{"allow":["GET"]}}],"collection":[{"href":"https:\/\/hurt.wineport.pl\/index.php?rest_route=\/wp\/v2\/product"}],"about":[{"href":"https:\/\/hurt.wineport.pl\/index.php?rest_route=\/wp\/v2\/types\/product"}],"replies":[{"embeddable":true,"href":"https:\/\/hurt.wineport.pl\/index.php?rest_route=%2Fwp%2Fv2%2Fcomments&post=20564"}],"wp:featuredmedia":[{"embeddable":true,"href":"https:\/\/hurt.wineport.pl\/index.php?rest_route=\/wp\/v2\/media\/18643"}],"wp:attachment":[{"href":"https:\/\/hurt.wineport.pl\/index.php?rest_route=%2Fwp%2Fv2%2Fmedia&parent=20564"}],"wp:term":[{"taxonomy":"product_cat","embeddable":true,"href":"https:\/\/hurt.wineport.pl\/index.php?rest_route=%2Fwp%2Fv2%2Fproduct_cat&post=20564"},{"taxonomy":"product_tag","embeddable":true,"href":"https:\/\/hurt.wineport.pl\/index.php?rest_route=%2Fwp%2Fv2%2Fproduct_tag&post=20564"}],"curies":[{"name":"wp","href":"https:\/\/api.w.org\/{rel}","templated":true}]}}