{"id":21303,"date":"2024-06-29T12:55:17","date_gmt":"2024-06-29T10:55:17","guid":{"rendered":"https:\/\/hurt.wineport.pl\/?product=wino-gato-negro-carmenere-czerwone-wytrawne-chile-075l-5"},"modified":"2024-06-29T12:55:17","modified_gmt":"2024-06-29T10:55:17","slug":"wino-gato-negro-carmenere-czerwone-wytrawne-chile-075l-5","status":"publish","type":"product","link":"https:\/\/hurt.wineport.pl\/?product=wino-gato-negro-carmenere-czerwone-wytrawne-chile-075l-5","title":{"rendered":"Wino Gato Negro Carmenere &#8211; Czerwone Wytrawne Chile 0,75L"},"content":{"rendered":"<p><font color=\"#000000\"><font face=\"Times New Roman, serif\"><font size=\"2\">Gato Carmenere wyprodukowane w Central Valley. Niezwyk\u0142e i pe\u0142ne w smaku, d\u0142ugie z delikatnymi taninami. Intensywna, rubinowa barwa z charakterystycznymi aromatami ciemnych owoc\u00f3w oraz zapachem przypraw, pieprzu z subtelnymi nutami wanilii oraz cynamonu.<\/font><\/font><\/font><\/p>\n<p><font color=\"#000000\"><font face=\"Times New Roman, serif\"><font size=\"2\">Producent wina Gato Vina San Pedro otrzyma\u0142 presti\u017cow\u0105 nagrod\u0119 w 2011 roku jako najlepsza winiarnia z ca\u0142ego nowego \u015bwiata &#8220;New World Winery of the Year 2011&#8221; poni\u017cej filmik na youtube.<\/font><\/font><\/font><\/p>\n<p><font color=\"#000000\"><font face=\"Times New Roman, serif\"><font size=\"2\">http:\/\/www.youtube.com\/watch?v=RlkNyIfTbcE<\/font><\/font><\/font><\/p><\/p>\n","protected":false},"excerpt":{"rendered":"<p><font color=\"#000000\"><font face=\"Times New Roman, serif\"><font size=\"2\">Gato Carmenere wyprodukowane w Central Valley. Niezwyk\u0142e i pe\u0142ne w smaku, d\u0142ugie z delikatnymi taninami. Intensywna, rubinowa barwa z charakterystycznymi aromatami ciemnych owoc\u00f3w oraz zapachem przypraw, pieprzu z subtelnymi nutami wanilii oraz cynamonu.<\/font><\/font><\/font><\/p>\n<p><font color=\"#000000\"><font face=\"Times New Roman, serif\"><font size=\"2\">Producent wina Gato Vina San Pedro otrzyma\u0142 presti\u017cow\u0105 nagrod\u0119 w 2011 roku jako najlepsza winiarnia z ca\u0142ego nowego \u015bwiata &#8220;New World Winery of the Year 2011&#8221; poni\u017cej filmik na youtube.<\/font><\/font><\/font><\/p>\n<p><font color=\"#000000\"><font face=\"Times New Roman, serif\"><font size=\"2\">http:\/\/www.youtube.com\/watch?v=RlkNyIfTbcE<\/font><\/font><\/font><\/p><\/p>\n","protected":false},"featured_media":18790,"comment_status":"open","ping_status":"closed","template":"","meta":[],"product_cat":[15],"product_tag":[],"class_list":{"0":"post-21303","1":"product","2":"type-product","3":"status-publish","4":"has-post-thumbnail","6":"product_cat-inne","8":"first","9":"instock","10":"shipping-taxable","11":"purchasable","12":"product-type-simple"},"_links":{"self":[{"href":"https:\/\/hurt.wineport.pl\/index.php?rest_route=\/wp\/v2\/product\/21303","targetHints":{"allow":["GET"]}}],"collection":[{"href":"https:\/\/hurt.wineport.pl\/index.php?rest_route=\/wp\/v2\/product"}],"about":[{"href":"https:\/\/hurt.wineport.pl\/index.php?rest_route=\/wp\/v2\/types\/product"}],"replies":[{"embeddable":true,"href":"https:\/\/hurt.wineport.pl\/index.php?rest_route=%2Fwp%2Fv2%2Fcomments&post=21303"}],"wp:featuredmedia":[{"embeddable":true,"href":"https:\/\/hurt.wineport.pl\/index.php?rest_route=\/wp\/v2\/media\/18790"}],"wp:attachment":[{"href":"https:\/\/hurt.wineport.pl\/index.php?rest_route=%2Fwp%2Fv2%2Fmedia&parent=21303"}],"wp:term":[{"taxonomy":"product_cat","embeddable":true,"href":"https:\/\/hurt.wineport.pl\/index.php?rest_route=%2Fwp%2Fv2%2Fproduct_cat&post=21303"},{"taxonomy":"product_tag","embeddable":true,"href":"https:\/\/hurt.wineport.pl\/index.php?rest_route=%2Fwp%2Fv2%2Fproduct_tag&post=21303"}],"curies":[{"name":"wp","href":"https:\/\/api.w.org\/{rel}","templated":true}]}}