{"id":21448,"date":"2024-06-29T13:10:05","date_gmt":"2024-06-29T11:10:05","guid":{"rendered":"https:\/\/hurt.wineport.pl\/?product=18-primitivo-salento-i-g-p-075l-5"},"modified":"2024-06-29T13:10:05","modified_gmt":"2024-06-29T11:10:05","slug":"18-primitivo-salento-i-g-p-075l-5","status":"publish","type":"product","link":"https:\/\/hurt.wineport.pl\/?product=18-primitivo-salento-i-g-p-075l-5","title":{"rendered":"18 Primitivo Salento I.G.P. 0,75L"},"content":{"rendered":"<p>Luca Maroni oceni\u0142 to wino na 98 punkt\u00f3w w skali parkera takie oceny otrzymuj\u0105 zazwyczaj najdro\u017csze wina \u015bwiata, to absolutna doskona\u0142o\u015b\u0107! Przy\u00a0produkcji &#8220;18&#8221; dojrza\u0142e winogrona pozostawiane s\u0105 na krzewie na 3-4 tygodnie, by naturalnie przyschn\u0105\u0107 w promieniach apulijskiego s\u0142o\u0144ca. Dzi\u0119ki temu uzyskuj\u0105 wy\u017csze st\u0119\u017cenie cukr\u00f3w i wszelkich aromat\u00f3w. Po r\u0119cznym zbiorze z winogron wyciskany jest sok, kt\u00f3ry nast\u0119pnie przez d\u0142ugi czas (45-60 dni) fermentuje w niskich temperaturach (18-22 st. C). Wysokie, 18%, st\u0119\u017cenie alkoholu jest mo\u017cliwe dzi\u0119ki u\u017cyciu wyselekcjonowanych szczep\u00f3w dro\u017cd\u017cy Saccharomyces bayanus.<\/p>\n<p>Wino ma intensywny, rubinowy kolor. W zapachu prym graj\u0105 wi\u015bnie, pra\u017cone orzechy w\u0142oskie oraz powid\u0142a \u015bliwkowe, natomiast w tle wyczuwalne s\u0105 gorzka czekolada, tyto\u0144, cynamon i p\u0142atki r\u00f3\u017c. W smaku g\u0142\u0119bokie, g\u0142adkie i dobrze wywa\u017cone. Wyra\u017ane cia\u0142o pozostawia jedwabiste uczucie. Dobra kwasowo\u015b\u0107 i wyzywaj\u0105ca mineralno\u015b\u0107. Polecane do dziczyzny, dojrzewaj\u0105cych ser\u00f3w czy duszonych mi\u0119s.\u00a0<\/p>\n<p>Temperatura podawania: 18-20 st. C<\/p>\n<p>Zawarto\u015b\u0107 alkoholu: 18%<\/p>\n","protected":false},"excerpt":{"rendered":"<p>Luca Maroni oceni\u0142 to wino na 98 punkt\u00f3w w skali parkera takie oceny otrzymuj\u0105 zazwyczaj najdro\u017csze wina \u015bwiata, to absolutna doskona\u0142o\u015b\u0107! Przy\u00a0produkcji &#8220;18&#8221; dojrza\u0142e winogrona pozostawiane s\u0105 na krzewie na 3-4 tygodnie, by naturalnie przyschn\u0105\u0107 w promieniach apulijskiego s\u0142o\u0144ca. Dzi\u0119ki temu uzyskuj\u0105 wy\u017csze st\u0119\u017cenie cukr\u00f3w i wszelkich aromat\u00f3w. Po r\u0119cznym zbiorze z winogron wyciskany jest sok, kt\u00f3ry nast\u0119pnie przez d\u0142ugi czas (45-60 dni) fermentuje w niskich temperaturach (18-22 st. C). Wysokie, 18%, st\u0119\u017cenie alkoholu jest mo\u017cliwe dzi\u0119ki u\u017cyciu wyselekcjonowanych szczep\u00f3w dro\u017cd\u017cy Saccharomyces bayanus.<\/p>\n<p>Wino ma intensywny, rubinowy kolor. W zapachu prym graj\u0105 wi\u015bnie, pra\u017cone orzechy w\u0142oskie oraz powid\u0142a \u015bliwkowe, natomiast w tle wyczuwalne s\u0105 gorzka czekolada, tyto\u0144, cynamon i p\u0142atki r\u00f3\u017c. W smaku g\u0142\u0119bokie, g\u0142adkie i dobrze wywa\u017cone. Wyra\u017ane cia\u0142o pozostawia jedwabiste uczucie. Dobra kwasowo\u015b\u0107 i wyzywaj\u0105ca mineralno\u015b\u0107. Polecane do dziczyzny, dojrzewaj\u0105cych ser\u00f3w czy duszonych mi\u0119s.\u00a0<\/p>\n<p>Temperatura podawania: 18-20 st. C<\/p>\n<p>Zawarto\u015b\u0107 alkoholu: 18%<\/p>\n","protected":false},"featured_media":19225,"comment_status":"open","ping_status":"closed","template":"","meta":[],"product_cat":[15],"product_tag":[],"class_list":{"0":"post-21448","1":"product","2":"type-product","3":"status-publish","4":"has-post-thumbnail","6":"product_cat-inne","8":"first","9":"instock","10":"shipping-taxable","11":"purchasable","12":"product-type-simple"},"_links":{"self":[{"href":"https:\/\/hurt.wineport.pl\/index.php?rest_route=\/wp\/v2\/product\/21448","targetHints":{"allow":["GET"]}}],"collection":[{"href":"https:\/\/hurt.wineport.pl\/index.php?rest_route=\/wp\/v2\/product"}],"about":[{"href":"https:\/\/hurt.wineport.pl\/index.php?rest_route=\/wp\/v2\/types\/product"}],"replies":[{"embeddable":true,"href":"https:\/\/hurt.wineport.pl\/index.php?rest_route=%2Fwp%2Fv2%2Fcomments&post=21448"}],"wp:featuredmedia":[{"embeddable":true,"href":"https:\/\/hurt.wineport.pl\/index.php?rest_route=\/wp\/v2\/media\/19225"}],"wp:attachment":[{"href":"https:\/\/hurt.wineport.pl\/index.php?rest_route=%2Fwp%2Fv2%2Fmedia&parent=21448"}],"wp:term":[{"taxonomy":"product_cat","embeddable":true,"href":"https:\/\/hurt.wineport.pl\/index.php?rest_route=%2Fwp%2Fv2%2Fproduct_cat&post=21448"},{"taxonomy":"product_tag","embeddable":true,"href":"https:\/\/hurt.wineport.pl\/index.php?rest_route=%2Fwp%2Fv2%2Fproduct_tag&post=21448"}],"curies":[{"name":"wp","href":"https:\/\/api.w.org\/{rel}","templated":true}]}}