{"id":21947,"date":"2024-07-13T14:00:02","date_gmt":"2024-07-13T12:00:02","guid":{"rendered":"https:\/\/hurt.wineport.pl\/?product=champagne-jean-plener-fils-cuvee-rosee-grand-cru-075l-7"},"modified":"2024-07-13T14:00:02","modified_gmt":"2024-07-13T12:00:02","slug":"champagne-jean-plener-fils-cuvee-rosee-grand-cru-075l-7","status":"publish","type":"product","link":"https:\/\/hurt.wineport.pl\/?product=champagne-jean-plener-fils-cuvee-rosee-grand-cru-075l-7","title":{"rendered":"Champagne Jean PLENER Fils Cuv\u00e9e Ros\u00e9e GRAND CRU 0,75L"},"content":{"rendered":"<p><span style=\"color: #000000;\">\u00a0<span style=\"font-family: 'Times New Roman', serif;\"><span style=\"font-size: small;\">Rewelacyjny Szampan klasy Grand Cru, niesamowita relacja jako\u015bci do ceny. Niepor\u00f3wnywalny do miernych popularnych Champan\u00f3w produkowanych w ilo\u015bci nawet 25\u00a0000\u00a0000 butelek rocznie!\u00a0Champagne Jean PLENER Fils\u00a0Cuv\u00e9e Ros\u00e9e GRAND CRU\u00a0 jest produkowany w ilo\u015bci tylko 2500 butelek rocznie w rodzinnej firmie. Nasz szampan Cuv\u00e9e Ros\u00e9e Grand Cru \u0142\u0105czy 15% wina Bouzy-Rouge 2011 z naszymSzampanem Brut (70%szczepu Pinot Noir z 30% szczepu Chardonnay). Nasze wino Bouzy-Rouge dojrzewa w d\u0119bowych beczkach. R\u00f3\u017cowa, grejpfrutowa szata z wyj\u0105tkowo subteln\u0105 pienisto\u015bci\u0105 i delikatnymi b\u0105belkami unosz\u0105cymi si\u0119 w nieprzerwanej linii. Szlachetne aromaty truskawki, grejpfruta, migda\u0142\u00f3w i orzech\u00f3w laskowych. Intensywny i dobrze zbudowany, posiada dobr\u0105 r\u00f3wnowag\u0119 i d\u0142ug\u0105 ko\u0144c\u00f3wk\u0119. Po\u0142\u0105czenie intensywno\u015bci gron Pinot Noir z delikatno\u015bci\u0105 gron chardonnay, nasz szampan Cuv\u00e9e Ros\u00e9e odznacza si\u0119 charakterem i mo\u017cna go serwowa\u0107 podczas ca\u0142ego posi\u0142ku. Doskona\u0142y r\u00f3wnie\u017c jako aperitif lub do deseru. 18 miesi\u0119cy dojrzewania na osadzie w naszych piwnicach. R\u0119czne obracanie butelek na pulpitach podobnie jak w przypadku topowych szampan\u00f3w jak Dom Perignon i Krug kt\u00f3re kosztuj\u0105 wielokrotnie wi\u0119cej.<\/span><\/span><\/span><\/p>\n<p>\u00a0<\/p><\/p>\n","protected":false},"excerpt":{"rendered":"<p><span style=\"color: #000000;\">\u00a0<span style=\"font-family: 'Times New Roman', serif;\"><span style=\"font-size: small;\">Rewelacyjny Szampan klasy Grand Cru, niesamowita relacja jako\u015bci do ceny. Niepor\u00f3wnywalny do miernych popularnych Champan\u00f3w produkowanych w ilo\u015bci nawet 25\u00a0000\u00a0000 butelek rocznie!\u00a0Champagne Jean PLENER Fils\u00a0Cuv\u00e9e Ros\u00e9e GRAND CRU\u00a0 jest produkowany w ilo\u015bci tylko 2500 butelek rocznie w rodzinnej firmie. Nasz szampan Cuv\u00e9e Ros\u00e9e Grand Cru \u0142\u0105czy 15% wina Bouzy-Rouge 2011 z naszymSzampanem Brut (70%szczepu Pinot Noir z 30% szczepu Chardonnay). Nasze wino Bouzy-Rouge dojrzewa w d\u0119bowych beczkach. R\u00f3\u017cowa, grejpfrutowa szata z wyj\u0105tkowo subteln\u0105 pienisto\u015bci\u0105 i delikatnymi b\u0105belkami unosz\u0105cymi si\u0119 w nieprzerwanej linii. Szlachetne aromaty truskawki, grejpfruta, migda\u0142\u00f3w i orzech\u00f3w laskowych. Intensywny i dobrze zbudowany, posiada dobr\u0105 r\u00f3wnowag\u0119 i d\u0142ug\u0105 ko\u0144c\u00f3wk\u0119. Po\u0142\u0105czenie intensywno\u015bci gron Pinot Noir z delikatno\u015bci\u0105 gron chardonnay, nasz szampan Cuv\u00e9e Ros\u00e9e odznacza si\u0119 charakterem i mo\u017cna go serwowa\u0107 podczas ca\u0142ego posi\u0142ku. Doskona\u0142y r\u00f3wnie\u017c jako aperitif lub do deseru. 18 miesi\u0119cy dojrzewania na osadzie w naszych piwnicach. R\u0119czne obracanie butelek na pulpitach podobnie jak w przypadku topowych szampan\u00f3w jak Dom Perignon i Krug kt\u00f3re kosztuj\u0105 wielokrotnie wi\u0119cej.\u00a0<\/span><\/span><\/span><\/p>\n<p>\u00a0<\/p><\/p>\n","protected":false},"featured_media":18649,"comment_status":"open","ping_status":"closed","template":"","meta":[],"product_cat":[15],"product_tag":[],"class_list":{"0":"post-21947","1":"product","2":"type-product","3":"status-publish","4":"has-post-thumbnail","6":"product_cat-inne","8":"first","9":"instock","10":"sale","11":"shipping-taxable","12":"purchasable","13":"product-type-simple"},"_links":{"self":[{"href":"https:\/\/hurt.wineport.pl\/index.php?rest_route=\/wp\/v2\/product\/21947","targetHints":{"allow":["GET"]}}],"collection":[{"href":"https:\/\/hurt.wineport.pl\/index.php?rest_route=\/wp\/v2\/product"}],"about":[{"href":"https:\/\/hurt.wineport.pl\/index.php?rest_route=\/wp\/v2\/types\/product"}],"replies":[{"embeddable":true,"href":"https:\/\/hurt.wineport.pl\/index.php?rest_route=%2Fwp%2Fv2%2Fcomments&post=21947"}],"wp:featuredmedia":[{"embeddable":true,"href":"https:\/\/hurt.wineport.pl\/index.php?rest_route=\/wp\/v2\/media\/18649"}],"wp:attachment":[{"href":"https:\/\/hurt.wineport.pl\/index.php?rest_route=%2Fwp%2Fv2%2Fmedia&parent=21947"}],"wp:term":[{"taxonomy":"product_cat","embeddable":true,"href":"https:\/\/hurt.wineport.pl\/index.php?rest_route=%2Fwp%2Fv2%2Fproduct_cat&post=21947"},{"taxonomy":"product_tag","embeddable":true,"href":"https:\/\/hurt.wineport.pl\/index.php?rest_route=%2Fwp%2Fv2%2Fproduct_tag&post=21947"}],"curies":[{"name":"wp","href":"https:\/\/api.w.org\/{rel}","templated":true}]}}