{"id":21979,"date":"2024-07-13T14:00:28","date_gmt":"2024-07-13T12:00:28","guid":{"rendered":"https:\/\/hurt.wineport.pl\/?product=wino-cervantes-polwytrawne-czerwone-075l-7"},"modified":"2024-07-13T14:00:28","modified_gmt":"2024-07-13T12:00:28","slug":"wino-cervantes-polwytrawne-czerwone-075l-7","status":"publish","type":"product","link":"https:\/\/hurt.wineport.pl\/?product=wino-cervantes-polwytrawne-czerwone-075l-7","title":{"rendered":"Wino Cervantes &#8211; P\u00f3\u0142wytrawne Czerwone 0,75L"},"content":{"rendered":"<p><font color=\"#000000\"><font face=\"Times New Roman, serif\"><font size=\"2\">Cervantez De Alcardete Don Quijote<br \/>La Mancha &#8211; Bodegas Verdegues<\/p>\n<p>Wino bia\u0142e \u201eCERVANTEZ DE ALCARDETE DON QUIJOTE\u201d z regionu La Mancha w Hiszpanii wyprodukowano z wyselekcjonowanych winogron zgodnie z tradycyjnymi metodami, dzi\u0119ki temu powsta\u0142o dobrze wywa\u017cone i przyjemne w konsumpcji wino. Oferujemy 4 rodzaje tego wina tj. bia\u0142e p\u00f3\u0142s\u0142odkie i p\u00f3\u0142wytrawne oraz czerwone p\u00f3\u0142s\u0142odkie i p\u00f3\u0142wytrawne. <\/font><\/font><\/font><\/p>\n","protected":false},"excerpt":{"rendered":"<p><font color=\"#000000\"><font face=\"Times New Roman, serif\"><font size=\"2\">Cervantez De Alcardete Don Quijote<br \/>La Mancha &#8211; Bodegas Verdegues<\/p>\n<p>Wino bia\u0142e \u201eCERVANTEZ DE ALCARDETE DON QUIJOTE\u201d z regionu La Mancha w Hiszpanii wyprodukowano z wyselekcjonowanych winogron zgodnie z tradycyjnymi metodami, dzi\u0119ki temu powsta\u0142o dobrze wywa\u017cone i przyjemne w konsumpcji wino. Oferujemy 4 rodzaje tego wina tj. bia\u0142e p\u00f3\u0142s\u0142odkie i p\u00f3\u0142wytrawne oraz czerwone p\u00f3\u0142s\u0142odkie i p\u00f3\u0142wytrawne. <\/font><\/font><\/font><\/p>\n","protected":false},"featured_media":18745,"comment_status":"open","ping_status":"closed","template":"","meta":[],"product_cat":[15],"product_tag":[],"class_list":{"0":"post-21979","1":"product","2":"type-product","3":"status-publish","4":"has-post-thumbnail","6":"product_cat-inne","8":"first","9":"instock","10":"shipping-taxable","11":"purchasable","12":"product-type-simple"},"_links":{"self":[{"href":"https:\/\/hurt.wineport.pl\/index.php?rest_route=\/wp\/v2\/product\/21979","targetHints":{"allow":["GET"]}}],"collection":[{"href":"https:\/\/hurt.wineport.pl\/index.php?rest_route=\/wp\/v2\/product"}],"about":[{"href":"https:\/\/hurt.wineport.pl\/index.php?rest_route=\/wp\/v2\/types\/product"}],"replies":[{"embeddable":true,"href":"https:\/\/hurt.wineport.pl\/index.php?rest_route=%2Fwp%2Fv2%2Fcomments&post=21979"}],"wp:featuredmedia":[{"embeddable":true,"href":"https:\/\/hurt.wineport.pl\/index.php?rest_route=\/wp\/v2\/media\/18745"}],"wp:attachment":[{"href":"https:\/\/hurt.wineport.pl\/index.php?rest_route=%2Fwp%2Fv2%2Fmedia&parent=21979"}],"wp:term":[{"taxonomy":"product_cat","embeddable":true,"href":"https:\/\/hurt.wineport.pl\/index.php?rest_route=%2Fwp%2Fv2%2Fproduct_cat&post=21979"},{"taxonomy":"product_tag","embeddable":true,"href":"https:\/\/hurt.wineport.pl\/index.php?rest_route=%2Fwp%2Fv2%2Fproduct_tag&post=21979"}],"curies":[{"name":"wp","href":"https:\/\/api.w.org\/{rel}","templated":true}]}}