{"id":24233,"date":"2024-08-24T19:21:02","date_gmt":"2024-08-24T17:21:02","guid":{"rendered":"https:\/\/hurt.wineport.pl\/?product=wino-monasterio-de-san-miguel-tinto-roble-075l-14"},"modified":"2024-08-24T19:21:02","modified_gmt":"2024-08-24T17:21:02","slug":"wino-monasterio-de-san-miguel-tinto-roble-075l-14","status":"publish","type":"product","link":"https:\/\/hurt.wineport.pl\/?product=wino-monasterio-de-san-miguel-tinto-roble-075l-14","title":{"rendered":"Wino MONASTERIO DE SAN MIGUEL Tinto Roble 0,75L"},"content":{"rendered":"<p>To czerwone wino wytrawne z Ribera del Duero &#8211; najlepszego regionu winnego w Hiszpanii. Wyprodukowane z r\u0119cznie zbieranych winogron z 60-letnich krzak\u00f3w.\u00a0Wino przez 6 miesi\u0119cy dojrzewa\u0142o w beczkach debowych z francuskiego i ameryka\u0144skiego d\u0119bu, to tyle co crianza z regionu Rioja.<\/p>\n<p>Wina MONASTERIO DE SAN MIGUEL to wielka uczta dla koneser\u00f3w wina, to wina kt\u00f3re si\u0119 wyr\u00f3\u017cniaj\u0105 jako\u015bci\u0105 po\u015br\u00f3d innych win z RIBERA DEL DUERO najlepszego regionu w Hiszpanii, do kt\u00f3rego por\u00f3wnywalne s\u0105 tylko najlepsze bordowskie apelacje jak Pauliac, Pomerol. Czo\u0142owe wino z Ribera del Duero &#8220;VEGA SICILIA&#8221; jest czesto por\u00f3wnywane z najlepszym i najdro\u017cszym wytrawnym winem \u015awiata &#8220;PETRUS&#8221;.\u00a0<\/p>\n","protected":false},"excerpt":{"rendered":"<p>To czerwone wino wytrawne z Ribera del Duero &#8211; najlepszego regionu winnego w Hiszpanii. Wyprodukowane z r\u0119cznie zbieranych winogron z 60-letnich krzak\u00f3w.\u00a0Wino przez 6 miesi\u0119cy dojrzewa\u0142o w beczkach debowych z francuskiego i ameryka\u0144skiego d\u0119bu, to tyle co crianza z regionu Rioja.<\/p>\n<p>Wina MONASTERIO DE SAN MIGUEL to wielka uczta dla koneser\u00f3w wina, to wina kt\u00f3re si\u0119 wyr\u00f3\u017cniaj\u0105 jako\u015bci\u0105 po\u015br\u00f3d innych win z RIBERA DEL DUERO najlepszego regionu w Hiszpanii, do kt\u00f3rego por\u00f3wnywalne s\u0105 tylko najlepsze bordowskie apelacje jak Pauliac, Pomerol. Czo\u0142owe wino z Ribera del Duero &#8220;VEGA SICILIA&#8221; jest czesto por\u00f3wnywane z najlepszym i najdro\u017cszym wytrawnym winem \u015awiata &#8220;PETRUS&#8221;.\u00a0<\/p>\n","protected":false},"featured_media":19297,"comment_status":"open","ping_status":"closed","template":"","meta":[],"product_cat":[15],"product_tag":[],"class_list":{"0":"post-24233","1":"product","2":"type-product","3":"status-publish","4":"has-post-thumbnail","6":"product_cat-inne","8":"first","9":"instock","10":"sale","11":"shipping-taxable","12":"purchasable","13":"product-type-simple"},"_links":{"self":[{"href":"https:\/\/hurt.wineport.pl\/index.php?rest_route=\/wp\/v2\/product\/24233","targetHints":{"allow":["GET"]}}],"collection":[{"href":"https:\/\/hurt.wineport.pl\/index.php?rest_route=\/wp\/v2\/product"}],"about":[{"href":"https:\/\/hurt.wineport.pl\/index.php?rest_route=\/wp\/v2\/types\/product"}],"replies":[{"embeddable":true,"href":"https:\/\/hurt.wineport.pl\/index.php?rest_route=%2Fwp%2Fv2%2Fcomments&post=24233"}],"wp:featuredmedia":[{"embeddable":true,"href":"https:\/\/hurt.wineport.pl\/index.php?rest_route=\/wp\/v2\/media\/19297"}],"wp:attachment":[{"href":"https:\/\/hurt.wineport.pl\/index.php?rest_route=%2Fwp%2Fv2%2Fmedia&parent=24233"}],"wp:term":[{"taxonomy":"product_cat","embeddable":true,"href":"https:\/\/hurt.wineport.pl\/index.php?rest_route=%2Fwp%2Fv2%2Fproduct_cat&post=24233"},{"taxonomy":"product_tag","embeddable":true,"href":"https:\/\/hurt.wineport.pl\/index.php?rest_route=%2Fwp%2Fv2%2Fproduct_tag&post=24233"}],"curies":[{"name":"wp","href":"https:\/\/api.w.org\/{rel}","templated":true}]}}