{"id":25004,"date":"2024-09-14T20:11:30","date_gmt":"2024-09-14T18:11:30","guid":{"rendered":"https:\/\/hurt.wineport.pl\/?product=wino-esteban-martin-crianza-czerwone-wytrawne-075l-16"},"modified":"2024-09-14T20:11:30","modified_gmt":"2024-09-14T18:11:30","slug":"wino-esteban-martin-crianza-czerwone-wytrawne-075l-16","status":"publish","type":"product","link":"https:\/\/hurt.wineport.pl\/?product=wino-esteban-martin-crianza-czerwone-wytrawne-075l-16","title":{"rendered":"Wino Esteban Martin CRIANZA czerwone wytrawne 0,75L"},"content":{"rendered":"<p><font color=\"#000000\"><font face=\"Times New Roman, serif\"><font size=\"2\">Wspania\u0142a relacja jako\u015bci do ceny. Wino zdoby\u0142o nast\u0119puj\u0105ce nagrody i wyr\u00f3\u017cnienia:<\/font><\/font><\/font><\/p>\n<p><font color=\"#000000\"><font face=\"Times New Roman, serif\"><font size=\"2\">&#8211; 87pkt w przewodniku po winach Hiszpanii Guia Penin<\/font><\/font><\/font><\/p>\n<p><font color=\"#000000\"><font face=\"Times New Roman, serif\"><font size=\"2\">&#8211; 5 gwiazdek w przewodniku po winach Hiszpanii<\/font><\/font><\/font><\/p>\n<p><font color=\"#000000\"><font face=\"Times New Roman, serif\"><font size=\"2\">Wino doj\u017cewa 7 miesi\u0119cy w beczkach z d\u0119bu ameryka\u0144skiego. Wspania\u0142a mieszanka szczep\u00f3w Garnacha, Tempranillo i Syrach. G\u0142\u0119boki purpurowy color. Wyczuwalny smak toffee, czekolady oraz soczyste nuty wi\u015bni i jag\u00f3d. Dobrze zbudowane na podniebieniu z bardzo przyjemnymi delikatnymi taninami. Wino to \u017ceby osi\u0105gne\u0142o odpowiedni smak musi by\u0107 otwarte przynajmniej 30 minut przed konsumpcj\u0105..<\/font><\/font><\/font><\/p>\n<p>\u00a0<\/p>\n","protected":false},"excerpt":{"rendered":"<p><font color=\"#000000\"><font face=\"Times New Roman, serif\"><font size=\"2\">Wspania\u0142a relacja jako\u015bci do ceny. Wino zdoby\u0142o nast\u0119puj\u0105ce nagrody i wyr\u00f3\u017cnienia:<\/font><\/font><\/font><\/p>\n<p><font color=\"#000000\"><font face=\"Times New Roman, serif\"><font size=\"2\">&#8211; 87pkt w przewodniku po winach Hiszpanii Guia Penin<\/font><\/font><\/font><\/p>\n<p><font color=\"#000000\"><font face=\"Times New Roman, serif\"><font size=\"2\">&#8211; 5 gwiazdek w przewodniku po winach Hiszpanii<\/font><\/font><\/font><\/p>\n<p><font color=\"#000000\"><font face=\"Times New Roman, serif\"><font size=\"2\">Wino doj\u017cewa 7 miesi\u0119cy w beczkach z d\u0119bu ameryka\u0144skiego. Wspania\u0142a mieszanka szczep\u00f3w Garnacha, Tempranillo i Syrach. G\u0142\u0119boki purpurowy color. Wyczuwalny smak toffee, czekolady oraz soczyste nuty wi\u015bni i jag\u00f3d. Dobrze zbudowane na podniebieniu z bardzo przyjemnymi delikatnymi taninami. Wino to \u017ceby osi\u0105gne\u0142o odpowiedni smak musi by\u0107 otwarte przynajmniej 30 minut przed konsumpcj\u0105..<\/font><\/font><\/font><\/p>\n<p>\u00a0<\/p>\n","protected":false},"featured_media":18507,"comment_status":"open","ping_status":"closed","template":"","meta":[],"product_cat":[15],"product_tag":[],"class_list":{"0":"post-25004","1":"product","2":"type-product","3":"status-publish","4":"has-post-thumbnail","6":"product_cat-inne","8":"first","9":"instock","10":"sale","11":"shipping-taxable","12":"purchasable","13":"product-type-simple"},"_links":{"self":[{"href":"https:\/\/hurt.wineport.pl\/index.php?rest_route=\/wp\/v2\/product\/25004","targetHints":{"allow":["GET"]}}],"collection":[{"href":"https:\/\/hurt.wineport.pl\/index.php?rest_route=\/wp\/v2\/product"}],"about":[{"href":"https:\/\/hurt.wineport.pl\/index.php?rest_route=\/wp\/v2\/types\/product"}],"replies":[{"embeddable":true,"href":"https:\/\/hurt.wineport.pl\/index.php?rest_route=%2Fwp%2Fv2%2Fcomments&post=25004"}],"wp:featuredmedia":[{"embeddable":true,"href":"https:\/\/hurt.wineport.pl\/index.php?rest_route=\/wp\/v2\/media\/18507"}],"wp:attachment":[{"href":"https:\/\/hurt.wineport.pl\/index.php?rest_route=%2Fwp%2Fv2%2Fmedia&parent=25004"}],"wp:term":[{"taxonomy":"product_cat","embeddable":true,"href":"https:\/\/hurt.wineport.pl\/index.php?rest_route=%2Fwp%2Fv2%2Fproduct_cat&post=25004"},{"taxonomy":"product_tag","embeddable":true,"href":"https:\/\/hurt.wineport.pl\/index.php?rest_route=%2Fwp%2Fv2%2Fproduct_tag&post=25004"}],"curies":[{"name":"wp","href":"https:\/\/api.w.org\/{rel}","templated":true}]}}