{"id":25201,"date":"2024-09-14T20:19:22","date_gmt":"2024-09-14T18:19:22","guid":{"rendered":"https:\/\/hurt.wineport.pl\/?product=cava-gran-palas-organic-brut-organic-075l-16"},"modified":"2024-09-14T20:19:22","modified_gmt":"2024-09-14T18:19:22","slug":"cava-gran-palas-organic-brut-organic-075l-16","status":"publish","type":"product","link":"https:\/\/hurt.wineport.pl\/?product=cava-gran-palas-organic-brut-organic-075l-16","title":{"rendered":"Cava Gran Palas Organic Brut ( Organic) 0,75L"},"content":{"rendered":"<p>Cava Brut Classic to bia\u0142e, wytrawne, wega\u0144skie, hiszpa\u0144skie wino musuj\u0105ce z regionu Penedes. Wino ze szczep\u00f3w Macabeo, Parellada i Xarello.<\/p>\n<p>Wino jest starzone przez oko\u0142o 18 miesi\u0119cy w piwnicach, aby uzyska\u0107 jego wyj\u0105tkowy charakter i smak.<\/p>\n<p>Wino ma jasno\u017c\u00f3\u0142t\u0105 barw\u0119 i aromat cytrus\u00f3w i owoc\u00f3w tropikalnych, wraz z nutami dro\u017cd\u017cy i pieczywa. W smaku jest wytrawne, z intensywnymi nutami owocowymi, zw\u0142aszcza zielonych jab\u0142ek i winogron. Wino ma przyjemnie wysok\u0105 kwasowo\u015b\u0107, co nadaje mu \u015bwie\u017co\u015bci i lekko\u015bci.<\/p>\n<p>Cava Gran Palas Organic Brut jest doskona\u0142ym wyborem jako aperitif lub do podawania z przystawkami, sa\u0142atkami, owocami morza lub rybami. To tak\u017ce wspania\u0142e wino do towarzyszenia deserom, takim jak tarta cytrynowa lub sernik.<\/p>\n<p>Wino posiada europejski certyfikat ECO BIO.<\/p>\n","protected":false},"excerpt":{"rendered":"<p>Cava Brut Classic to bia\u0142e, wytrawne, wega\u0144skie, hiszpa\u0144skie wino musuj\u0105ce z regionu Penedes. Wino ze szczep\u00f3w Macabeo, Parellada i Xarello.<\/p>\n<p>Wino jest starzone przez oko\u0142o 18 miesi\u0119cy w piwnicach, aby uzyska\u0107 jego wyj\u0105tkowy charakter i smak.<\/p>\n<p>Wino ma jasno\u017c\u00f3\u0142t\u0105 barw\u0119 i aromat cytrus\u00f3w i owoc\u00f3w tropikalnych, wraz z nutami dro\u017cd\u017cy i pieczywa. W smaku jest wytrawne, z intensywnymi nutami owocowymi, zw\u0142aszcza zielonych jab\u0142ek i winogron. Wino ma przyjemnie wysok\u0105 kwasowo\u015b\u0107, co nadaje mu \u015bwie\u017co\u015bci i lekko\u015bci.<\/p>\n<p>Cava Gran Palas Organic Brut jest doskona\u0142ym wyborem jako aperitif lub do podawania z przystawkami, sa\u0142atkami, owocami morza lub rybami. To tak\u017ce wspania\u0142e wino do towarzyszenia deserom, takim jak tarta cytrynowa lub sernik.<\/p>\n<p>Wino posiada europejski certyfikat ECO BIO.<\/p>\n","protected":false},"featured_media":19096,"comment_status":"open","ping_status":"closed","template":"","meta":[],"product_cat":[15],"product_tag":[],"class_list":{"0":"post-25201","1":"product","2":"type-product","3":"status-publish","4":"has-post-thumbnail","6":"product_cat-inne","8":"first","9":"instock","10":"sale","11":"shipping-taxable","12":"purchasable","13":"product-type-simple"},"_links":{"self":[{"href":"https:\/\/hurt.wineport.pl\/index.php?rest_route=\/wp\/v2\/product\/25201","targetHints":{"allow":["GET"]}}],"collection":[{"href":"https:\/\/hurt.wineport.pl\/index.php?rest_route=\/wp\/v2\/product"}],"about":[{"href":"https:\/\/hurt.wineport.pl\/index.php?rest_route=\/wp\/v2\/types\/product"}],"replies":[{"embeddable":true,"href":"https:\/\/hurt.wineport.pl\/index.php?rest_route=%2Fwp%2Fv2%2Fcomments&post=25201"}],"wp:featuredmedia":[{"embeddable":true,"href":"https:\/\/hurt.wineport.pl\/index.php?rest_route=\/wp\/v2\/media\/19096"}],"wp:attachment":[{"href":"https:\/\/hurt.wineport.pl\/index.php?rest_route=%2Fwp%2Fv2%2Fmedia&parent=25201"}],"wp:term":[{"taxonomy":"product_cat","embeddable":true,"href":"https:\/\/hurt.wineport.pl\/index.php?rest_route=%2Fwp%2Fv2%2Fproduct_cat&post=25201"},{"taxonomy":"product_tag","embeddable":true,"href":"https:\/\/hurt.wineport.pl\/index.php?rest_route=%2Fwp%2Fv2%2Fproduct_tag&post=25201"}],"curies":[{"name":"wp","href":"https:\/\/api.w.org\/{rel}","templated":true}]}}