{"id":31110,"date":"2025-01-12T01:51:25","date_gmt":"2025-01-12T00:51:25","guid":{"rendered":"https:\/\/hurt.wineport.pl\/?product=chateau-maledan-bordeaux-superieur-aoc-brunot-estate-botled-33"},"modified":"2025-01-12T01:51:25","modified_gmt":"2025-01-12T00:51:25","slug":"chateau-maledan-bordeaux-superieur-aoc-brunot-estate-botled-33","status":"publish","type":"product","link":"https:\/\/hurt.wineport.pl\/?product=chateau-maledan-bordeaux-superieur-aoc-brunot-estate-botled-33","title":{"rendered":"Ch\u00e2teau Maledan Bordeaux Sup\u00e9rieur AOC BRUNOT ESTATE BOTLED"},"content":{"rendered":"<p>Wino ma pi\u0119kny rubinowy kolor z po\u0142yskiem. G\u0142\u00f3wnie owocowy nos z pi\u0119knymi aromatami czerwonych i czarnych owoc\u00f3w. Na podniebieniu j\u0119drne i \u0142agodne zarazem , dobrze wspierane przez delikatne taniny.<br \/>Jest to wino z charakterem, kt\u00f3re doskonale komponuje si\u0119 z czerwonymi mi\u0119sami i dziczyzn\u0105.<\/p>\n","protected":false},"excerpt":{"rendered":"<p>Wino ma pi\u0119kny rubinowy kolor z po\u0142yskiem. G\u0142\u00f3wnie owocowy nos z pi\u0119knymi aromatami czerwonych i czarnych owoc\u00f3w. Na podniebieniu j\u0119drne i \u0142agodne zarazem , dobrze wspierane przez delikatne taniny.<br \/>Jest to wino z charakterem, kt\u00f3re doskonale komponuje si\u0119 z czerwonymi mi\u0119sami i dziczyzn\u0105.<\/p>\n<p>Wybudowany w XVIII wieku Ch\u00e2teau Maledan, dawny pa\u0142acyk my\u015bliwski sprzed rewolucji francuskiej, zosta\u0142 w 1920 roku nabyty przez rodzin\u0119 HERAUD. Nast\u0119pnie Mme BRUNOT-HERAUD odziedziczy\u0142a cz\u0119\u015b\u0107 winnicy, kt\u00f3r\u0105 zarz\u0105dza. od 1984 roku.<br \/>Nieruchomo\u015b\u0107 znajduje si\u0119 oko\u0142o dziesi\u0119ciu kilometr\u00f3w na wsch\u00f3d od miasta Bordeaux . Winnica znajduje si\u0119 w jednym z najwy\u017cszych punkt\u00f3w regionu.<br \/>Gliniasto-\u017cwirowa gleba nadaje winu dobr\u0105 struktur\u0119. Wino jest przyjemne do picia w m\u0142odo\u015bci i mo\u017ce by\u0107 przechowywane w piwnicy przez ok dziesi\u0119\u0107 lat.<br \/>Winnica: o powierzchni ok. 13 ha odmiany winoro\u015bli s\u0105 tradycyjne z przewag\u0105 Merlot 92%, nast\u0119pnie Cabernet Franc z 8%.<\/p>\n<p>Le\u017cakowanie: oko\u0142o 12 miesi\u0119cy w kadziach i 3-4 miesi\u0105ce w beczkach d\u0119bowych<\/p>\n<p>Butikowa produkcja tylko oko\u0142o 29tys butelek rocznie.<\/p>\n","protected":false},"featured_media":19228,"comment_status":"open","ping_status":"closed","template":"","meta":[],"product_cat":[15],"product_tag":[],"class_list":{"0":"post-31110","1":"product","2":"type-product","3":"status-publish","4":"has-post-thumbnail","6":"product_cat-inne","8":"first","9":"instock","10":"sale","11":"shipping-taxable","12":"purchasable","13":"product-type-simple"},"_links":{"self":[{"href":"https:\/\/hurt.wineport.pl\/index.php?rest_route=\/wp\/v2\/product\/31110","targetHints":{"allow":["GET"]}}],"collection":[{"href":"https:\/\/hurt.wineport.pl\/index.php?rest_route=\/wp\/v2\/product"}],"about":[{"href":"https:\/\/hurt.wineport.pl\/index.php?rest_route=\/wp\/v2\/types\/product"}],"replies":[{"embeddable":true,"href":"https:\/\/hurt.wineport.pl\/index.php?rest_route=%2Fwp%2Fv2%2Fcomments&post=31110"}],"wp:featuredmedia":[{"embeddable":true,"href":"https:\/\/hurt.wineport.pl\/index.php?rest_route=\/wp\/v2\/media\/19228"}],"wp:attachment":[{"href":"https:\/\/hurt.wineport.pl\/index.php?rest_route=%2Fwp%2Fv2%2Fmedia&parent=31110"}],"wp:term":[{"taxonomy":"product_cat","embeddable":true,"href":"https:\/\/hurt.wineport.pl\/index.php?rest_route=%2Fwp%2Fv2%2Fproduct_cat&post=31110"},{"taxonomy":"product_tag","embeddable":true,"href":"https:\/\/hurt.wineport.pl\/index.php?rest_route=%2Fwp%2Fv2%2Fproduct_tag&post=31110"}],"curies":[{"name":"wp","href":"https:\/\/api.w.org\/{rel}","templated":true}]}}