{"id":33959,"date":"2025-03-16T04:53:44","date_gmt":"2025-03-16T03:53:44","guid":{"rendered":"https:\/\/hurt.wineport.pl\/?product=balance-belgian-luxury-chocolate-85g-tanzania-dark-75-42"},"modified":"2025-03-16T04:53:44","modified_gmt":"2025-03-16T03:53:44","slug":"balance-belgian-luxury-chocolate-85g-tanzania-dark-75-42","status":"publish","type":"product","link":"https:\/\/hurt.wineport.pl\/?product=balance-belgian-luxury-chocolate-85g-tanzania-dark-75-42","title":{"rendered":"Balance Belgian LUXURY Chocolate 85G TANZANIA DARK 75%"},"content":{"rendered":"<p><font face=\"Times New Roman, serif\"><font size=\"2\"><font color=\"#000000\">Balance to czekolady z prawdziwej malej belgiskiej rodzinnej manufaktury. Belgia s\u0142ynie z najlepszych na \u015bwiecie czekolad. Rodzina Klingele zacze\u0142a robi\u0107 czekolady w domowej manufakturze od 1995. W tej chwili maj\u0105 ju\u017c sw\u00f3j zak\u0142ad produkcyjny ale jako\u015b\u0107 czekolady mocno odbiega od innych belgijskich producent\u00f3w masowych. Linia LUXURY to kwintesencja tego jak powinna smakowa\u0107 gorzka czekolada. TANZANIA 75% to\u00a0intensywny smak kakao z powiewem \u015bwie\u017co\u015bci. Czekolady te idealnie kompunuj\u0105 sie z czerwonym wytrawnym winem!<\/font> <\/font><\/font><\/p>\n","protected":false},"excerpt":{"rendered":"<p><font face=\"Times New Roman, serif\"><font size=\"2\"><font color=\"#000000\">Balance to czekolady z prawdziwej malej belgiskiej rodzinnej manufaktury. Belgia s\u0142ynie z najlepszych na \u015bwiecie czekolad. Rodzina Klingele zacze\u0142a robi\u0107 czekolady w domowej manufakturze od 1995. W tej chwili maj\u0105 ju\u017c sw\u00f3j zak\u0142ad produkcyjny ale jako\u015b\u0107 czekolady mocno odbiega od innych belgijskich producent\u00f3w masowych. Linia LUXURY to kwintesencja tego jak powinna smakowa\u0107 gorzka czekolada. TANZANIA 75% to\u00a0intensywny smak kakao z powiewem \u015bwie\u017co\u015bci. Czekolady te idealnie kompunuj\u0105 sie z czerwonym wytrawnym winem!<\/font> <\/font><\/font><\/p>\n","protected":false},"featured_media":18462,"comment_status":"open","ping_status":"closed","template":"","meta":[],"product_cat":[15],"product_tag":[],"class_list":{"0":"post-33959","1":"product","2":"type-product","3":"status-publish","4":"has-post-thumbnail","6":"product_cat-inne","8":"first","9":"instock","10":"shipping-taxable","11":"purchasable","12":"product-type-simple"},"_links":{"self":[{"href":"https:\/\/hurt.wineport.pl\/index.php?rest_route=\/wp\/v2\/product\/33959","targetHints":{"allow":["GET"]}}],"collection":[{"href":"https:\/\/hurt.wineport.pl\/index.php?rest_route=\/wp\/v2\/product"}],"about":[{"href":"https:\/\/hurt.wineport.pl\/index.php?rest_route=\/wp\/v2\/types\/product"}],"replies":[{"embeddable":true,"href":"https:\/\/hurt.wineport.pl\/index.php?rest_route=%2Fwp%2Fv2%2Fcomments&post=33959"}],"wp:featuredmedia":[{"embeddable":true,"href":"https:\/\/hurt.wineport.pl\/index.php?rest_route=\/wp\/v2\/media\/18462"}],"wp:attachment":[{"href":"https:\/\/hurt.wineport.pl\/index.php?rest_route=%2Fwp%2Fv2%2Fmedia&parent=33959"}],"wp:term":[{"taxonomy":"product_cat","embeddable":true,"href":"https:\/\/hurt.wineport.pl\/index.php?rest_route=%2Fwp%2Fv2%2Fproduct_cat&post=33959"},{"taxonomy":"product_tag","embeddable":true,"href":"https:\/\/hurt.wineport.pl\/index.php?rest_route=%2Fwp%2Fv2%2Fproduct_tag&post=33959"}],"curies":[{"name":"wp","href":"https:\/\/api.w.org\/{rel}","templated":true}]}}