{"id":35380,"date":"2025-04-13T05:56:27","date_gmt":"2025-04-13T03:56:27","guid":{"rendered":"https:\/\/hurt.wineport.pl\/?product=wino-cinquepassi-bianco-igt-veneto-075l-46"},"modified":"2025-04-13T05:56:27","modified_gmt":"2025-04-13T03:56:27","slug":"wino-cinquepassi-bianco-igt-veneto-075l-46","status":"publish","type":"product","link":"https:\/\/hurt.wineport.pl\/?product=wino-cinquepassi-bianco-igt-veneto-075l-46","title":{"rendered":"Wino Cinquepassi Bianco IGT Veneto 0,75l"},"content":{"rendered":"<p><font face=\"Times New Roman, serif\"><font size=\"2\"><font color=\"#000000\">Wspania\u0142e autorskie wino w\u0142oskie z Veneto. Wino to jest laureatem wielu presti\u017cowych nagr\u00f3d min rekomendacja od DECANTERA. Kto zna si\u0119 na winach w\u0142oskich dobrze wie \u017ce cz\u0119sto bywa, \u017ce wina IGT wielokrotnie przewy\u017cszaj\u0105 jako\u015bci\u0105 wina DOCG. Szczepy :\u00a0Garganega 60%\u00a0Chardonnay 18%\u00a0Sauvignon Blanc 17%\u00a0Durella 5%<\/font> <\/font><\/font><\/p>\n","protected":false},"excerpt":{"rendered":"<p><font face=\"Times New Roman, serif\"><font size=\"2\"><font color=\"#000000\">Wspania\u0142e autorskie wino w\u0142oskie z Veneto. Wino to jest laureatem wielu presti\u017cowych nagr\u00f3d min rekomendacja od DECANTERA. Kto zna si\u0119 na winach w\u0142oskich dobrze wie \u017ce cz\u0119sto bywa, \u017ce wina IGT wielokrotnie przewy\u017cszaj\u0105 jako\u015bci\u0105 wina DOCG. Szczepy :\u00a0Garganega 60%\u00a0Chardonnay 18%\u00a0Sauvignon Blanc 17%\u00a0Durella 5%<\/font> <\/font><\/font><\/p>\n","protected":false},"featured_media":18583,"comment_status":"open","ping_status":"closed","template":"","meta":[],"product_cat":[15],"product_tag":[],"class_list":{"0":"post-35380","1":"product","2":"type-product","3":"status-publish","4":"has-post-thumbnail","6":"product_cat-inne","8":"first","9":"instock","10":"shipping-taxable","11":"purchasable","12":"product-type-simple"},"_links":{"self":[{"href":"https:\/\/hurt.wineport.pl\/index.php?rest_route=\/wp\/v2\/product\/35380","targetHints":{"allow":["GET"]}}],"collection":[{"href":"https:\/\/hurt.wineport.pl\/index.php?rest_route=\/wp\/v2\/product"}],"about":[{"href":"https:\/\/hurt.wineport.pl\/index.php?rest_route=\/wp\/v2\/types\/product"}],"replies":[{"embeddable":true,"href":"https:\/\/hurt.wineport.pl\/index.php?rest_route=%2Fwp%2Fv2%2Fcomments&post=35380"}],"wp:featuredmedia":[{"embeddable":true,"href":"https:\/\/hurt.wineport.pl\/index.php?rest_route=\/wp\/v2\/media\/18583"}],"wp:attachment":[{"href":"https:\/\/hurt.wineport.pl\/index.php?rest_route=%2Fwp%2Fv2%2Fmedia&parent=35380"}],"wp:term":[{"taxonomy":"product_cat","embeddable":true,"href":"https:\/\/hurt.wineport.pl\/index.php?rest_route=%2Fwp%2Fv2%2Fproduct_cat&post=35380"},{"taxonomy":"product_tag","embeddable":true,"href":"https:\/\/hurt.wineport.pl\/index.php?rest_route=%2Fwp%2Fv2%2Fproduct_tag&post=35380"}],"curies":[{"name":"wp","href":"https:\/\/api.w.org\/{rel}","templated":true}]}}