{"id":37915,"date":"2025-06-01T07:52:25","date_gmt":"2025-06-01T05:52:25","guid":{"rendered":"https:\/\/hurt.wineport.pl\/?product=carpaccio-z-czarnych-truffli-35g-selektia-tartufi-53"},"modified":"2025-06-01T07:52:25","modified_gmt":"2025-06-01T05:52:25","slug":"carpaccio-z-czarnych-truffli-35g-selektia-tartufi-53","status":"publish","type":"product","link":"https:\/\/hurt.wineport.pl\/?product=carpaccio-z-czarnych-truffli-35g-selektia-tartufi-53","title":{"rendered":"Carpaccio z Czarnych Truffli 35g SELEKTIA TARTUFI"},"content":{"rendered":"<p>Letnia czarna trufla (Tuber Aestivum Vitt.) Cienko pokrojona w oleju s\u0142onecznikowym smak z typowymi toska\u0144skimi nutami korzennymi. Dobry jako sos do makaronu lub sos do czerwonego i bia\u0142ego mi\u0119sa. od znanego w\u0142oskiego producenta przetwor\u00f3w premium z trufli SELEKTIA TARTUFI<\/p>\n","protected":false},"excerpt":{"rendered":"<p>Letnia czarna trufla (Tuber Aestivum Vitt.) Cienko pokrojona w oleju s\u0142onecznikowym smak z typowymi toska\u0144skimi nutami korzennymi. Dobry jako sos do makaronu lub sos do czerwonego i bia\u0142ego mi\u0119sa. od znanego w\u0142oskiego producenta przetwor\u00f3w premium z trufli SELEKTIA TARTUFI<\/p>\n","protected":false},"featured_media":18940,"comment_status":"open","ping_status":"closed","template":"","meta":[],"product_cat":[15],"product_tag":[],"class_list":{"0":"post-37915","1":"product","2":"type-product","3":"status-publish","4":"has-post-thumbnail","6":"product_cat-inne","8":"first","9":"instock","10":"sale","11":"shipping-taxable","12":"purchasable","13":"product-type-simple"},"_links":{"self":[{"href":"https:\/\/hurt.wineport.pl\/index.php?rest_route=\/wp\/v2\/product\/37915","targetHints":{"allow":["GET"]}}],"collection":[{"href":"https:\/\/hurt.wineport.pl\/index.php?rest_route=\/wp\/v2\/product"}],"about":[{"href":"https:\/\/hurt.wineport.pl\/index.php?rest_route=\/wp\/v2\/types\/product"}],"replies":[{"embeddable":true,"href":"https:\/\/hurt.wineport.pl\/index.php?rest_route=%2Fwp%2Fv2%2Fcomments&post=37915"}],"wp:featuredmedia":[{"embeddable":true,"href":"https:\/\/hurt.wineport.pl\/index.php?rest_route=\/wp\/v2\/media\/18940"}],"wp:attachment":[{"href":"https:\/\/hurt.wineport.pl\/index.php?rest_route=%2Fwp%2Fv2%2Fmedia&parent=37915"}],"wp:term":[{"taxonomy":"product_cat","embeddable":true,"href":"https:\/\/hurt.wineport.pl\/index.php?rest_route=%2Fwp%2Fv2%2Fproduct_cat&post=37915"},{"taxonomy":"product_tag","embeddable":true,"href":"https:\/\/hurt.wineport.pl\/index.php?rest_route=%2Fwp%2Fv2%2Fproduct_tag&post=37915"}],"curies":[{"name":"wp","href":"https:\/\/api.w.org\/{rel}","templated":true}]}}