{"id":38196,"date":"2025-06-08T08:08:57","date_gmt":"2025-06-08T06:08:57","guid":{"rendered":"https:\/\/hurt.wineport.pl\/?product=wino-cervantes-polwytrawne-rozowe-075l-54"},"modified":"2025-06-08T08:08:57","modified_gmt":"2025-06-08T06:08:57","slug":"wino-cervantes-polwytrawne-rozowe-075l-54","status":"publish","type":"product","link":"https:\/\/hurt.wineport.pl\/?product=wino-cervantes-polwytrawne-rozowe-075l-54","title":{"rendered":"Wino Cervantes &#8211; P\u00f3\u0142wytrawne r\u00f3\u017cowe 0,75L"},"content":{"rendered":"<p><font color=\"#000000\"><font face=\"Times New Roman, serif\"><font size=\"2\">Nowo\u015b\u0107 orze\u017awiaj\u0105ce p\u00f3\u0142wytrawne r\u00f3\u017cowe wino z regionu la mancha idealne jako aperitif! <\/font><\/font><\/font><\/p>\n","protected":false},"excerpt":{"rendered":"<p><font color=\"#000000\"><font face=\"Times New Roman, serif\"><font size=\"2\">Nowo\u015b\u0107 orze\u017awiaj\u0105ce p\u00f3\u0142wytrawne r\u00f3\u017cowe wino z regionu la mancha idealne jako aperitif! <\/font><\/font><\/font><\/p>\n","protected":false},"featured_media":18748,"comment_status":"open","ping_status":"closed","template":"","meta":[],"product_cat":[15],"product_tag":[],"class_list":{"0":"post-38196","1":"product","2":"type-product","3":"status-publish","4":"has-post-thumbnail","6":"product_cat-inne","8":"first","9":"instock","10":"shipping-taxable","11":"purchasable","12":"product-type-simple"},"_links":{"self":[{"href":"https:\/\/hurt.wineport.pl\/index.php?rest_route=\/wp\/v2\/product\/38196","targetHints":{"allow":["GET"]}}],"collection":[{"href":"https:\/\/hurt.wineport.pl\/index.php?rest_route=\/wp\/v2\/product"}],"about":[{"href":"https:\/\/hurt.wineport.pl\/index.php?rest_route=\/wp\/v2\/types\/product"}],"replies":[{"embeddable":true,"href":"https:\/\/hurt.wineport.pl\/index.php?rest_route=%2Fwp%2Fv2%2Fcomments&post=38196"}],"wp:featuredmedia":[{"embeddable":true,"href":"https:\/\/hurt.wineport.pl\/index.php?rest_route=\/wp\/v2\/media\/18748"}],"wp:attachment":[{"href":"https:\/\/hurt.wineport.pl\/index.php?rest_route=%2Fwp%2Fv2%2Fmedia&parent=38196"}],"wp:term":[{"taxonomy":"product_cat","embeddable":true,"href":"https:\/\/hurt.wineport.pl\/index.php?rest_route=%2Fwp%2Fv2%2Fproduct_cat&post=38196"},{"taxonomy":"product_tag","embeddable":true,"href":"https:\/\/hurt.wineport.pl\/index.php?rest_route=%2Fwp%2Fv2%2Fproduct_tag&post=38196"}],"curies":[{"name":"wp","href":"https:\/\/api.w.org\/{rel}","templated":true}]}}