{"id":38963,"date":"2025-06-22T08:58:31","date_gmt":"2025-06-22T06:58:31","guid":{"rendered":"https:\/\/hurt.wineport.pl\/?product=wino-valpolicella-doc-riva-doro-075l-56"},"modified":"2025-06-22T08:58:31","modified_gmt":"2025-06-22T06:58:31","slug":"wino-valpolicella-doc-riva-doro-075l-56","status":"publish","type":"product","link":"https:\/\/hurt.wineport.pl\/?product=wino-valpolicella-doc-riva-doro-075l-56","title":{"rendered":"Wino Valpolicella DOC Riva d&#8217;Oro 0,75L"},"content":{"rendered":"","protected":false},"excerpt":{"rendered":"<pre class=\"tw-data-text tw-ta tw-text-small\" dir=\"ltr\" data-placeholder=\"T\u0142umaczenie\" data-fulltext=\"\"><span lang=\"pl\">VALPOLICELLA DOC  Rodzaj wina: czerwone wino  Wino: Valpolicella DOC  Alc. Vol%: 12  Winogrona: 75% Corvina, 25% Rondinella  Ca\u0142kowita produkcja: 60 000 butelek<br \/><\/span>Strefa produkcji:Werona<\/pre>\n<pre id=\"tw-target-text\" class=\"tw-data-text tw-ta tw-text-small\" dir=\"ltr\" data-placeholder=\"T\u0142umaczenie\" data-fulltext=\"\"><span lang=\"pl\">Kolor: czerwony z ciemnymi refleksami  Bukiet: nuty owoc\u00f3w, czerwonych jag\u00f3d  Smak: elegancki i suchy  Serwowa\u0107 do kurczaka i czerwonego mi\u0119sa<\/span><\/pre>\n<pre id=\"tw-target-text\" class=\"tw-data-text tw-ta tw-text-small\" dir=\"ltr\" data-placeholder=\"T\u0142umaczenie\" data-fulltext=\"\"><span lang=\"pl\">\u00a0<\/span><\/pre>\n","protected":false},"featured_media":18976,"comment_status":"open","ping_status":"closed","template":"","meta":[],"product_cat":[15],"product_tag":[],"class_list":{"0":"post-38963","1":"product","2":"type-product","3":"status-publish","4":"has-post-thumbnail","6":"product_cat-inne","8":"first","9":"instock","10":"shipping-taxable","11":"purchasable","12":"product-type-simple"},"_links":{"self":[{"href":"https:\/\/hurt.wineport.pl\/index.php?rest_route=\/wp\/v2\/product\/38963","targetHints":{"allow":["GET"]}}],"collection":[{"href":"https:\/\/hurt.wineport.pl\/index.php?rest_route=\/wp\/v2\/product"}],"about":[{"href":"https:\/\/hurt.wineport.pl\/index.php?rest_route=\/wp\/v2\/types\/product"}],"replies":[{"embeddable":true,"href":"https:\/\/hurt.wineport.pl\/index.php?rest_route=%2Fwp%2Fv2%2Fcomments&post=38963"}],"wp:featuredmedia":[{"embeddable":true,"href":"https:\/\/hurt.wineport.pl\/index.php?rest_route=\/wp\/v2\/media\/18976"}],"wp:attachment":[{"href":"https:\/\/hurt.wineport.pl\/index.php?rest_route=%2Fwp%2Fv2%2Fmedia&parent=38963"}],"wp:term":[{"taxonomy":"product_cat","embeddable":true,"href":"https:\/\/hurt.wineport.pl\/index.php?rest_route=%2Fwp%2Fv2%2Fproduct_cat&post=38963"},{"taxonomy":"product_tag","embeddable":true,"href":"https:\/\/hurt.wineport.pl\/index.php?rest_route=%2Fwp%2Fv2%2Fproduct_tag&post=38963"}],"curies":[{"name":"wp","href":"https:\/\/api.w.org\/{rel}","templated":true}]}}