{"id":42280,"date":"2025-08-31T11:35:24","date_gmt":"2025-08-31T09:35:24","guid":{"rendered":"https:\/\/hurt.wineport.pl\/?product=bardolino-chiaretto-doc-almadi-075l-66"},"modified":"2025-08-31T11:35:24","modified_gmt":"2025-08-31T09:35:24","slug":"bardolino-chiaretto-doc-almadi-075l-66","status":"publish","type":"product","link":"https:\/\/hurt.wineport.pl\/?product=bardolino-chiaretto-doc-almadi-075l-66","title":{"rendered":"Bardolino Chiaretto DOC Almadi 0,75l"},"content":{"rendered":"<p><font color=\"#000000\"><font face=\"Times New Roman, serif\"><font size=\"2\">R\u00f3\u017cowe wino kt\u00f3re powstaje na wzg\u00f3rzach w po\u0142udniowo-wschodniej cz\u0119\u015bci jeziora Garda w pobli\u017cu miejscowo\u015bci Bardolino niedaleko Werony . Szczepy : 50 % Corvina, 30 % Rondinella, 10 % Molinara, 10 % Negrara. Przepi\u0119kny bardzo \u017cywy r\u00f3\u017cowy kolor, bukiet owoc\u00f3w le\u015bnych i maliny z nut\u0105 przypominaj\u0105c\u0105 gum\u0119 balonow\u0105, ustach wino jest mocno owocowe z delikatn\u0105 kwasowo\u015bci\u0105 i przyjemnie gorzkim wyko\u0144czeniem . Dobrze pasuje do da\u0144 z drobiu i da\u0144 kuchni azjatyckiej, mo\u017ce te\u017c by\u0107 podane jako aperitif. Nale\u017cy podawa\u0107 sch\u0142odzone.<\/font><\/font><\/font><\/p><\/p>\n","protected":false},"excerpt":{"rendered":"<p><font color=\"#000000\"><font face=\"Times New Roman, serif\"><font size=\"2\">R\u00f3\u017cowe wino kt\u00f3re powstaje na wzg\u00f3rzach w po\u0142udniowo-wschodniej cz\u0119\u015bci jeziora Garda w pobli\u017cu miejscowo\u015bci Bardolino niedaleko Werony . Szczepy : 50 % Corvina, 30 % Rondinella, 10 % Molinara, 10 % Negrara. Przepi\u0119kny bardzo \u017cywy r\u00f3\u017cowy kolor, bukiet owoc\u00f3w le\u015bnych i maliny z nut\u0105 przypominaj\u0105c\u0105 gum\u0119 balonow\u0105, ustach wino jest mocno owocowe z delikatn\u0105 kwasowo\u015bci\u0105 i przyjemnie gorzkim wyko\u0144czeniem . Dobrze pasuje do da\u0144 z drobiu i da\u0144 kuchni azjatyckiej, mo\u017ce te\u017c by\u0107 podane jako aperitif. Nale\u017cy podawa\u0107 sch\u0142odzone.<\/font><\/font><\/font><\/p><\/p>\n","protected":false},"featured_media":18577,"comment_status":"open","ping_status":"closed","template":"","meta":[],"product_cat":[15],"product_tag":[],"class_list":{"0":"post-42280","1":"product","2":"type-product","3":"status-publish","4":"has-post-thumbnail","6":"product_cat-inne","8":"first","9":"instock","10":"shipping-taxable","11":"purchasable","12":"product-type-simple"},"_links":{"self":[{"href":"https:\/\/hurt.wineport.pl\/index.php?rest_route=\/wp\/v2\/product\/42280","targetHints":{"allow":["GET"]}}],"collection":[{"href":"https:\/\/hurt.wineport.pl\/index.php?rest_route=\/wp\/v2\/product"}],"about":[{"href":"https:\/\/hurt.wineport.pl\/index.php?rest_route=\/wp\/v2\/types\/product"}],"replies":[{"embeddable":true,"href":"https:\/\/hurt.wineport.pl\/index.php?rest_route=%2Fwp%2Fv2%2Fcomments&post=42280"}],"wp:featuredmedia":[{"embeddable":true,"href":"https:\/\/hurt.wineport.pl\/index.php?rest_route=\/wp\/v2\/media\/18577"}],"wp:attachment":[{"href":"https:\/\/hurt.wineport.pl\/index.php?rest_route=%2Fwp%2Fv2%2Fmedia&parent=42280"}],"wp:term":[{"taxonomy":"product_cat","embeddable":true,"href":"https:\/\/hurt.wineport.pl\/index.php?rest_route=%2Fwp%2Fv2%2Fproduct_cat&post=42280"},{"taxonomy":"product_tag","embeddable":true,"href":"https:\/\/hurt.wineport.pl\/index.php?rest_route=%2Fwp%2Fv2%2Fproduct_tag&post=42280"}],"curies":[{"name":"wp","href":"https:\/\/api.w.org\/{rel}","templated":true}]}}