{"id":48120,"date":"2025-12-28T20:08:12","date_gmt":"2025-12-28T19:08:12","guid":{"rendered":"https:\/\/hurt.wineport.pl\/?product=wino-esteban-martin-tinto-czerwone-wytrawne-075l-83"},"modified":"2025-12-28T20:08:12","modified_gmt":"2025-12-28T19:08:12","slug":"wino-esteban-martin-tinto-czerwone-wytrawne-075l-83","status":"publish","type":"product","link":"https:\/\/hurt.wineport.pl\/?product=wino-esteban-martin-tinto-czerwone-wytrawne-075l-83","title":{"rendered":"Wino Esteban Martin Tinto czerwone wytrawne 0,75L"},"content":{"rendered":"<p><font color=\"#000000\"><font face=\"Times New Roman, serif\"><font size=\"2\">Wspania\u0142a relacja jako\u015bci do ceny. Nagrody i wyr\u00f3\u017cnienia takie jak:<\/font><\/font><\/font><\/p>\n<p><font color=\"#000000\"><font face=\"Times New Roman, serif\"><font size=\"2\">&#8211; z\u0142oty medal na konkursie \u015bwiatowym w Brukseli 2016<\/font><\/font><\/font><\/p>\n<p><font color=\"#000000\"><font face=\"Times New Roman, serif\"><font size=\"2\">&#8211; z\u0142oty medal na konkursie \u015bwiatowym\u00a0Vins Canada 2015<\/font><\/font><\/font><\/p>\n<p><font color=\"#000000\"><font face=\"Times New Roman, serif\"><font size=\"2\">&#8211; 85pkt w przewodniku po winach Hiszpanii Guia Penin<\/font><\/font><\/font><\/p>\n<p><font color=\"#000000\"><font face=\"Times New Roman, serif\"><font size=\"2\">&#8211; 5 gwiazdek w przewodniku po winach Hiszpanii<\/font><\/font><\/font><\/p>\n<p><font color=\"#000000\"><font face=\"Times New Roman, serif\"><font size=\"2\">Mieszanka szczep\u00f3w Garnacha i Syrach. Wino to posiada po\u0142yskliwy rubinowy kolor, intensywny aromat czerwonych owoc\u00f3w i kwiat\u00f3w. Na podniebieniu jest \u0142agodne i \u015bwie\u017ce. Wino posiada przyjemn\u0105 s\u0142odkaw\u0105 ko\u0144c\u00f3wk\u0119.\u00a0<\/font><\/font><\/font><\/p>\n<p>\u00a0<\/p>\n","protected":false},"excerpt":{"rendered":"<p><font color=\"#000000\"><font face=\"Times New Roman, serif\"><font size=\"2\">Wspania\u0142a relacja jako\u015bci do ceny. Nagrody i wyr\u00f3\u017cnienia takie jak:<\/font><\/font><\/font><\/p>\n<p><font color=\"#000000\"><font face=\"Times New Roman, serif\"><font size=\"2\">&#8211; z\u0142oty medal na konkursie \u015bwiatowym w Brukseli 2016<\/font><\/font><\/font><\/p>\n<p><font color=\"#000000\"><font face=\"Times New Roman, serif\"><font size=\"2\">&#8211; z\u0142oty medal na konkursie \u015bwiatowym\u00a0Vins Canada 2015<\/font><\/font><\/font><\/p>\n<p><font color=\"#000000\"><font face=\"Times New Roman, serif\"><font size=\"2\">&#8211; 85pkt w przewodniku po winach Hiszpanii Guia Penin<\/font><\/font><\/font><\/p>\n<p><font color=\"#000000\"><font face=\"Times New Roman, serif\"><font size=\"2\">&#8211; 5 gwiazdek w przewodniku po winach Hiszpanii<\/font><\/font><\/font><\/p>\n<p><font color=\"#000000\"><font face=\"Times New Roman, serif\"><font size=\"2\">Mieszanka szczep\u00f3w Garnacha i Syrach. Wino to posiada po\u0142yskliwy rubinowy kolor, intensywny aromat czerwonych owoc\u00f3w i kwiat\u00f3w. Na podniebieniu jest \u0142agodne i \u015bwie\u017ce. Wino posiada przyjemn\u0105 s\u0142odkaw\u0105 ko\u0144c\u00f3wk\u0119.\u00a0<\/font><\/font><\/font><\/p>\n<p>\u00a0<\/p>\n","protected":false},"featured_media":18498,"comment_status":"open","ping_status":"closed","template":"","meta":[],"product_cat":[15],"product_tag":[],"class_list":{"0":"post-48120","1":"product","2":"type-product","3":"status-publish","4":"has-post-thumbnail","6":"product_cat-inne","8":"first","9":"instock","10":"sale","11":"shipping-taxable","12":"purchasable","13":"product-type-simple"},"_links":{"self":[{"href":"https:\/\/hurt.wineport.pl\/index.php?rest_route=\/wp\/v2\/product\/48120","targetHints":{"allow":["GET"]}}],"collection":[{"href":"https:\/\/hurt.wineport.pl\/index.php?rest_route=\/wp\/v2\/product"}],"about":[{"href":"https:\/\/hurt.wineport.pl\/index.php?rest_route=\/wp\/v2\/types\/product"}],"replies":[{"embeddable":true,"href":"https:\/\/hurt.wineport.pl\/index.php?rest_route=%2Fwp%2Fv2%2Fcomments&post=48120"}],"wp:featuredmedia":[{"embeddable":true,"href":"https:\/\/hurt.wineport.pl\/index.php?rest_route=\/wp\/v2\/media\/18498"}],"wp:attachment":[{"href":"https:\/\/hurt.wineport.pl\/index.php?rest_route=%2Fwp%2Fv2%2Fmedia&parent=48120"}],"wp:term":[{"taxonomy":"product_cat","embeddable":true,"href":"https:\/\/hurt.wineport.pl\/index.php?rest_route=%2Fwp%2Fv2%2Fproduct_cat&post=48120"},{"taxonomy":"product_tag","embeddable":true,"href":"https:\/\/hurt.wineport.pl\/index.php?rest_route=%2Fwp%2Fv2%2Fproduct_tag&post=48120"}],"curies":[{"name":"wp","href":"https:\/\/api.w.org\/{rel}","templated":true}]}}