{"id":48121,"date":"2025-12-28T20:08:13","date_gmt":"2025-12-28T19:08:13","guid":{"rendered":"https:\/\/hurt.wineport.pl\/?product=wino-esteban-martin-blanco-macabeo-chardonnay-075l-83"},"modified":"2025-12-28T20:08:13","modified_gmt":"2025-12-28T19:08:13","slug":"wino-esteban-martin-blanco-macabeo-chardonnay-075l-83","status":"publish","type":"product","link":"https:\/\/hurt.wineport.pl\/?product=wino-esteban-martin-blanco-macabeo-chardonnay-075l-83","title":{"rendered":"Wino Esteban Martin blanco Macabeo- Chardonnay 0,75l"},"content":{"rendered":"<p><span style=\"color: #000000;\"><span style=\"font-family: 'Times New Roman', serif;\"><span style=\"font-size: small;\">Wino pochodz\u0105ce z\u00a0D.O.P. Cari\u00f1ena stworzone ze szczep\u00f3w Chardonnay i Macabeo. Armaty cytryn i innych owoc\u00f3w cytrusowych po\u0142\u0105czone z nutami kwiatowymi. Wino idealne do ryb i owoc\u00f3w morza jak r\u00f3wnie\u017c jako aperitif.\u00a0Wino zdoby\u0142o srebrny medal na \u015bwiatowej wystawie win w Kanadzie.<br \/><\/span><\/span><\/span><\/p>\n<p>Wino ma jasnoz\u0142oty kolor i subtelny, z\u0142o\u017cony aromat z nutami cytrus\u00f3w, bia\u0142ych kwiat\u00f3w i zielonego jab\u0142ka. W smaku jest \u015bwie\u017ce i owocowe, z dobrze zr\u00f3wnowa\u017con\u0105 kwasowo\u015bci\u0105, co nadaje mu wytrawny, d\u0142ugi finisz.<\/p>\n<p>Wino\u00a0 najlepiej podawa\u0107 sch\u0142odzone, w temperaturze od 8 do 10 stopni Celsjusza. Doskonale komponuje si\u0119 z lekkimi daniami, takimi jak sa\u0142atki, ryby, owoce morza, makarony oraz dania z kurczaka.<br \/><span style=\"color: #000000;\"><span style=\"font-family: 'Times New Roman', serif;\"><span style=\"font-size: small;\">http:\/\/www.estebanmartin.com\/esteban-martin-blanco\/<\/span><\/span><\/span><\/p>\n<p>\u00a0<\/p>\n","protected":false},"excerpt":{"rendered":"<p><span style=\"color: #000000;\"><span style=\"font-family: 'Times New Roman', serif;\"><span style=\"font-size: small;\">Wino pochodz\u0105ce z\u00a0D.O.P. Cari\u00f1ena stworzone ze szczep\u00f3w Chardonnay i Macabeo. Armaty cytryn i innych owoc\u00f3w cytrusowych po\u0142\u0105czone z nutami kwiatowymi. Wino idealne do ryb i owoc\u00f3w morza jak r\u00f3wnie\u017c jako aperitif.\u00a0Wino zdoby\u0142o srebrny medal na \u015bwiatowej wystawie win w Kanadzie.<br \/><\/span><\/span><\/span><\/p>\n<p>Wino ma jasnoz\u0142oty kolor i subtelny, z\u0142o\u017cony aromat z nutami cytrus\u00f3w, bia\u0142ych kwiat\u00f3w i zielonego jab\u0142ka. W smaku jest \u015bwie\u017ce i owocowe, z dobrze zr\u00f3wnowa\u017con\u0105 kwasowo\u015bci\u0105, co nadaje mu wytrawny, d\u0142ugi finisz.<\/p>\n<p>Wino\u00a0 najlepiej podawa\u0107 sch\u0142odzone, w temperaturze od 8 do 10 stopni Celsjusza. Doskonale komponuje si\u0119 z lekkimi daniami, takimi jak sa\u0142atki, ryby, owoce morza, makarony oraz dania z kurczaka.<br \/><span style=\"color: #000000;\"><span style=\"font-family: 'Times New Roman', serif;\"><span style=\"font-size: small;\">http:\/\/www.estebanmartin.com\/esteban-martin-blanco\/<\/span><\/span><\/span><\/p>\n<p>\u00a0<\/p>\n","protected":false},"featured_media":18501,"comment_status":"open","ping_status":"closed","template":"","meta":[],"product_cat":[15],"product_tag":[],"class_list":{"0":"post-48121","1":"product","2":"type-product","3":"status-publish","4":"has-post-thumbnail","6":"product_cat-inne","8":"first","9":"instock","10":"sale","11":"shipping-taxable","12":"purchasable","13":"product-type-simple"},"_links":{"self":[{"href":"https:\/\/hurt.wineport.pl\/index.php?rest_route=\/wp\/v2\/product\/48121","targetHints":{"allow":["GET"]}}],"collection":[{"href":"https:\/\/hurt.wineport.pl\/index.php?rest_route=\/wp\/v2\/product"}],"about":[{"href":"https:\/\/hurt.wineport.pl\/index.php?rest_route=\/wp\/v2\/types\/product"}],"replies":[{"embeddable":true,"href":"https:\/\/hurt.wineport.pl\/index.php?rest_route=%2Fwp%2Fv2%2Fcomments&post=48121"}],"wp:featuredmedia":[{"embeddable":true,"href":"https:\/\/hurt.wineport.pl\/index.php?rest_route=\/wp\/v2\/media\/18501"}],"wp:attachment":[{"href":"https:\/\/hurt.wineport.pl\/index.php?rest_route=%2Fwp%2Fv2%2Fmedia&parent=48121"}],"wp:term":[{"taxonomy":"product_cat","embeddable":true,"href":"https:\/\/hurt.wineport.pl\/index.php?rest_route=%2Fwp%2Fv2%2Fproduct_cat&post=48121"},{"taxonomy":"product_tag","embeddable":true,"href":"https:\/\/hurt.wineport.pl\/index.php?rest_route=%2Fwp%2Fv2%2Fproduct_tag&post=48121"}],"curies":[{"name":"wp","href":"https:\/\/api.w.org\/{rel}","templated":true}]}}