{"id":48214,"date":"2025-12-28T20:12:18","date_gmt":"2025-12-28T19:12:18","guid":{"rendered":"https:\/\/hurt.wineport.pl\/?product=wino-gato-negro-merlot-czerwone-wytrawne-chile-075l-83"},"modified":"2025-12-28T20:12:18","modified_gmt":"2025-12-28T19:12:18","slug":"wino-gato-negro-merlot-czerwone-wytrawne-chile-075l-83","status":"publish","type":"product","link":"https:\/\/hurt.wineport.pl\/?product=wino-gato-negro-merlot-czerwone-wytrawne-chile-075l-83","title":{"rendered":"Wino Gato Negro Merlot &#8211; Czerwone Wytrawne Chile 0,75L"},"content":{"rendered":"<p><font color=\"#000000\"><font face=\"Times New Roman, serif\"><font size=\"2\">Gato Negro Merlot &#8211; wino o aromatach dojrza\u0142ych ciemnych owoc\u00f3w: truskawek, \u015bliwek i jag\u00f3d. Po\u0142\u0105czenie tych aromat\u00f3w z mi\u0119kkimi taninami daje doskona\u0142e wino dobre na ka\u017cd\u0105 okazj\u0119.\u00a0Nale\u017cy\u00a0podawa\u0107\u00a0w\u00a0temperaturze\u00a018\u00a0C.\u00a0<\/font><\/font><\/font><\/p>\n<p><font color=\"#000000\"><font face=\"Times New Roman, serif\"><font size=\"2\">Producent wina Gato Vina San Pedro otrzyma\u0142 presti\u017cow\u0105 nagrod\u0119 w 2011 roku jako najlepsza winiarnia z ca\u0142ego nowego \u015bwiata &#8220;New World Winery of the Year 2011&#8221; poni\u017cej filmik na youtube.<\/font><\/font><\/font><\/p>\n<p><font color=\"#000000\"><font face=\"Times New Roman, serif\"><font size=\"2\">http:\/\/www.youtube.com\/watch?v=RlkNyIfTbcE<\/font><\/font><\/font><\/p>\n<p><font face=\"Times New Roman, serif\"><font size=\"2\"><br \/><\/font><\/font><\/p>\n","protected":false},"excerpt":{"rendered":"<p><font color=\"#000000\"><font face=\"Times New Roman, serif\"><font size=\"2\">Gato Negro Merlot &#8211; wino o aromatach dojrza\u0142ych ciemnych owoc\u00f3w: truskawek, \u015bliwek i jag\u00f3d. Po\u0142\u0105czenie tych aromat\u00f3w z mi\u0119kkimi taninami daje doskona\u0142e wino dobre na ka\u017cd\u0105 okazj\u0119.\u00a0Nale\u017cy\u00a0podawa\u0107\u00a0w\u00a0temperaturze\u00a018\u00a0C.\u00a0<\/font><\/font><\/font><\/p>\n<p><font color=\"#000000\"><font face=\"Times New Roman, serif\"><font size=\"2\">Producent wina Gato Vina San Pedro otrzyma\u0142 presti\u017cow\u0105 nagrod\u0119 w 2011 roku jako najlepsza winiarnia z ca\u0142ego nowego \u015bwiata &#8220;New World Winery of the Year 2011&#8221; poni\u017cej filmik na youtube.<\/font><\/font><\/font><\/p>\n<p><font color=\"#000000\"><font face=\"Times New Roman, serif\"><font size=\"2\">http:\/\/www.youtube.com\/watch?v=RlkNyIfTbcE<\/font><\/font><\/font><\/p>\n<p><font face=\"Times New Roman, serif\"><font size=\"2\"><br \/><\/font><\/font><\/p>\n","protected":false},"featured_media":18778,"comment_status":"open","ping_status":"closed","template":"","meta":[],"product_cat":[15],"product_tag":[],"class_list":{"0":"post-48214","1":"product","2":"type-product","3":"status-publish","4":"has-post-thumbnail","6":"product_cat-inne","8":"first","9":"instock","10":"shipping-taxable","11":"purchasable","12":"product-type-simple"},"_links":{"self":[{"href":"https:\/\/hurt.wineport.pl\/index.php?rest_route=\/wp\/v2\/product\/48214","targetHints":{"allow":["GET"]}}],"collection":[{"href":"https:\/\/hurt.wineport.pl\/index.php?rest_route=\/wp\/v2\/product"}],"about":[{"href":"https:\/\/hurt.wineport.pl\/index.php?rest_route=\/wp\/v2\/types\/product"}],"replies":[{"embeddable":true,"href":"https:\/\/hurt.wineport.pl\/index.php?rest_route=%2Fwp%2Fv2%2Fcomments&post=48214"}],"wp:featuredmedia":[{"embeddable":true,"href":"https:\/\/hurt.wineport.pl\/index.php?rest_route=\/wp\/v2\/media\/18778"}],"wp:attachment":[{"href":"https:\/\/hurt.wineport.pl\/index.php?rest_route=%2Fwp%2Fv2%2Fmedia&parent=48214"}],"wp:term":[{"taxonomy":"product_cat","embeddable":true,"href":"https:\/\/hurt.wineport.pl\/index.php?rest_route=%2Fwp%2Fv2%2Fproduct_cat&post=48214"},{"taxonomy":"product_tag","embeddable":true,"href":"https:\/\/hurt.wineport.pl\/index.php?rest_route=%2Fwp%2Fv2%2Fproduct_tag&post=48214"}],"curies":[{"name":"wp","href":"https:\/\/api.w.org\/{rel}","templated":true}]}}