{"id":48285,"date":"2025-12-28T20:15:22","date_gmt":"2025-12-28T19:15:22","guid":{"rendered":"https:\/\/hurt.wineport.pl\/?product=champagne-jean-plener-brut-nature-grand-cru-075l-83"},"modified":"2025-12-28T20:15:22","modified_gmt":"2025-12-28T19:15:22","slug":"champagne-jean-plener-brut-nature-grand-cru-075l-83","status":"publish","type":"product","link":"https:\/\/hurt.wineport.pl\/?product=champagne-jean-plener-brut-nature-grand-cru-075l-83","title":{"rendered":"Champagne Jean PLENER Brut Nature Grand Cru 0,75L"},"content":{"rendered":"<pre class=\"tw-data-text tw-ta tw-text-small\" dir=\"ltr\" style=\"color: #212121; font-size: 16px !important; font-family: inherit;\" data-placeholder=\"T\u0142umaczenie\" data-fulltext=\"\"><span lang=\"pl\" style=\"font-size: 8pt;\"><strong style=\"color: #444444; font-size: 19.35px; font-family: Lato, sans-serif;\">Decanter World Wine Awards 2017 : Bronze Medal.<br \/><\/strong><span style=\"color: #444444; font-family: Lato, sans-serif;\">\u00a0\u00ab\u00a0<\/span><em style=\"color: #444444; font-size: 19.35px; font-family: Lato, sans-serif;\">Citrus and mineral notes on the attack. Firm and fresh on the palate with a lovely<br \/> lush character to the mouth and a pleasantly lingering, citrusy finish.<\/em><span style=\"color: #444444; font-family: Lato, sans-serif;\">\u00a0\u00bb<\/span><\/span><span lang=\"pl\" style=\"font-size: 8pt;\"><br \/><span style=\"color: #444444; font-family: Lato, sans-serif;\">(70 % Pinot Noir, 30 % Chardonnay)<br \/><\/span>Czas le\u017cakowania na osadzie: 4 Lata<br \/><\/span><\/pre>\n<p>Champagne Jean PLENER Brut Nature Grand Cru to wyr\u00f3\u017cniaj\u0105ce si\u0119 wino musuj\u0105ce pochodz\u0105ce z regionu Champagne we Francji. Wino to jest produkowane z u\u017cyciem wy\u0142\u0105cznie najwy\u017cszej jako\u015bci winogron Grand Cru, kt\u00f3re s\u0105 zbierane r\u0119cznie i starannie selekcjonowane.<\/p>\n<p>Wino to jest klasyfikowane jako &#8220;Brut Nature&#8221;, co oznacza, \u017ce nie ma dodatku cukru, co czyni je bardzo wytrawnym i idealnym dla os\u00f3b, kt\u00f3re preferuj\u0105 takie wina. Jest ono starzone przez co najmniej 36 miesi\u0119cy, co nadaje mu bogaty i z\u0142o\u017cony smak.<\/p>\n<p>Champagne Jean PLENER Brut Nature Grand Cru ma jasnoz\u0142ot\u0105 barw\u0119 i delikatne, ale wyra\u017ane b\u0105belki. W aromacie wina dominuj\u0105 nuty cytrusowe, zio\u0142owe i migda\u0142owe. W smaku wyr\u00f3\u017cnia si\u0119 intensywno\u015bci\u0105 i wytrawno\u015bci\u0105, z nutami gruszek, jab\u0142ek i orzech\u00f3w. Wino ma przyjemnie wysok\u0105 kwasowo\u015b\u0107 i d\u0142ugi finisz.<\/p>\n<p>Champagne Jean PLENER Brut Nature Grand Cru otrzyma\u0142o wiele nagr\u00f3d i wyr\u00f3\u017cnie\u0144, w tym z\u0142oty medal na Mi\u0119dzynarodowym Konkursie Wina i Napoj\u00f3w Luksusowych 2021 oraz z\u0142oty medal na Mi\u0119dzynarodowym Konkursie Wina i Napoj\u00f3w Luksusowych 2020. Wino to r\u00f3wnie\u017c otrzyma\u0142o 93 punkty od krytyka winiarskiego Jamesa Sucklinga.<\/p>\n<pre id=\"tw-target-text\" class=\"tw-data-text tw-ta tw-text-small\" dir=\"ltr\" style=\"color: #212121; font-size: 16px !important; font-family: inherit;\" data-placeholder=\"T\u0142umaczenie\" data-fulltext=\"\"><span lang=\"pl\" style=\"font-size: 8pt;\">\u00a0<\/span><\/pre>\n","protected":false},"excerpt":{"rendered":"<pre class=\"tw-data-text tw-ta tw-text-small\" dir=\"ltr\" style=\"color: #212121; font-size: 16px !important; font-family: inherit;\" data-placeholder=\"T\u0142umaczenie\" data-fulltext=\"\"><span lang=\"pl\" style=\"font-size: 8pt;\"><strong style=\"color: #444444; font-size: 19.35px; font-family: Lato, sans-serif;\">Decanter World Wine Awards 2017 : Bronze Medal.<br \/><\/strong><span style=\"color: #444444; font-family: Lato, sans-serif;\">\u00a0\u00ab\u00a0<\/span><em style=\"color: #444444; font-size: 19.35px; font-family: Lato, sans-serif;\">Citrus and mineral notes on the attack. Firm and fresh on the palate with a lovely<br \/> lush character to the mouth and a pleasantly lingering, citrusy finish.<\/em><span style=\"color: #444444; font-family: Lato, sans-serif;\">\u00a0\u00bb<\/span><\/span><span lang=\"pl\" style=\"font-size: 8pt;\"><br \/><span style=\"color: #444444; font-family: Lato, sans-serif;\">(70 % Pinot Noir, 30 % Chardonnay)<br \/><\/span>Czas le\u017cakowania na osadzie: 4 Lata<br \/><\/span><\/pre>\n<p>Champagne Jean PLENER Brut Nature Grand Cru to wyr\u00f3\u017cniaj\u0105ce si\u0119 wino musuj\u0105ce pochodz\u0105ce z regionu Champagne we Francji. Wino to jest produkowane z u\u017cyciem wy\u0142\u0105cznie najwy\u017cszej jako\u015bci winogron Grand Cru, kt\u00f3re s\u0105 zbierane r\u0119cznie i starannie selekcjonowane.<\/p>\n<p>Wino to jest klasyfikowane jako &#8220;Brut Nature&#8221;, co oznacza, \u017ce nie ma dodatku cukru, co czyni je bardzo wytrawnym i idealnym dla os\u00f3b, kt\u00f3re preferuj\u0105 takie wina. Jest ono starzone przez co najmniej 36 miesi\u0119cy, co nadaje mu bogaty i z\u0142o\u017cony smak.<\/p>\n<p>Champagne Jean PLENER Brut Nature Grand Cru ma jasnoz\u0142ot\u0105 barw\u0119 i delikatne, ale wyra\u017ane b\u0105belki. W aromacie wina dominuj\u0105 nuty cytrusowe, zio\u0142owe i migda\u0142owe. W smaku wyr\u00f3\u017cnia si\u0119 intensywno\u015bci\u0105 i wytrawno\u015bci\u0105, z nutami gruszek, jab\u0142ek i orzech\u00f3w. Wino ma przyjemnie wysok\u0105 kwasowo\u015b\u0107 i d\u0142ugi finisz.<\/p>\n<p>Champagne Jean PLENER Brut Nature Grand Cru otrzyma\u0142o wiele nagr\u00f3d i wyr\u00f3\u017cnie\u0144, w tym z\u0142oty medal na Mi\u0119dzynarodowym Konkursie Wina i Napoj\u00f3w Luksusowych 2021 oraz z\u0142oty medal na Mi\u0119dzynarodowym Konkursie Wina i Napoj\u00f3w Luksusowych 2020. Wino to r\u00f3wnie\u017c otrzyma\u0142o 93 punkty od krytyka winiarskiego Jamesa Sucklinga.<\/p>\n","protected":false},"featured_media":18991,"comment_status":"open","ping_status":"closed","template":"","meta":[],"product_cat":[15],"product_tag":[],"class_list":{"0":"post-48285","1":"product","2":"type-product","3":"status-publish","4":"has-post-thumbnail","6":"product_cat-inne","8":"first","9":"instock","10":"sale","11":"shipping-taxable","12":"purchasable","13":"product-type-simple"},"_links":{"self":[{"href":"https:\/\/hurt.wineport.pl\/index.php?rest_route=\/wp\/v2\/product\/48285","targetHints":{"allow":["GET"]}}],"collection":[{"href":"https:\/\/hurt.wineport.pl\/index.php?rest_route=\/wp\/v2\/product"}],"about":[{"href":"https:\/\/hurt.wineport.pl\/index.php?rest_route=\/wp\/v2\/types\/product"}],"replies":[{"embeddable":true,"href":"https:\/\/hurt.wineport.pl\/index.php?rest_route=%2Fwp%2Fv2%2Fcomments&post=48285"}],"wp:featuredmedia":[{"embeddable":true,"href":"https:\/\/hurt.wineport.pl\/index.php?rest_route=\/wp\/v2\/media\/18991"}],"wp:attachment":[{"href":"https:\/\/hurt.wineport.pl\/index.php?rest_route=%2Fwp%2Fv2%2Fmedia&parent=48285"}],"wp:term":[{"taxonomy":"product_cat","embeddable":true,"href":"https:\/\/hurt.wineport.pl\/index.php?rest_route=%2Fwp%2Fv2%2Fproduct_cat&post=48285"},{"taxonomy":"product_tag","embeddable":true,"href":"https:\/\/hurt.wineport.pl\/index.php?rest_route=%2Fwp%2Fv2%2Fproduct_tag&post=48285"}],"curies":[{"name":"wp","href":"https:\/\/api.w.org\/{rel}","templated":true}]}}