{"id":49506,"date":"2026-01-25T21:17:05","date_gmt":"2026-01-25T20:17:05","guid":{"rendered":"https:\/\/hurt.wineport.pl\/?product=wino-d-o-cava-josep-masachs-reserva-brut-075l-87"},"modified":"2026-01-25T21:17:05","modified_gmt":"2026-01-25T20:17:05","slug":"wino-d-o-cava-josep-masachs-reserva-brut-075l-87","status":"publish","type":"product","link":"https:\/\/hurt.wineport.pl\/?product=wino-d-o-cava-josep-masachs-reserva-brut-075l-87","title":{"rendered":"WINO D.O. CAVA JOSEP MASACHS RESERVA BRUT 0,75L"},"content":{"rendered":"<p><font color=\"#000000\">\u00a0<font face=\"Times New Roman, serif\"><font size=\"2\">Odmiany winoro\u015bli:\u00a0Macabeo 30% Xarel.lo Parellada 30% i 40%.<\/font><\/font><\/font><\/p>\n<p><font color=\"#000000\"><font face=\"Times New Roman, serif\"><font size=\"2\">Dojrzewanie: 18 miesi\u0119cy.<\/font><\/font><\/font><\/p>\n<p><font color=\"#000000\"><font face=\"Times New Roman, serif\"><font size=\"2\">Zbi\u00f3r:W 3 etapach. Macabeo podczas pierwszych dw\u00f3ch tygodni wrze\u015bnia. Xarel.lo W drugiej po\u0142owie wrze\u015bnia i Parellada w pierwszych dw\u00f3ch tygodniach pa\u017adziernika.<\/font><\/font><\/font><\/p>\n<p><font color=\"#000000\"><font face=\"Times New Roman, serif\"><font size=\"2\">Kolor: Jasno\u017c\u00f3\u0142ty ze po\u0142yskliwymi z\u0142otymi tonami.<\/font><\/font><\/font><\/p>\n<p><font color=\"#000000\"><font face=\"Times New Roman, serif\"><font size=\"2\">Aromat:\u00a0 owocowy \u015bwie\u017cy .<\/font><\/font><\/font><\/p>\n<p><font color=\"#000000\"><font face=\"Times New Roman, serif\"><font size=\"2\">SMAK: Dobrze wywa\u017cone w ustach. Gustowne, z odpowiedni\u0105 dawk\u0105 s\u0142odyczy, bardzo \u0142agodne i \u015bwie\u017c\u0119,bardzo dobra pienisto\u015b\u0107.<\/font><\/font><\/font><\/p>\n<p><font color=\"#000000\"><font face=\"Times New Roman, serif\"><font size=\"2\">Powinno by\u0107 podawane sch\u0142odzone w temperaturze od 5 \u00b0 C<\/font><\/font><\/font><\/p>\n<p><font color=\"#000000\"><font face=\"Times New Roman, serif\"><font size=\"2\">i 6\u00baC. Zaleca si\u0119 kieliszki typu &#8220;flet&#8221;.<\/font><\/font><\/font><\/p>\n<p><font color=\"#000000\"><font face=\"Times New Roman, serif\"><font size=\"2\">Z czym serwowa\u0107: Bardzo przyjemne jako aperitif. Szczeg\u00f3lnie nadaje si\u0119 do bia\u0142ego<\/font><\/font><\/font><\/p>\n<p><font color=\"#000000\"><font face=\"Times New Roman, serif\"><font size=\"2\">mi\u0119sa i ryb.<\/font><\/font><\/font><\/p>\n<p>\u00a0<\/p>\n","protected":false},"excerpt":{"rendered":"<p><font color=\"#000000\">\u00a0<font face=\"Times New Roman, serif\"><font size=\"2\">Odmiany winoro\u015bli:\u00a0Macabeo 30% Xarel.lo Parellada 30% i 40%.<\/font><\/font><\/font><\/p>\n<p><font color=\"#000000\"><font face=\"Times New Roman, serif\"><font size=\"2\">Dojrzewanie: 18 miesi\u0119cy.<\/font><\/font><\/font><\/p>\n<p><font color=\"#000000\"><font face=\"Times New Roman, serif\"><font size=\"2\">Zbi\u00f3r:W 3 etapach. Macabeo podczas pierwszych dw\u00f3ch tygodni wrze\u015bnia. Xarel.lo W drugiej po\u0142owie wrze\u015bnia i Parellada w pierwszych dw\u00f3ch tygodniach pa\u017adziernika.<\/font><\/font><\/font><\/p>\n<p><font color=\"#000000\"><font face=\"Times New Roman, serif\"><font size=\"2\">Kolor: Jasno\u017c\u00f3\u0142ty ze po\u0142yskliwymi z\u0142otymi tonami.<\/font><\/font><\/font><\/p>\n<p><font color=\"#000000\"><font face=\"Times New Roman, serif\"><font size=\"2\">Aromat:\u00a0 owocowy \u015bwie\u017cy .<\/font><\/font><\/font><\/p>\n<p><font color=\"#000000\"><font face=\"Times New Roman, serif\"><font size=\"2\">SMAK: Dobrze wywa\u017cone w ustach. Gustowne, z odpowiedni\u0105 dawk\u0105 s\u0142odyczy, bardzo \u0142agodne i \u015bwie\u017c\u0119,bardzo dobra pienisto\u015b\u0107.<\/font><\/font><\/font><\/p>\n<p><font color=\"#000000\"><font face=\"Times New Roman, serif\"><font size=\"2\">Powinno by\u0107 podawane sch\u0142odzone w temperaturze od 5 \u00b0 C<\/font><\/font><\/font><\/p>\n<p><font color=\"#000000\"><font face=\"Times New Roman, serif\"><font size=\"2\">i 6\u00baC. Zaleca si\u0119 kieliszki typu &#8220;flet&#8221;.<\/font><\/font><\/font><\/p>\n<p><font color=\"#000000\"><font face=\"Times New Roman, serif\"><font size=\"2\">Z czym serwowa\u0107: Bardzo przyjemne jako aperitif. Szczeg\u00f3lnie nadaje si\u0119 do bia\u0142ego<\/font><\/font><\/font><\/p>\n<p><font color=\"#000000\"><font face=\"Times New Roman, serif\"><font size=\"2\">mi\u0119sa i ryb.<\/font><\/font><\/font><\/p>\n<p>\u00a0<\/p>\n","protected":false},"featured_media":18516,"comment_status":"open","ping_status":"closed","template":"","meta":[],"product_cat":[15],"product_tag":[],"class_list":{"0":"post-49506","1":"product","2":"type-product","3":"status-publish","4":"has-post-thumbnail","6":"product_cat-inne","8":"first","9":"instock","10":"shipping-taxable","11":"purchasable","12":"product-type-simple"},"_links":{"self":[{"href":"https:\/\/hurt.wineport.pl\/index.php?rest_route=\/wp\/v2\/product\/49506","targetHints":{"allow":["GET"]}}],"collection":[{"href":"https:\/\/hurt.wineport.pl\/index.php?rest_route=\/wp\/v2\/product"}],"about":[{"href":"https:\/\/hurt.wineport.pl\/index.php?rest_route=\/wp\/v2\/types\/product"}],"replies":[{"embeddable":true,"href":"https:\/\/hurt.wineport.pl\/index.php?rest_route=%2Fwp%2Fv2%2Fcomments&post=49506"}],"wp:featuredmedia":[{"embeddable":true,"href":"https:\/\/hurt.wineport.pl\/index.php?rest_route=\/wp\/v2\/media\/18516"}],"wp:attachment":[{"href":"https:\/\/hurt.wineport.pl\/index.php?rest_route=%2Fwp%2Fv2%2Fmedia&parent=49506"}],"wp:term":[{"taxonomy":"product_cat","embeddable":true,"href":"https:\/\/hurt.wineport.pl\/index.php?rest_route=%2Fwp%2Fv2%2Fproduct_cat&post=49506"},{"taxonomy":"product_tag","embeddable":true,"href":"https:\/\/hurt.wineport.pl\/index.php?rest_route=%2Fwp%2Fv2%2Fproduct_tag&post=49506"}],"curies":[{"name":"wp","href":"https:\/\/api.w.org\/{rel}","templated":true}]}}