{"id":51583,"date":"2026-03-08T22:59:33","date_gmt":"2026-03-08T21:59:33","guid":{"rendered":"https:\/\/hurt.wineport.pl\/?product=wino-valdesantos-roble-do-ribera-del-duero-075l-93"},"modified":"2026-03-08T22:59:33","modified_gmt":"2026-03-08T21:59:33","slug":"wino-valdesantos-roble-do-ribera-del-duero-075l-93","status":"publish","type":"product","link":"https:\/\/hurt.wineport.pl\/?product=wino-valdesantos-roble-do-ribera-del-duero-075l-93","title":{"rendered":"Wino Valdesantos Roble DO &#8211; Ribera del Duero 0,75L"},"content":{"rendered":"<p><font color=\"#000000\"><font face=\"Times New Roman, serif\"><font size=\"2\">Valdesantos Roble to wino w 100% wyprodukowane ze szczepu winogron najbardziej charakterystycznego dla Hiszpanii tj. \u201eTempranillo\u201d. Ma ciemnoczerwona barwe z fioletowymi refleksami na obrze\u017cu kieliszka i mocny aromat dojrza\u0142ych owoc\u00f3w. Wino dojrzewa\u0142o przez 6 miesi\u0119cy w beczkach z francuskiego d\u0119bu co nadaje mu szlachetno\u015bci i d\u0142ugo\u015bci smaku. Degustacja tego dobrze wywa\u017conego wina sprawia nieodpart\u0105 przyjemno\u015b\u0107. Jego walory podnios\u0105 smak wszelkich da\u0144 mi\u0119snych oraz ser\u00f3w. Najlepiej serwowac w temperaturze 18C.<\/font><\/font><\/font><\/p>\n<p><font color=\"#000000\"><font face=\"Times New Roman, serif\"><font size=\"2\">Z tego regionu nie ma win nawet \u015brednich, s\u0105 tylko bardzo dobre i wy\u015bmienite, min. najlepsze i najdro\u017csze wino Hiszpanii &#8220;VEGA SICILIA&#8221; Nazywane przez niekt\u00f3rych Petrusem z Hiszpanii.<\/font><\/font><\/font><\/p>\n<p>\u00a0<\/p>\n","protected":false},"excerpt":{"rendered":"<p><font color=\"#000000\"><font face=\"Times New Roman, serif\"><font size=\"2\">Valdesantos Roble to wino w 100% wyprodukowane ze szczepu winogron najbardziej charakterystycznego dla Hiszpanii tj. \u201eTempranillo\u201d. Ma ciemnoczerwona barwe z fioletowymi refleksami na obrze\u017cu kieliszka i mocny aromat dojrza\u0142ych owoc\u00f3w. Wino dojrzewa\u0142o przez 6 miesi\u0119cy w beczkach z francuskiego d\u0119bu co nadaje mu szlachetno\u015bci i d\u0142ugo\u015bci smaku. Degustacja tego dobrze wywa\u017conego wina sprawia nieodpart\u0105 przyjemno\u015b\u0107. Jego walory podnios\u0105 smak wszelkich da\u0144 mi\u0119snych oraz ser\u00f3w. Najlepiej serwowac w temperaturze 18C.<\/font><\/font><\/font><\/p>\n<p><font color=\"#000000\"><font face=\"Times New Roman, serif\"><font size=\"2\">Z tego regionu nie ma win nawet \u015brednich, s\u0105 tylko bardzo dobre i wy\u015bmienite, min. najlepsze i najdro\u017csze wino Hiszpanii &#8220;VEGA SICILIA&#8221; Nazywane przez niekt\u00f3rych Petrusem z Hiszpanii.<\/font><\/font><\/font><\/p>\n<p>\u00a0<\/p>\n","protected":false},"featured_media":18535,"comment_status":"open","ping_status":"closed","template":"","meta":[],"product_cat":[15],"product_tag":[],"class_list":{"0":"post-51583","1":"product","2":"type-product","3":"status-publish","4":"has-post-thumbnail","6":"product_cat-inne","8":"first","9":"instock","10":"shipping-taxable","11":"purchasable","12":"product-type-simple"},"_links":{"self":[{"href":"https:\/\/hurt.wineport.pl\/index.php?rest_route=\/wp\/v2\/product\/51583","targetHints":{"allow":["GET"]}}],"collection":[{"href":"https:\/\/hurt.wineport.pl\/index.php?rest_route=\/wp\/v2\/product"}],"about":[{"href":"https:\/\/hurt.wineport.pl\/index.php?rest_route=\/wp\/v2\/types\/product"}],"replies":[{"embeddable":true,"href":"https:\/\/hurt.wineport.pl\/index.php?rest_route=%2Fwp%2Fv2%2Fcomments&post=51583"}],"wp:featuredmedia":[{"embeddable":true,"href":"https:\/\/hurt.wineport.pl\/index.php?rest_route=\/wp\/v2\/media\/18535"}],"wp:attachment":[{"href":"https:\/\/hurt.wineport.pl\/index.php?rest_route=%2Fwp%2Fv2%2Fmedia&parent=51583"}],"wp:term":[{"taxonomy":"product_cat","embeddable":true,"href":"https:\/\/hurt.wineport.pl\/index.php?rest_route=%2Fwp%2Fv2%2Fproduct_cat&post=51583"},{"taxonomy":"product_tag","embeddable":true,"href":"https:\/\/hurt.wineport.pl\/index.php?rest_route=%2Fwp%2Fv2%2Fproduct_tag&post=51583"}],"curies":[{"name":"wp","href":"https:\/\/api.w.org\/{rel}","templated":true}]}}