{"id":51931,"date":"2026-03-15T23:14:27","date_gmt":"2026-03-15T22:14:27","guid":{"rendered":"https:\/\/hurt.wineport.pl\/?product=wino-toscana-igt-querceto-075l-94"},"modified":"2026-03-15T23:14:27","modified_gmt":"2026-03-15T22:14:27","slug":"wino-toscana-igt-querceto-075l-94","status":"publish","type":"product","link":"https:\/\/hurt.wineport.pl\/?product=wino-toscana-igt-querceto-075l-94","title":{"rendered":"Wino TOSCANA IGT Querceto 0,75L"},"content":{"rendered":"<p><font face=\"Times New Roman, serif\"><font size=\"2\"><font color=\"#000000\">Czerwone wino, powsta\u0142e w 100%\u00a0ze szczepu Sangiovese. Kolor rubinowy, w zapachu intensywne z nut\u0105 czerwonych owoc\u00f3w. W smaku ciep\u0142e, \u0142agodne z wywa\u017conymi taninami. Klasyczne, dobre, nieskomplikowane, w\u0142oskie wino i wspania\u0142y kompan do wielu posi\u0142k\u00f3w. Idealne do Pizzy i Spagetti.<\/font> <\/font><\/font><\/p>\n","protected":false},"excerpt":{"rendered":"<p><font face=\"Times New Roman, serif\"><font size=\"2\"><font color=\"#000000\">Czerwone wino, powsta\u0142e w 100%\u00a0ze szczepu Sangiovese. Kolor rubinowy, w zapachu intensywne z nut\u0105 czerwonych owoc\u00f3w. W smaku ciep\u0142e, \u0142agodne z wywa\u017conymi taninami. Klasyczne, dobre, nieskomplikowane, w\u0142oskie wino i wspania\u0142y kompan do wielu posi\u0142k\u00f3w. Idealne do Pizzy i Spagetti.<\/font> <\/font><\/font><\/p>\n","protected":false},"featured_media":18544,"comment_status":"open","ping_status":"closed","template":"","meta":[],"product_cat":[15],"product_tag":[],"class_list":{"0":"post-51931","1":"product","2":"type-product","3":"status-publish","4":"has-post-thumbnail","6":"product_cat-inne","8":"first","9":"instock","10":"sale","11":"shipping-taxable","12":"purchasable","13":"product-type-simple"},"_links":{"self":[{"href":"https:\/\/hurt.wineport.pl\/index.php?rest_route=\/wp\/v2\/product\/51931","targetHints":{"allow":["GET"]}}],"collection":[{"href":"https:\/\/hurt.wineport.pl\/index.php?rest_route=\/wp\/v2\/product"}],"about":[{"href":"https:\/\/hurt.wineport.pl\/index.php?rest_route=\/wp\/v2\/types\/product"}],"replies":[{"embeddable":true,"href":"https:\/\/hurt.wineport.pl\/index.php?rest_route=%2Fwp%2Fv2%2Fcomments&post=51931"}],"wp:featuredmedia":[{"embeddable":true,"href":"https:\/\/hurt.wineport.pl\/index.php?rest_route=\/wp\/v2\/media\/18544"}],"wp:attachment":[{"href":"https:\/\/hurt.wineport.pl\/index.php?rest_route=%2Fwp%2Fv2%2Fmedia&parent=51931"}],"wp:term":[{"taxonomy":"product_cat","embeddable":true,"href":"https:\/\/hurt.wineport.pl\/index.php?rest_route=%2Fwp%2Fv2%2Fproduct_cat&post=51931"},{"taxonomy":"product_tag","embeddable":true,"href":"https:\/\/hurt.wineport.pl\/index.php?rest_route=%2Fwp%2Fv2%2Fproduct_tag&post=51931"}],"curies":[{"name":"wp","href":"https:\/\/api.w.org\/{rel}","templated":true}]}}