{"id":52091,"date":"2026-03-15T23:20:36","date_gmt":"2026-03-15T22:20:36","guid":{"rendered":"https:\/\/hurt.wineport.pl\/?product=wino-grauburgunder-biale-wytrawne-075l-94"},"modified":"2026-03-15T23:20:36","modified_gmt":"2026-03-15T22:20:36","slug":"wino-grauburgunder-biale-wytrawne-075l-94","status":"publish","type":"product","link":"https:\/\/hurt.wineport.pl\/?product=wino-grauburgunder-biale-wytrawne-075l-94","title":{"rendered":"Wino Grauburgunder bia\u0142e wytrawne 0,75L"},"content":{"rendered":"<p>Winnica Rudi R\u00fcttger zosta\u0142a za\u0142o\u017cona w 1643r.<\/p>\n<p>Rocznik: 2018<\/p>\n<p>Region: Pfalz<br \/>Alkohol: 13% obj<br \/>M\u0142ode winoro\u015ble na wapieniu, 5 godzin Maceracji.<br \/>Fermentowany w temperaturze 18-20 \u00b0 C w zbiornikach ze stali nierdzewnej.<br \/>Intensywny, mineralny smak. \u015awie\u017cy i s\u0142ony.<br \/>Aromaty miodu i moreli.<br \/>Interesuj\u0105cy Pinot z Palatynatu.<br \/>Bardzo dobrze \u0142\u0105czy si\u0119 z rybami i jasnymi potrawami mi\u0119snymi.<br \/>Zalecana temperatura serwowania: 11 \u00b0 C<\/p>\n","protected":false},"excerpt":{"rendered":"<p>Winnica Rudi R\u00fcttger zosta\u0142a za\u0142o\u017cona w 1643r.<\/p>\n<p>Rocznik: 2018<\/p>\n<p>Region: Pfalz<br \/>Alkohol: 13% obj<br \/>M\u0142ode winoro\u015ble na wapieniu, 5 godzin Maceracji.<br \/>Fermentowany w temperaturze 18-20 \u00b0 C w zbiornikach ze stali nierdzewnej.<br \/>Intensywny, mineralny smak. \u015awie\u017cy i s\u0142ony.<br \/>Aromaty miodu i moreli.<br \/>Interesuj\u0105cy Pinot z Palatynatu.<br \/>Bardzo dobrze \u0142\u0105czy si\u0119 z rybami i jasnymi potrawami mi\u0119snymi.<br \/>Zalecana temperatura serwowania: 11 \u00b0 C<\/p>\n","protected":false},"featured_media":19024,"comment_status":"open","ping_status":"closed","template":"","meta":[],"product_cat":[15],"product_tag":[],"class_list":{"0":"post-52091","1":"product","2":"type-product","3":"status-publish","4":"has-post-thumbnail","6":"product_cat-inne","8":"first","9":"instock","10":"sale","11":"shipping-taxable","12":"purchasable","13":"product-type-simple"},"_links":{"self":[{"href":"https:\/\/hurt.wineport.pl\/index.php?rest_route=\/wp\/v2\/product\/52091","targetHints":{"allow":["GET"]}}],"collection":[{"href":"https:\/\/hurt.wineport.pl\/index.php?rest_route=\/wp\/v2\/product"}],"about":[{"href":"https:\/\/hurt.wineport.pl\/index.php?rest_route=\/wp\/v2\/types\/product"}],"replies":[{"embeddable":true,"href":"https:\/\/hurt.wineport.pl\/index.php?rest_route=%2Fwp%2Fv2%2Fcomments&post=52091"}],"wp:featuredmedia":[{"embeddable":true,"href":"https:\/\/hurt.wineport.pl\/index.php?rest_route=\/wp\/v2\/media\/19024"}],"wp:attachment":[{"href":"https:\/\/hurt.wineport.pl\/index.php?rest_route=%2Fwp%2Fv2%2Fmedia&parent=52091"}],"wp:term":[{"taxonomy":"product_cat","embeddable":true,"href":"https:\/\/hurt.wineport.pl\/index.php?rest_route=%2Fwp%2Fv2%2Fproduct_cat&post=52091"},{"taxonomy":"product_tag","embeddable":true,"href":"https:\/\/hurt.wineport.pl\/index.php?rest_route=%2Fwp%2Fv2%2Fproduct_tag&post=52091"}],"curies":[{"name":"wp","href":"https:\/\/api.w.org\/{rel}","templated":true}]}}