{"id":52812,"date":"2026-03-29T23:51:49","date_gmt":"2026-03-29T21:51:49","guid":{"rendered":"https:\/\/hurt.wineport.pl\/?product=wino-promesa-reserva-d-o-c-rioja-075l-96"},"modified":"2026-03-29T23:51:49","modified_gmt":"2026-03-29T21:51:49","slug":"wino-promesa-reserva-d-o-c-rioja-075l-96","status":"publish","type":"product","link":"https:\/\/hurt.wineport.pl\/?product=wino-promesa-reserva-d-o-c-rioja-075l-96","title":{"rendered":"Wino Promesa Reserva D.O.C. RIOJA 0,75L"},"content":{"rendered":"<p>Region: Rioja Alta i Rioja Alavesa producent posiada 2 posiad\u0142o\u015bci w tych regionach,\u00a0w\u0142a\u015bnie z region\u00f3w Rioja Alta i Rioja Alavesa\u00a0pochodz\u0105 wszystkie najlepsze wina z Rioja!<\/p>\n<p>Szczep: 100% Tempranillo<\/p>\n<p>Zawarto\u015b\u0107 alkoholu: 13,5%<\/p>\n<p>Kolor:<\/p>\n<p>Jasna, krystaliczna purpura wysokiej intensywno\u015bci z niebiesk\u0105 po\u015bwiat\u0105.<\/p>\n<p>Zapach:<\/p>\n<p>Elegancki i z\u0142o\u017cony, tyto\u0144 i drewno.\u00a0Aromaty je\u017cyn i \u015bliwek w likierze. Na ko\u0144cu silne nuty mleczne.<\/p>\n<p>Smak:<\/p>\n<p>Na pocz\u0105tku intensywne i pe\u0142ne, nast\u0119pnie ujawnia \u015bwie\u017co\u015b\u0107 i elegancj\u0119. D\u0142ugi i wyrafinowany posmak.<\/p>\n<p>Nale\u017cy podawa\u0107 z:<\/p>\n<p>\u015brednio- i d\u0142ugodojrzewaj\u0105cymi serami, czerwonym mi\u0119sem, pieczeniami i dziczyzn\u0105.\u00a0<\/p>\n","protected":false},"excerpt":{"rendered":"<p>Region: Rioja Alta i Rioja Alavesa producent posiada 2 posiad\u0142o\u015bci w tych regionach,\u00a0w\u0142a\u015bnie z region\u00f3w Rioja Alta i Rioja Alavesa\u00a0pochodz\u0105 wszystkie najlepsze wina z Rioja!<\/p>\n<p>Szczep: 100% Tempranillo<\/p>\n<p>Zawarto\u015b\u0107 alkoholu: 13,5%<\/p>\n<p>Kolor:<\/p>\n<p>Jasna, krystaliczna purpura wysokiej intensywno\u015bci z niebiesk\u0105 po\u015bwiat\u0105.<\/p>\n<p>Zapach:<\/p>\n<p>Elegancki i z\u0142o\u017cony, tyto\u0144 i drewno.\u00a0Aromaty je\u017cyn i \u015bliwek w likierze. Na ko\u0144cu silne nuty mleczne.<\/p>\n<p>Smak:<\/p>\n<p>Na pocz\u0105tku intensywne i pe\u0142ne, nast\u0119pnie ujawnia \u015bwie\u017co\u015b\u0107 i elegancj\u0119. D\u0142ugi i wyrafinowany posmak.<\/p>\n<p>Nale\u017cy podawa\u0107 z:<\/p>\n<p>\u015brednio- i d\u0142ugodojrzewaj\u0105cymi serami, czerwonym mi\u0119sem, pieczeniami i dziczyzn\u0105.\u00a0<\/p>\n","protected":false},"featured_media":19117,"comment_status":"open","ping_status":"closed","template":"","meta":[],"product_cat":[15],"product_tag":[],"class_list":{"0":"post-52812","1":"product","2":"type-product","3":"status-publish","4":"has-post-thumbnail","6":"product_cat-inne","8":"first","9":"instock","10":"sale","11":"shipping-taxable","12":"purchasable","13":"product-type-simple"},"_links":{"self":[{"href":"https:\/\/hurt.wineport.pl\/index.php?rest_route=\/wp\/v2\/product\/52812","targetHints":{"allow":["GET"]}}],"collection":[{"href":"https:\/\/hurt.wineport.pl\/index.php?rest_route=\/wp\/v2\/product"}],"about":[{"href":"https:\/\/hurt.wineport.pl\/index.php?rest_route=\/wp\/v2\/types\/product"}],"replies":[{"embeddable":true,"href":"https:\/\/hurt.wineport.pl\/index.php?rest_route=%2Fwp%2Fv2%2Fcomments&post=52812"}],"wp:featuredmedia":[{"embeddable":true,"href":"https:\/\/hurt.wineport.pl\/index.php?rest_route=\/wp\/v2\/media\/19117"}],"wp:attachment":[{"href":"https:\/\/hurt.wineport.pl\/index.php?rest_route=%2Fwp%2Fv2%2Fmedia&parent=52812"}],"wp:term":[{"taxonomy":"product_cat","embeddable":true,"href":"https:\/\/hurt.wineport.pl\/index.php?rest_route=%2Fwp%2Fv2%2Fproduct_cat&post=52812"},{"taxonomy":"product_tag","embeddable":true,"href":"https:\/\/hurt.wineport.pl\/index.php?rest_route=%2Fwp%2Fv2%2Fproduct_tag&post=52812"}],"curies":[{"name":"wp","href":"https:\/\/api.w.org\/{rel}","templated":true}]}}