{"id":52968,"date":"2026-04-06T00:00:52","date_gmt":"2026-04-05T22:00:52","guid":{"rendered":"https:\/\/hurt.wineport.pl\/?product=wino-vernaccia-di-san-docg-querceto-075l-97"},"modified":"2026-04-06T00:00:52","modified_gmt":"2026-04-05T22:00:52","slug":"wino-vernaccia-di-san-docg-querceto-075l-97","status":"publish","type":"product","link":"https:\/\/hurt.wineport.pl\/?product=wino-vernaccia-di-san-docg-querceto-075l-97","title":{"rendered":"Wino VERNACCIA DI SAN DOCG Querceto 0,75L"},"content":{"rendered":"<p><font face=\"Times New Roman, serif\"><font size=\"2\"><font color=\"#000000\">Barwa jasna, s\u0142omkowo\u017c\u00f3\u0142ta z lekkimi zielonkawymi refleksami. Bukiet jest delikatny, trwa\u0142y, owocowy z lekkim odcieniem zielonych jab\u0142ek. W smaku Vernaccia di San Gimignano jest zr\u00f3wnowa\u017cone, pe\u0142ne, pozostawiaj\u0105ce lekki posmak goryczki. Temperatura serwowania to 8-10 stopni Celsjusza. Doskona\u0142e wino w po\u0142\u0105czeniu z przystawkami rybnymi, zupami, daniami makaronowymi i \u015bwie\u017cymi serami. Vernaccia Quercetto to bia\u0142e wino dla najbardziej wymagaj\u0105cych!<\/font> <\/font><\/font><\/p>\n","protected":false},"excerpt":{"rendered":"<p><font face=\"Times New Roman, serif\"><font size=\"2\"><font color=\"#000000\">Barwa jasna, s\u0142omkowo\u017c\u00f3\u0142ta z lekkimi zielonkawymi refleksami. Bukiet jest delikatny, trwa\u0142y, owocowy z lekkim odcieniem zielonych jab\u0142ek. W smaku Vernaccia di San Gimignano jest zr\u00f3wnowa\u017cone, pe\u0142ne, pozostawiaj\u0105ce lekki posmak goryczki. Temperatura serwowania to 8-10 stopni Celsjusza. Doskona\u0142e wino w po\u0142\u0105czeniu z przystawkami rybnymi, zupami, daniami makaronowymi i \u015bwie\u017cymi serami. Vernaccia Quercetto to bia\u0142e wino dla najbardziej wymagaj\u0105cych!<\/font> <\/font><\/font><\/p>\n","protected":false},"featured_media":18550,"comment_status":"open","ping_status":"closed","template":"","meta":[],"product_cat":[15],"product_tag":[],"class_list":{"0":"post-52968","1":"product","2":"type-product","3":"status-publish","4":"has-post-thumbnail","6":"product_cat-inne","8":"first","9":"instock","10":"sale","11":"shipping-taxable","12":"purchasable","13":"product-type-simple"},"_links":{"self":[{"href":"https:\/\/hurt.wineport.pl\/index.php?rest_route=\/wp\/v2\/product\/52968","targetHints":{"allow":["GET"]}}],"collection":[{"href":"https:\/\/hurt.wineport.pl\/index.php?rest_route=\/wp\/v2\/product"}],"about":[{"href":"https:\/\/hurt.wineport.pl\/index.php?rest_route=\/wp\/v2\/types\/product"}],"replies":[{"embeddable":true,"href":"https:\/\/hurt.wineport.pl\/index.php?rest_route=%2Fwp%2Fv2%2Fcomments&post=52968"}],"wp:featuredmedia":[{"embeddable":true,"href":"https:\/\/hurt.wineport.pl\/index.php?rest_route=\/wp\/v2\/media\/18550"}],"wp:attachment":[{"href":"https:\/\/hurt.wineport.pl\/index.php?rest_route=%2Fwp%2Fv2%2Fmedia&parent=52968"}],"wp:term":[{"taxonomy":"product_cat","embeddable":true,"href":"https:\/\/hurt.wineport.pl\/index.php?rest_route=%2Fwp%2Fv2%2Fproduct_cat&post=52968"},{"taxonomy":"product_tag","embeddable":true,"href":"https:\/\/hurt.wineport.pl\/index.php?rest_route=%2Fwp%2Fv2%2Fproduct_tag&post=52968"}],"curies":[{"name":"wp","href":"https:\/\/api.w.org\/{rel}","templated":true}]}}