{"id":52987,"date":"2026-04-06T00:01:46","date_gmt":"2026-04-05T22:01:46","guid":{"rendered":"https:\/\/hurt.wineport.pl\/?product=wino-primitivo-di-manduria-doc-messapi-075l-97"},"modified":"2026-04-06T00:01:46","modified_gmt":"2026-04-05T22:01:46","slug":"wino-primitivo-di-manduria-doc-messapi-075l-97","status":"publish","type":"product","link":"https:\/\/hurt.wineport.pl\/?product=wino-primitivo-di-manduria-doc-messapi-075l-97","title":{"rendered":"Wino Primitivo di Manduria DOC MESSAPI 0,75l"},"content":{"rendered":"<p><font face=\"Times New Roman, serif\"><font size=\"2\"><font color=\"#000000\">Wy\u015bmienite wino z winnicy w regionie Manduria w Puglii.\u00a0G\u0142eboki purpurowy &#8211; czerwony kolor z silnym zapachu smo\u0142y po\u0142\u0105czonej z lukrecj\u0105 . Wino jest pe\u0142ne, \u015bwietnie zbudowane, aksamitne, dobrze zaokr\u0105glone i bardzo d\u0142ugie w smaku. W ustach czu\u0107 smak czarnych owoc\u00f3w. Znakomite do g\u0142\u00f3wnych dan, jagnieciny i dziczyzny w bogatych sosach. Szczep: 100% Primitivo di Manduria.<\/font> <\/font><\/font><\/p>\n","protected":false},"excerpt":{"rendered":"<p><font face=\"Times New Roman, serif\"><font size=\"2\"><font color=\"#000000\">Wy\u015bmienite wino z winnicy w regionie Manduria w Puglii.\u00a0G\u0142eboki purpurowy &#8211; czerwony kolor z silnym zapachu smo\u0142y po\u0142\u0105czonej z lukrecj\u0105 . Wino jest pe\u0142ne, \u015bwietnie zbudowane, aksamitne, dobrze zaokr\u0105glone i bardzo d\u0142ugie w smaku. W ustach czu\u0107 smak czarnych owoc\u00f3w. Znakomite do g\u0142\u00f3wnych dan, jagnieciny i dziczyzny w bogatych sosach. Szczep: 100% Primitivo di Manduria.<\/font> <\/font><\/font><\/p>\n","protected":false},"featured_media":18607,"comment_status":"open","ping_status":"closed","template":"","meta":[],"product_cat":[15],"product_tag":[],"class_list":{"0":"post-52987","1":"product","2":"type-product","3":"status-publish","4":"has-post-thumbnail","6":"product_cat-inne","8":"first","9":"instock","10":"shipping-taxable","11":"purchasable","12":"product-type-simple"},"_links":{"self":[{"href":"https:\/\/hurt.wineport.pl\/index.php?rest_route=\/wp\/v2\/product\/52987","targetHints":{"allow":["GET"]}}],"collection":[{"href":"https:\/\/hurt.wineport.pl\/index.php?rest_route=\/wp\/v2\/product"}],"about":[{"href":"https:\/\/hurt.wineport.pl\/index.php?rest_route=\/wp\/v2\/types\/product"}],"replies":[{"embeddable":true,"href":"https:\/\/hurt.wineport.pl\/index.php?rest_route=%2Fwp%2Fv2%2Fcomments&post=52987"}],"wp:featuredmedia":[{"embeddable":true,"href":"https:\/\/hurt.wineport.pl\/index.php?rest_route=\/wp\/v2\/media\/18607"}],"wp:attachment":[{"href":"https:\/\/hurt.wineport.pl\/index.php?rest_route=%2Fwp%2Fv2%2Fmedia&parent=52987"}],"wp:term":[{"taxonomy":"product_cat","embeddable":true,"href":"https:\/\/hurt.wineport.pl\/index.php?rest_route=%2Fwp%2Fv2%2Fproduct_cat&post=52987"},{"taxonomy":"product_tag","embeddable":true,"href":"https:\/\/hurt.wineport.pl\/index.php?rest_route=%2Fwp%2Fv2%2Fproduct_tag&post=52987"}],"curies":[{"name":"wp","href":"https:\/\/api.w.org\/{rel}","templated":true}]}}