{"id":53085,"date":"2026-04-06T00:05:31","date_gmt":"2026-04-05T22:05:31","guid":{"rendered":"https:\/\/hurt.wineport.pl\/?product=ynea-bobal-syrah-wino-organiczne-075l-97"},"modified":"2026-04-06T00:05:31","modified_gmt":"2026-04-05T22:05:31","slug":"ynea-bobal-syrah-wino-organiczne-075l-97","status":"publish","type":"product","link":"https:\/\/hurt.wineport.pl\/?product=ynea-bobal-syrah-wino-organiczne-075l-97","title":{"rendered":"YNEA BOBAL-SYRAH wino ORGANICZNE 0,75L"},"content":{"rendered":"<p>\u00a0<\/p>\n<p align=\"LEFT\"><span style=\"font-family: 'Times New Roman', serif;\"><span style=\"font-size: small;\">Wino jest wykonywane z odmiany Bobala i Syraha<\/span><\/span><\/p>\n<p align=\"LEFT\"><span style=\"font-family: 'Times New Roman', serif;\"><span style=\"font-size: small;\">winogron, kt\u00f3re s\u0105 starannie wybrane z uprawy winoro\u015bli, kt\u00f3re<\/span><\/span><\/p>\n<p align=\"LEFT\"><span style=\"font-family: 'Times New Roman', serif;\"><span style=\"font-size: small;\">s\u0105 istot\u0105 naszych winnic.\u00a0Wino dojrzewa 3 miesi\u0105ce w beczce d\u0119bowej.<\/span><\/span><\/p>\n<p align=\"LEFT\"><span style=\"font-family: 'Times New Roman', serif;\"><span style=\"font-size: small;\">Esencja naszej\u00a0<\/span><\/span><span style=\"font-family: 'Times New Roman', serif;\"><span style=\"font-size: small;\">pasji do wina przekazywana jest z pokolenia na pokolenie.<\/span><\/span><\/p>\n<p align=\"LEFT\">\u00a0<\/p>\n<p align=\"LEFT\"><span style=\"font-family: 'Times New Roman', serif;\"><span style=\"font-size: small;\">To nowoczesne, eleganckie wino o intensywnym kolorze<\/span><\/span><\/p>\n<p align=\"LEFT\"><span style=\"font-family: 'Times New Roman', serif;\"><span style=\"font-size: small;\">z fioletowymi odcieniami.\u00a0<\/span><\/span><\/p>\n<p align=\"LEFT\"><span style=\"font-family: 'Times New Roman', serif;\"><span style=\"font-size: small;\">Owocowe i bogate odcienie wi\u015bni z wysokiej kwasowo\u015bci. W<\/span><\/span><\/p>\n<p align=\"LEFT\"><span style=\"font-family: 'Times New Roman', serif;\"><span style=\"font-size: small;\">nos przedstawia szereg dzikich owoc\u00f3w oraz<\/span><\/span><\/p>\n<p align=\"LEFT\"><span style=\"font-family: 'Times New Roman', serif;\"><span style=\"font-size: small;\">aromat\u00f3w d\u0119bowych.<\/span><\/span><\/p>\n<p align=\"LEFT\"><span style=\"font-family: 'Times New Roman', serif;\"><span style=\"font-size: small;\">W ustach taniny s\u0105 mi\u0119siste i smakowite,<\/span><\/span><\/p>\n<p align=\"LEFT\"><span style=\"font-family: 'Times New Roman', serif;\"><span style=\"font-size: small;\">z doskona\u0142ym po\u0142\u0105czeniem \u015blad\u00f3w \u015bwie\u017cych owoc\u00f3w, o g\u0142adkim, zr\u00f3wnowa\u017conym i pe\u0142nym charakteru smaku<\/span><\/span><\/p>\n<p align=\"LEFT\">\u00a0<\/p>\n<p align=\"LEFT\"><span style=\"font-family: 'Times New Roman', serif;\"><span style=\"font-size: small;\">Polecane do grillowanych ryb, czerwonych mi\u0119s i twardych ser\u00f3w.<\/span><\/span><\/p>\n<p align=\"LEFT\"><span style=\"font-family: 'Times New Roman', serif;\"><span style=\"font-size: small;\">Najlepiej podawane na zimno (14-16\u00ba C)<\/span><\/span><\/p>\n<p>\u00a0<\/p>\n","protected":false},"excerpt":{"rendered":"<p>\u00a0<\/p>\n<p align=\"LEFT\"><span style=\"font-family: 'Times New Roman', serif;\"><span style=\"font-size: small;\">Wino jest wykonywane z odmiany Bobala i Syraha<\/span><\/span><\/p>\n<p align=\"LEFT\"><span style=\"font-family: 'Times New Roman', serif;\"><span style=\"font-size: small;\">winogron, kt\u00f3re s\u0105 starannie wybrane z uprawy winoro\u015bli, kt\u00f3re<\/span><\/span><\/p>\n<p align=\"LEFT\"><span style=\"font-family: 'Times New Roman', serif;\"><span style=\"font-size: small;\">s\u0105 istot\u0105 naszych winnic. Wino dojrzewa 3 miesi\u0105ce w beczce d\u0119bowej. <\/span><\/span><\/p>\n<p align=\"LEFT\"><span style=\"font-family: 'Times New Roman', serif;\"><span style=\"font-size: small;\">Esencja naszej\u00a0<\/span><\/span><span style=\"font-family: 'Times New Roman', serif;\"><span style=\"font-size: small;\">pasji do wina przekazywana jest z pokolenia na pokolenie.<\/span><\/span><\/p>\n<p align=\"LEFT\">\u00a0<\/p>\n<p align=\"LEFT\"><span style=\"font-family: 'Times New Roman', serif;\"><span style=\"font-size: small;\">To nowoczesne, eleganckie wino o intensywnym kolorze<\/span><\/span><\/p>\n<p align=\"LEFT\"><span style=\"font-family: 'Times New Roman', serif;\"><span style=\"font-size: small;\">z fioletowymi odcieniami.\u00a0<\/span><\/span><\/p>\n<p align=\"LEFT\"><span style=\"font-family: 'Times New Roman', serif;\"><span style=\"font-size: small;\">Owocowe i bogate odcienie wi\u015bni z wysokiej kwasowo\u015bci. W<\/span><\/span><\/p>\n<p align=\"LEFT\"><span style=\"font-family: 'Times New Roman', serif;\"><span style=\"font-size: small;\">nos przedstawia szereg dzikich owoc\u00f3w oraz<\/span><\/span><\/p>\n<p align=\"LEFT\"><span style=\"font-family: 'Times New Roman', serif;\"><span style=\"font-size: small;\">aromat\u00f3w d\u0119bowych.<\/span><\/span><\/p>\n<p align=\"LEFT\"><span style=\"font-family: 'Times New Roman', serif;\"><span style=\"font-size: small;\">W ustach taniny s\u0105 mi\u0119siste i smakowite,<\/span><\/span><\/p>\n<p align=\"LEFT\"><span style=\"font-family: 'Times New Roman', serif;\"><span style=\"font-size: small;\">z doskona\u0142ym po\u0142\u0105czeniem \u015blad\u00f3w \u015bwie\u017cych owoc\u00f3w, o g\u0142adkim, zr\u00f3wnowa\u017conym i pe\u0142nym charakteru smaku<\/span><\/span><\/p>\n<p align=\"LEFT\">\u00a0<\/p>\n<p align=\"LEFT\"><span style=\"font-family: 'Times New Roman', serif;\"><span style=\"font-size: small;\">Polecane do grillowanych ryb, czerwonych mi\u0119s i twardych ser\u00f3w.<\/span><\/span><\/p>\n<p align=\"LEFT\"><span style=\"font-family: 'Times New Roman', serif;\"><span style=\"font-size: small;\">Najlepiej podawane na zimno (14-16\u00ba C)<\/span><\/span><\/p>\n<p>\u00a0<\/p>\n","protected":false},"featured_media":18901,"comment_status":"open","ping_status":"closed","template":"","meta":[],"product_cat":[15],"product_tag":[],"class_list":{"0":"post-53085","1":"product","2":"type-product","3":"status-publish","4":"has-post-thumbnail","6":"product_cat-inne","8":"first","9":"instock","10":"shipping-taxable","11":"purchasable","12":"product-type-simple"},"_links":{"self":[{"href":"https:\/\/hurt.wineport.pl\/index.php?rest_route=\/wp\/v2\/product\/53085","targetHints":{"allow":["GET"]}}],"collection":[{"href":"https:\/\/hurt.wineport.pl\/index.php?rest_route=\/wp\/v2\/product"}],"about":[{"href":"https:\/\/hurt.wineport.pl\/index.php?rest_route=\/wp\/v2\/types\/product"}],"replies":[{"embeddable":true,"href":"https:\/\/hurt.wineport.pl\/index.php?rest_route=%2Fwp%2Fv2%2Fcomments&post=53085"}],"wp:featuredmedia":[{"embeddable":true,"href":"https:\/\/hurt.wineport.pl\/index.php?rest_route=\/wp\/v2\/media\/18901"}],"wp:attachment":[{"href":"https:\/\/hurt.wineport.pl\/index.php?rest_route=%2Fwp%2Fv2%2Fmedia&parent=53085"}],"wp:term":[{"taxonomy":"product_cat","embeddable":true,"href":"https:\/\/hurt.wineport.pl\/index.php?rest_route=%2Fwp%2Fv2%2Fproduct_cat&post=53085"},{"taxonomy":"product_tag","embeddable":true,"href":"https:\/\/hurt.wineport.pl\/index.php?rest_route=%2Fwp%2Fv2%2Fproduct_tag&post=53085"}],"curies":[{"name":"wp","href":"https:\/\/api.w.org\/{rel}","templated":true}]}}