{"id":53128,"date":"2026-04-06T00:06:40","date_gmt":"2026-04-05T22:06:40","guid":{"rendered":"https:\/\/hurt.wineport.pl\/?product=wino-riesling-reserve-auslese-b-w-075l-97"},"modified":"2026-04-06T00:06:40","modified_gmt":"2026-04-05T22:06:40","slug":"wino-riesling-reserve-auslese-b-w-075l-97","status":"publish","type":"product","link":"https:\/\/hurt.wineport.pl\/?product=wino-riesling-reserve-auslese-b-w-075l-97","title":{"rendered":"Wino Riesling Reserve Auslese b\/w 0,75L"},"content":{"rendered":"<p>Winnica Rudi R\u00fcttger zosta\u0142a za\u0142o\u017cona w 1643r.<\/p>\n<p>Vintage: 2017<br \/>Kraj: Niemcy<br \/>Region: Pfalz<br \/>Alkohol: 12,5% obj<br \/>P\u00f3\u017ane zbiory naszych najlepszych winogron ze starych winoro\u015bli,<br \/>uprawiane na l\u00f6ss &#8211; gleba.<br \/>10 godzin maceracji, 2-tygodniowa fermentacja,<br \/>7 miesi\u0119cy sur-lie.<br \/>Intensywna, zazwyczaj wysoka kwasowo\u015b\u0107 Rieslinga.<br \/>Mimo to smakuje do\u015b\u0107 g\u0142adko i harmonijnie.<br \/>Z\u0142o\u017cone, d\u0142ugie wyko\u0144czenie. Dojrza\u0142e aromaty.<br \/>Potencja\u0142 starzenia: 2023<br \/>Serwowa\u0107 do wo\u0142owiny i pikantnych ser\u00f3w.<br \/>Zalecana temperatura serwowania: 11-12 \u00b0 C.<\/p>\n","protected":false},"excerpt":{"rendered":"<p>Winnica Rudi R\u00fcttger zosta\u0142a za\u0142o\u017cona w 1643r.<\/p>\n<p>Vintage: 2017<br \/>Kraj: Niemcy<br \/>Region: Pfalz<br \/>Alkohol: 12,5% obj<br \/>P\u00f3\u017ane zbiory naszych najlepszych winogron ze starych winoro\u015bli,<br \/>uprawiane na l\u00f6ss &#8211; gleba.<br \/>10 godzin maceracji, 2-tygodniowa fermentacja,<br \/>7 miesi\u0119cy sur-lie.<br \/>Intensywna, zazwyczaj wysoka kwasowo\u015b\u0107 Rieslinga.<br \/>Mimo to smakuje do\u015b\u0107 g\u0142adko i harmonijnie.<br \/>Z\u0142o\u017cone, d\u0142ugie wyko\u0144czenie. Dojrza\u0142e aromaty.<br \/>Potencja\u0142 starzenia: 2023<br \/>Serwowa\u0107 do wo\u0142owiny i pikantnych ser\u00f3w.<br \/>Zalecana temperatura serwowania: 11-12 \u00b0 C.<\/p>\n","protected":false},"featured_media":19030,"comment_status":"open","ping_status":"closed","template":"","meta":[],"product_cat":[15],"product_tag":[],"class_list":{"0":"post-53128","1":"product","2":"type-product","3":"status-publish","4":"has-post-thumbnail","6":"product_cat-inne","8":"first","9":"instock","10":"sale","11":"shipping-taxable","12":"purchasable","13":"product-type-simple"},"_links":{"self":[{"href":"https:\/\/hurt.wineport.pl\/index.php?rest_route=\/wp\/v2\/product\/53128","targetHints":{"allow":["GET"]}}],"collection":[{"href":"https:\/\/hurt.wineport.pl\/index.php?rest_route=\/wp\/v2\/product"}],"about":[{"href":"https:\/\/hurt.wineport.pl\/index.php?rest_route=\/wp\/v2\/types\/product"}],"replies":[{"embeddable":true,"href":"https:\/\/hurt.wineport.pl\/index.php?rest_route=%2Fwp%2Fv2%2Fcomments&post=53128"}],"wp:featuredmedia":[{"embeddable":true,"href":"https:\/\/hurt.wineport.pl\/index.php?rest_route=\/wp\/v2\/media\/19030"}],"wp:attachment":[{"href":"https:\/\/hurt.wineport.pl\/index.php?rest_route=%2Fwp%2Fv2%2Fmedia&parent=53128"}],"wp:term":[{"taxonomy":"product_cat","embeddable":true,"href":"https:\/\/hurt.wineport.pl\/index.php?rest_route=%2Fwp%2Fv2%2Fproduct_cat&post=53128"},{"taxonomy":"product_tag","embeddable":true,"href":"https:\/\/hurt.wineport.pl\/index.php?rest_route=%2Fwp%2Fv2%2Fproduct_tag&post=53128"}],"curies":[{"name":"wp","href":"https:\/\/api.w.org\/{rel}","templated":true}]}}