{"id":53155,"date":"2026-04-06T00:07:39","date_gmt":"2026-04-05T22:07:39","guid":{"rendered":"https:\/\/hurt.wineport.pl\/?product=wino-promesa-tempranillo-d-o-c-rioja-075l-97"},"modified":"2026-04-06T00:07:39","modified_gmt":"2026-04-05T22:07:39","slug":"wino-promesa-tempranillo-d-o-c-rioja-075l-97","status":"publish","type":"product","link":"https:\/\/hurt.wineport.pl\/?product=wino-promesa-tempranillo-d-o-c-rioja-075l-97","title":{"rendered":"Wino Promesa Tempranillo D.O.C. RIOJA 0,75L"},"content":{"rendered":"<p>Region: Rioja Alta i Rioja Alavesa producent posiada 2 posiad\u0142o\u015bci w tych regionach,\u00a0w\u0142a\u015bnie z region\u00f3w Rioja Alta i Rioja Alavesa\u00a0pochodz\u0105 wszystkie najlepsze wina z Rioja!<\/p>\n<p>Szczep: 100% Tempranillo<\/p>\n<p>Zawarto\u015b\u0107 alkoholu: 12,5%<\/p>\n<p>Kolor:<\/p>\n<p>\u015arednio-du\u017ca intensywno\u015b\u0107. Niebieskie i fioletowe tony.\u00a0<\/p>\n<p>Zapach:<\/p>\n<p>Du\u017ca intensywno\u015b\u0107, wyczuwalny typowy dla win z tego regionu charakter. Czerwone i czarne owoce- g\u0142\u00f3wnie je\u017cyny i maliny- zmieszane z nutami mlecznymi.<\/p>\n<p>Smak:<\/p>\n<p>Bardzo delikatne w smaku, kr\u0105g\u0142e, z d\u0142ugim finiszem.<\/p>\n<p>Nale\u017cy podawa\u0107 z:<\/p>\n<p>delikatnymi pasztetami, fondue serowym, bia\u0142ym mi\u0119sem, a nawet ryb\u0105 w sosie.<\/p>\n","protected":false},"excerpt":{"rendered":"<p>Region: Rioja Alta i Rioja Alavesa producent posiada 2 posiad\u0142o\u015bci w tych regionach,\u00a0w\u0142a\u015bnie z region\u00f3w Rioja Alta i Rioja Alavesa\u00a0pochodz\u0105 wszystkie najlepsze wina z Rioja!<\/p>\n<p>Szczep: 100% Tempranillo<\/p>\n<p>Zawarto\u015b\u0107 alkoholu: 12,5%<\/p>\n<p>Kolor:<\/p>\n<p>\u015arednio-du\u017ca intensywno\u015b\u0107. Niebieskie i fioletowe tony.\u00a0<\/p>\n<p>Zapach:<\/p>\n<p>Du\u017ca intensywno\u015b\u0107, wyczuwalny typowy dla win z tego regionu charakter. Czerwone i czarne owoce- g\u0142\u00f3wnie je\u017cyny i maliny- zmieszane z nutami mlecznymi.<\/p>\n<p>Smak:<\/p>\n<p>Bardzo delikatne w smaku, kr\u0105g\u0142e, z d\u0142ugim finiszem.<\/p>\n<p>Nale\u017cy podawa\u0107 z:<\/p>\n<p>delikatnymi pasztetami, fondue serowym, bia\u0142ym mi\u0119sem, a nawet ryb\u0105 w sosie.<\/p>\n","protected":false},"featured_media":19111,"comment_status":"open","ping_status":"closed","template":"","meta":[],"product_cat":[15],"product_tag":[],"class_list":{"0":"post-53155","1":"product","2":"type-product","3":"status-publish","4":"has-post-thumbnail","6":"product_cat-inne","8":"first","9":"instock","10":"sale","11":"shipping-taxable","12":"purchasable","13":"product-type-simple"},"_links":{"self":[{"href":"https:\/\/hurt.wineport.pl\/index.php?rest_route=\/wp\/v2\/product\/53155","targetHints":{"allow":["GET"]}}],"collection":[{"href":"https:\/\/hurt.wineport.pl\/index.php?rest_route=\/wp\/v2\/product"}],"about":[{"href":"https:\/\/hurt.wineport.pl\/index.php?rest_route=\/wp\/v2\/types\/product"}],"replies":[{"embeddable":true,"href":"https:\/\/hurt.wineport.pl\/index.php?rest_route=%2Fwp%2Fv2%2Fcomments&post=53155"}],"wp:featuredmedia":[{"embeddable":true,"href":"https:\/\/hurt.wineport.pl\/index.php?rest_route=\/wp\/v2\/media\/19111"}],"wp:attachment":[{"href":"https:\/\/hurt.wineport.pl\/index.php?rest_route=%2Fwp%2Fv2%2Fmedia&parent=53155"}],"wp:term":[{"taxonomy":"product_cat","embeddable":true,"href":"https:\/\/hurt.wineport.pl\/index.php?rest_route=%2Fwp%2Fv2%2Fproduct_cat&post=53155"},{"taxonomy":"product_tag","embeddable":true,"href":"https:\/\/hurt.wineport.pl\/index.php?rest_route=%2Fwp%2Fv2%2Fproduct_tag&post=53155"}],"curies":[{"name":"wp","href":"https:\/\/api.w.org\/{rel}","templated":true}]}}