{"id":53243,"date":"2026-04-06T00:11:42","date_gmt":"2026-04-05T22:11:42","guid":{"rendered":"https:\/\/hurt.wineport.pl\/?product=wino-rudi-ruttger-spatburgunder-reserve-97"},"modified":"2026-04-06T00:11:42","modified_gmt":"2026-04-05T22:11:42","slug":"wino-rudi-ruttger-spatburgunder-reserve-97","status":"publish","type":"product","link":"https:\/\/hurt.wineport.pl\/?product=wino-rudi-ruttger-spatburgunder-reserve-97","title":{"rendered":"Wino Rudi R\u00fcttger Sp\u00e4tburgunder Reserve"},"content":{"rendered":"<p>Wino Rudi R\u00fcttger Neuleininger Sonnenberg Sp\u00e4tburgunder Reserve to wyj\u0105tkowe czerwone wino produkowane przez winiarni\u0119 Rudi R\u00fcttger, kt\u00f3ra znajduje si\u0119 w regionie Neuleiningen w Niemczech.\u00a0Wino to jest produkowane z odmiany winogron Sp\u00e4tburgunder, co w niemieckiej enologii oznacza Pinot Noir. Jest to popularna odmiana czerwonych winogron, kt\u00f3ra znana jest z delikatnego smaku i aromatu.\u00a0Winogrona u\u017cywane do produkcji tego wina pochodz\u0105 z winnicy Sonnenberg, kt\u00f3ra jest po\u0142o\u017cona w okolicy Neuleiningen. Teren ten charakteryzuje si\u0119 korzystnym klimatem i glebami, kt\u00f3re sprzyjaj\u0105 doskona\u0142emu dojrzewaniu winogron, nadaj\u0105c winu wyj\u0105tkowy charakter i bogactwo smaku.\u00a0 Rudi R\u00fcttger Neuleininger Sonnenberg Sp\u00e4tburgunder Reserve prawdopodobnie cechuje si\u0119 g\u0142\u0119bokim czerwonym kolorem i intensywnymi aromatami czerwonych owoc\u00f3w, takich jak czere\u015bnie, truskawki i maliny. W smaku mo\u017ce by\u0107 pe\u0142ne, z dobrze zintegrowanymi taninami i d\u0142ugim, zadowalaj\u0105cym finiszem.<\/p>\n","protected":false},"excerpt":{"rendered":"<p>Wino Rudi R\u00fcttger Sp\u00e4tburgunder Reserve to wyj\u0105tkowe czerwone wino produkowane przez winiarni\u0119 Rudi R\u00fcttger, kt\u00f3ra znajduje si\u0119 w regionie Neuleiningen w Niemczech.\u00a0Wino to jest produkowane z odmiany winogron Sp\u00e4tburgunder, co w niemieckiej enologii oznacza Pinot Noir. Jest to popularna odmiana czerwonych winogron, kt\u00f3ra znana jest z delikatnego smaku i aromatu.\u00a0Winogrona u\u017cywane do produkcji tego wina pochodz\u0105 z winnicy Sonnenberg, kt\u00f3ra jest po\u0142o\u017cona w okolicy Neuleiningen. Teren ten charakteryzuje si\u0119 korzystnym klimatem i glebami, kt\u00f3re sprzyjaj\u0105 doskona\u0142emu dojrzewaniu winogron, nadaj\u0105c winu wyj\u0105tkowy charakter i bogactwo smaku.\u00a0\u00a0Rudi R\u00fcttger Neuleininger Sonnenberg Sp\u00e4tburgunder Reserve prawdopodobnie cechuje si\u0119 g\u0142\u0119bokim czerwonym kolorem i intensywnymi aromatami czerwonych owoc\u00f3w, takich jak czere\u015bnie, truskawki i maliny. W smaku mo\u017ce by\u0107 pe\u0142ne, z dobrze zintegrowanymi taninami i d\u0142ugim, zadowalaj\u0105cym finiszem.<\/p>\n","protected":false},"featured_media":19375,"comment_status":"open","ping_status":"closed","template":"","meta":[],"product_cat":[323],"product_tag":[],"class_list":{"0":"post-53243","1":"product","2":"type-product","3":"status-publish","4":"has-post-thumbnail","6":"product_cat-rudi-ruttger","8":"first","9":"instock","10":"sale","11":"shipping-taxable","12":"purchasable","13":"product-type-simple"},"_links":{"self":[{"href":"https:\/\/hurt.wineport.pl\/index.php?rest_route=\/wp\/v2\/product\/53243","targetHints":{"allow":["GET"]}}],"collection":[{"href":"https:\/\/hurt.wineport.pl\/index.php?rest_route=\/wp\/v2\/product"}],"about":[{"href":"https:\/\/hurt.wineport.pl\/index.php?rest_route=\/wp\/v2\/types\/product"}],"replies":[{"embeddable":true,"href":"https:\/\/hurt.wineport.pl\/index.php?rest_route=%2Fwp%2Fv2%2Fcomments&post=53243"}],"wp:featuredmedia":[{"embeddable":true,"href":"https:\/\/hurt.wineport.pl\/index.php?rest_route=\/wp\/v2\/media\/19375"}],"wp:attachment":[{"href":"https:\/\/hurt.wineport.pl\/index.php?rest_route=%2Fwp%2Fv2%2Fmedia&parent=53243"}],"wp:term":[{"taxonomy":"product_cat","embeddable":true,"href":"https:\/\/hurt.wineport.pl\/index.php?rest_route=%2Fwp%2Fv2%2Fproduct_cat&post=53243"},{"taxonomy":"product_tag","embeddable":true,"href":"https:\/\/hurt.wineport.pl\/index.php?rest_route=%2Fwp%2Fv2%2Fproduct_tag&post=53243"}],"curies":[{"name":"wp","href":"https:\/\/api.w.org\/{rel}","templated":true}]}}