{"id":54624,"date":"2026-05-04T01:26:40","date_gmt":"2026-05-03T23:26:40","guid":{"rendered":"https:\/\/hurt.wineport.pl\/?product=wino-rudi-ruttger-gewurztraminer-reserve-101"},"modified":"2026-05-04T01:26:40","modified_gmt":"2026-05-03T23:26:40","slug":"wino-rudi-ruttger-gewurztraminer-reserve-101","status":"publish","type":"product","link":"https:\/\/hurt.wineport.pl\/?product=wino-rudi-ruttger-gewurztraminer-reserve-101","title":{"rendered":"Wino Rudi Ruttger Gewurztraminer Reserve"},"content":{"rendered":"<p>Wino Rudi R\u00fcttger Gew\u00fcrztraminer Reserve to wyj\u0105tkowe bia\u0142e wino produkowane przez renomowan\u0105 winnic\u0119 Rudi R\u00fcttger.\u00a0Wino Rudi R\u00fcttger Gew\u00fcrztraminer Reserve zachwyca wyj\u0105tkowo pe\u0142nym, aksamitnym smakiem, w kt\u00f3rym wyra\u017anie wyczuwalne s\u0105 nuty egzotycznych owoc\u00f3w i kwiat\u00f3w, wsparte delikatn\u0105 s\u0142odycz\u0105. Wino jest dobrze zr\u00f3wnowa\u017cone, z przyjemn\u0105 kwasowo\u015bci\u0105 i d\u0142ugim, aromatycznym finiszem.\u00a0To wino wyra\u017ca charakter odmiany Gew\u00fcrztraminer w pe\u0142nej krasie, prezentuj\u0105c jej typowe cechy, takie jak intensywne aromaty i bogaty smak. Jest to idealny wyb\u00f3r dla mi\u0142o\u015bnik\u00f3w bia\u0142ych win o wyrazistym charakterze, poszukuj\u0105cych czego\u015b niezwyk\u0142ego i aromatycznego. W skr\u00f3cie, Rudi R\u00fcttger Gew\u00fcrztraminer Reserve to wyj\u0105tkowe wino, kt\u00f3re zachwyca intensywnymi aromatami, bogatym smakiem i eleganckim charakterem. To doskona\u0142y wyb\u00f3r dla mi\u0142o\u015bnik\u00f3w bia\u0142ych win poszukuj\u0105cych czego\u015b wyj\u0105tkowego i aromatycznego.<\/p>\n<div class=\"flex-1 overflow-hidden\">\n<div class=\"react-scroll-to-bottom--css-riric-79elbk h-full\">\n<div class=\"react-scroll-to-bottom--css-riric-1n7m0yu\">\n<div class=\"flex flex-col text-sm pb-9\">\n<div class=\"w-full text-token-text-primary\" data-testid=\"conversation-turn-206\">\n<div class=\"px-4 py-2 justify-center text-base md:gap-6 m-auto\">\n<div class=\"flex flex-1 text-base mx-auto gap-3 md:px-5 lg:px-1 xl:px-5 md:max-w-3xl lg:max-w-[40rem] xl:max-w-[48rem] group final-completion\">\n<div class=\"relative flex w-full flex-col agent-turn\">\n<div class=\"flex-col gap-1 md:gap-3\">\n<div class=\"mt-1 flex justify-start gap-3 empty:hidden\">\u00a0<\/div>\n<div class=\"pr-2 lg:pr-0\">\u00a0<\/div>\n<\/p><\/div>\n<\/p><\/div>\n<\/p><\/div>\n<\/p><\/div>\n<\/p><\/div>\n<\/p><\/div>\n<\/p><\/div>\n<\/p><\/div>\n<\/p><\/div>\n<div class=\"w-full pt-2 md:pt-0 dark:border-white\/20 md:border-transparent md:dark:border-transparent md:w-[calc(100%-.5rem)]\">\u00a0<\/div>\n","protected":false},"excerpt":{"rendered":"<p>Wino Rudi R\u00fcttger Gew\u00fcrztraminer Reserve to wyj\u0105tkowe bia\u0142e wino produkowane przez renomowan\u0105 winnic\u0119 Rudi R\u00fcttger.\u00a0Wino Rudi R\u00fcttger Gew\u00fcrztraminer Reserve zachwyca wyj\u0105tkowo pe\u0142nym, aksamitnym smakiem, w kt\u00f3rym wyra\u017anie wyczuwalne s\u0105 nuty egzotycznych owoc\u00f3w i kwiat\u00f3w, wsparte delikatn\u0105 s\u0142odycz\u0105. Wino jest dobrze zr\u00f3wnowa\u017cone, z przyjemn\u0105 kwasowo\u015bci\u0105 i d\u0142ugim, aromatycznym finiszem.\u00a0To wino wyra\u017ca charakter odmiany Gew\u00fcrztraminer w pe\u0142nej krasie, prezentuj\u0105c jej typowe cechy, takie jak intensywne aromaty i bogaty smak. Jest to idealny wyb\u00f3r dla mi\u0142o\u015bnik\u00f3w bia\u0142ych win o wyrazistym charakterze, poszukuj\u0105cych czego\u015b niezwyk\u0142ego i aromatycznego. W skr\u00f3cie, Rudi R\u00fcttger Gew\u00fcrztraminer Reserve to wyj\u0105tkowe wino, kt\u00f3re zachwyca intensywnymi aromatami, bogatym smakiem i eleganckim charakterem. To doskona\u0142y wyb\u00f3r dla mi\u0142o\u015bnik\u00f3w bia\u0142ych win poszukuj\u0105cych czego\u015b wyj\u0105tkowego i aromatycznego.<\/p>\n<div class=\"flex-1 overflow-hidden\">\n<div class=\"react-scroll-to-bottom--css-riric-79elbk h-full\">\n<div class=\"react-scroll-to-bottom--css-riric-1n7m0yu\">\n<div class=\"flex flex-col text-sm pb-9\">\n<div class=\"w-full text-token-text-primary\" data-testid=\"conversation-turn-206\">\n<div class=\"px-4 py-2 justify-center text-base md:gap-6 m-auto\">\n<div class=\"flex flex-1 text-base mx-auto gap-3 md:px-5 lg:px-1 xl:px-5 md:max-w-3xl lg:max-w-[40rem] xl:max-w-[48rem] group final-completion\">\n<div class=\"relative flex w-full flex-col agent-turn\">\n<div class=\"flex-col gap-1 md:gap-3\">\n<div class=\"mt-1 flex justify-start gap-3 empty:hidden\">\u00a0<\/div>\n<\/p><\/div>\n<\/p><\/div>\n<\/p><\/div>\n<\/p><\/div>\n<\/p><\/div>\n<\/p><\/div>\n<\/p><\/div>\n<\/p><\/div>\n<\/p><\/div>\n","protected":false},"featured_media":19378,"comment_status":"open","ping_status":"closed","template":"","meta":[],"product_cat":[323],"product_tag":[],"class_list":{"0":"post-54624","1":"product","2":"type-product","3":"status-publish","4":"has-post-thumbnail","6":"product_cat-rudi-ruttger","8":"first","9":"instock","10":"sale","11":"shipping-taxable","12":"purchasable","13":"product-type-simple"},"_links":{"self":[{"href":"https:\/\/hurt.wineport.pl\/index.php?rest_route=\/wp\/v2\/product\/54624","targetHints":{"allow":["GET"]}}],"collection":[{"href":"https:\/\/hurt.wineport.pl\/index.php?rest_route=\/wp\/v2\/product"}],"about":[{"href":"https:\/\/hurt.wineport.pl\/index.php?rest_route=\/wp\/v2\/types\/product"}],"replies":[{"embeddable":true,"href":"https:\/\/hurt.wineport.pl\/index.php?rest_route=%2Fwp%2Fv2%2Fcomments&post=54624"}],"wp:featuredmedia":[{"embeddable":true,"href":"https:\/\/hurt.wineport.pl\/index.php?rest_route=\/wp\/v2\/media\/19378"}],"wp:attachment":[{"href":"https:\/\/hurt.wineport.pl\/index.php?rest_route=%2Fwp%2Fv2%2Fmedia&parent=54624"}],"wp:term":[{"taxonomy":"product_cat","embeddable":true,"href":"https:\/\/hurt.wineport.pl\/index.php?rest_route=%2Fwp%2Fv2%2Fproduct_cat&post=54624"},{"taxonomy":"product_tag","embeddable":true,"href":"https:\/\/hurt.wineport.pl\/index.php?rest_route=%2Fwp%2Fv2%2Fproduct_tag&post=54624"}],"curies":[{"name":"wp","href":"https:\/\/api.w.org\/{rel}","templated":true}]}}